{"id":98,"date":"2015-10-11T15:44:32","date_gmt":"2015-10-11T15:44:32","guid":{"rendered":"http:\/\/keskipalokankoulu.net\/ops\/?page_id=98"},"modified":"2024-08-19T10:33:11","modified_gmt":"2024-08-19T10:33:11","slug":"tieto-ja-viestintatekniikan-strategia","status":"publish","type":"page","link":"https:\/\/keskipalokankoulu.net\/ops\/tieto-ja-viestintatekniikan-strategia\/","title":{"rendered":"Tieto- ja viestint\u00e4tekniikan strategia"},"content":{"rendered":"<h3>\u00a0Strategiset valinnat:<\/h3>\n<ul>\n<li>Jokaisessa perusluokassa, kielenluokassa ja erityisopetusluokassa on useaa yht\u00e4aikaista ohjainta (sormi tai kyn\u00e4) tukeva aktiivitaulu, dataprojektori, dokumenttikamera ja \u00e4\u00e4nentoistoj\u00e4rjestelm\u00e4.<\/li>\n<li>Koulussa on yhteisen\u00e4 n. 30 iPad mini -laitetta sek\u00e4 n. 30 PC-tablettia<\/li>\n<li>Luokkien 3-6 suhteen pyrit\u00e4\u00e4n tilanteeseen, jossa k\u00e4yt\u00f6ss\u00e4 on yksi PC kahta oppilasta kohden<\/li>\n<li>Jokaisella opettajalla on oppilask\u00e4ytt\u00f6\u00f6n tarkoitettu iPad mini.\n<ul>\n<li>Tavoitteena lis\u00e4t\u00e4 koulun laitteiden m\u00e4\u00e4r\u00e4\u00e4 ja kehitt\u00e4\u00e4 mahdollisuuksia oppilaiden omien laitteiden k\u00e4ytt\u00f6\u00f6n.<\/li>\n<\/ul>\n<\/li>\n<li>Jokaisella oppilaalla on oma k\u00e4ytt\u00e4j\u00e4tunnus koulun verkkoon.<\/li>\n<li>koneissa on Microsoft Office -ohjelmistot MSA-lisenssin mukaisesti sek\u00e4 erilaisia opetusohjelmia<\/li>\n<li>Koulussa on digitaalinen info-TV -j\u00e4rjestelm\u00e4, jota k\u00e4ytet\u00e4\u00e4n ensisijaisena tiedotuskanavana koulun sis\u00e4isess\u00e4 viestinn\u00e4ss\u00e4<\/li>\n<li>Wilma-j\u00e4rjestelm\u00e4\u00e4 k\u00e4ytet\u00e4\u00e4n kodin ja koulun v\u00e4lisen yhteisty\u00f6n v\u00e4lineen\u00e4<\/li>\n<\/ul>\n<p><a href=\"https:\/\/eperusteet.opintopolku.fi\/#\/fi\/opetussuunnitelma\/22644783\/perusopetus\/tekstikappale\/28718377\">Jyv\u00e4skyl\u00e4n kaupungin opetussuunnitelma: Tieto- ja viestint\u00e4teknologinen osaaminen<\/a><\/p>\n","protected":false},"excerpt":{"rendered":"<p>\u00a0Strategiset valinnat: Jokaisessa perusluokassa, kielenluokassa ja erityisopetusluokassa on useaa yht\u00e4aikaista ohjainta (sormi tai kyn\u00e4) tukeva aktiivitaulu, dataprojektori, dokumenttikamera ja \u00e4\u00e4nentoistoj\u00e4rjestelm\u00e4. Koulussa on yhteisen\u00e4 n. 30 iPad mini -laitetta sek\u00e4 n. 30 PC-tablettia Luokkien 3-6 suhteen pyrit\u00e4\u00e4n tilanteeseen, jossa k\u00e4yt\u00f6ss\u00e4 on yksi PC kahta oppilasta kohden Jokaisella opettajalla on oppilask\u00e4ytt\u00f6\u00f6n tarkoitettu iPad mini. Tavoitteena lis\u00e4t\u00e4 koulun &hellip; <a href=\"https:\/\/keskipalokankoulu.net\/ops\/tieto-ja-viestintatekniikan-strategia\/\" class=\"more-link\">Continue reading <span class=\"screen-reader-text\">Tieto- ja viestint\u00e4tekniikan strategia<\/span> <span class=\"meta-nav\">&rarr;<\/span><\/a><\/p>\n","protected":false},"author":2,"featured_media":0,"parent":0,"menu_order":0,"comment_status":"closed","ping_status":"closed","template":"","meta":{"footnotes":""},"class_list":["post-98","page","type-page","status-publish","hentry"],"_links":{"self":[{"href":"https:\/\/keskipalokankoulu.net\/ops\/wp-json\/wp\/v2\/pages\/98","targetHints":{"allow":["GET"]}}],"collection":[{"href":"https:\/\/keskipalokankoulu.net\/ops\/wp-json\/wp\/v2\/pages"}],"about":[{"href":"https:\/\/keskipalokankoulu.net\/ops\/wp-json\/wp\/v2\/types\/page"}],"author":[{"embeddable":true,"href":"https:\/\/keskipalokankoulu.net\/ops\/wp-json\/wp\/v2\/users\/2"}],"replies":[{"embeddable":true,"href":"https:\/\/keskipalokankoulu.net\/ops\/wp-json\/wp\/v2\/comments?post=98"}],"version-history":[{"count":8,"href":"https:\/\/keskipalokankoulu.net\/ops\/wp-json\/wp\/v2\/pages\/98\/revisions"}],"predecessor-version":[{"id":1243,"href":"https:\/\/keskipalokankoulu.net\/ops\/wp-json\/wp\/v2\/pages\/98\/revisions\/1243"}],"wp:attachment":[{"href":"https:\/\/keskipalokankoulu.net\/ops\/wp-json\/wp\/v2\/media?parent=98"}],"curies":[{"name":"wp","href":"https:\/\/api.w.org\/{rel}","templated":true}]}}