{"id":92,"date":"2015-10-11T15:41:15","date_gmt":"2015-10-11T15:41:15","guid":{"rendered":"http:\/\/keskipalokankoulu.net\/ops\/?page_id=92"},"modified":"2019-01-28T12:03:50","modified_gmt":"2019-01-28T12:03:50","slug":"oppilaskunta","status":"publish","type":"page","link":"https:\/\/keskipalokankoulu.net\/ops\/oppilaskunta\/","title":{"rendered":"Oppilaskunta"},"content":{"rendered":"<p><strong>Perusopetuslain<\/strong> mukaan (<a href=\"http:\/\/www.finlex.fi\/fi\/laki\/ajantasa\/1998\/19980628\">Perusopetuslaki<\/a> \u00a747a) koulun oppilaiden tulee j\u00e4rjest\u00e4yty\u00e4 oppilaskunnaksi.&nbsp;Kaikki koulun oppilaat kuuluvat oppilaskuntaan. Oppilaskunnan teht\u00e4v\u00e4n\u00e4 on ohjata <strong>oppilaat tekem\u00e4\u00e4n yhteisty\u00f6t\u00e4 kesken\u00e4\u00e4n, parantaa oppilaiden asemaa koulussa ja edist\u00e4\u00e4 harrastustoimintaa<\/strong><strong> sek\u00e4 vastuuta yhteisten asioiden hoidosta.<\/strong><\/p>\n<p>Keski-Palokan koulun&nbsp;<strong>oppilaskunta<\/strong>&nbsp;valitsee&nbsp;<strong>oppilaskunnan hallituksen<\/strong>. Oppilaskuntatoiminnan tavoitteena on opettaa yhteisty\u00f6t\u00e4, kehitt\u00e4\u00e4 oppilaiden kykyj\u00e4 ja taitoja toimia omien ryhmiens\u00e4 edustajina ja harjaantua neuvotteluun perustuvaan yhteistoimintaan.<\/p>\n<p>Oppilaskunnan hallitus toimii kaikkien oppilaiden \u00e4\u00e4nitorvena koulussa. Oppilaskunnan hallitus&nbsp;<strong>ottaa kantaa <\/strong>erilaisiin oppilaita koskeviin ajankohtaisiin asioihin. Oppilaskunnan hallitus laatii&nbsp;<strong>toimintasuunnitelman<\/strong>, jossa ilmenee lukuvuoden aikana toteutettavat tapahtumat. Oppilaat my\u00f6s j\u00e4rjest\u00e4v\u00e4t ja organisoivat tapahtumat ohjaavien opettajien avustuksella. T\u00e4rke\u00e4n\u00e4 osana hallituksen toimintaa on my\u00f6s opetella mielipiteenilmaisua, kokousk\u00e4yt\u00e4nteit\u00e4 sek\u00e4 vastuunkantamista yhteisist\u00e4 asioista.<\/p>\n<p>Keski-Palokan koulun oppilaskunnan hallitukseen valitaan&nbsp;<strong>kaksi j\u00e4sent\u00e4 jokaisesta luokasta kev\u00e4tlukukauden alussa<\/strong>. Kukin luokka valitsee edustajansa&nbsp;<strong>\u00e4\u00e4nest\u00e4m\u00e4ll\u00e4<\/strong>. Edustajista toinen keskittyy ensisijaisesti liikkuvaksi-toimintaan, mutta molemmat edustajat ovat t\u00e4ysivaltaisia hallituksen j\u00e4seni\u00e4 \u00e4\u00e4nestystilanteissa.<\/p>\n<p>Oppilaskunnan&nbsp;<strong>hallitus valitsee keskuudestaan<\/strong><strong> puheenjohtajan ja sihteerin<\/strong>. Oppilaskunnan hallitus kokoontuu aina tarvittaessa ja kokoontuessaan harjoittelee ja k\u00e4ytt\u00e4\u00e4 yhteistoiminnalliseen kokoukseen kuuluvia kokousk\u00e4yt\u00e4nteit\u00e4. Oppilaskunnan hallitus&nbsp;<strong>kokoontuu<\/strong>&nbsp;n. kaksi kertaa kuukaudessa, mutta tarvittaessa useammin.<\/p>\n<p>Keski-Palokan koulun vanhempainyhdistys ry on p\u00e4\u00e4tt\u00e4nyt, ett\u00e4&nbsp;<strong>oppilaskunta voi tilitt\u00e4\u00e4 tapahtuma- ym. tulojaan vanhempainyhdistyksen tilille ja k\u00e4ytt\u00e4\u00e4 n\u00e4in muodostuneita varojaan<\/strong>&nbsp;oppilaskunnan hallituksen p\u00e4\u00e4t\u00f6ksell\u00e4.<\/p>\n<p><a href=\"https:\/\/eperusteet.opintopolku.fi\/#\/fi\/perusopetus\/419550\/tekstikappale\/429341\">Perusopetuksen opetussuunnitelman perusteet 2014: Oppilaiden osallisuus<\/a><\/p>\n","protected":false},"excerpt":{"rendered":"<p>Perusopetuslain mukaan (Perusopetuslaki \u00a747a) koulun oppilaiden tulee j\u00e4rjest\u00e4yty\u00e4 oppilaskunnaksi.&nbsp;Kaikki koulun oppilaat kuuluvat oppilaskuntaan. Oppilaskunnan teht\u00e4v\u00e4n\u00e4 on ohjata oppilaat tekem\u00e4\u00e4n yhteisty\u00f6t\u00e4 kesken\u00e4\u00e4n, parantaa oppilaiden asemaa koulussa ja edist\u00e4\u00e4 harrastustoimintaa sek\u00e4 vastuuta yhteisten asioiden hoidosta. Keski-Palokan koulun&nbsp;oppilaskunta&nbsp;valitsee&nbsp;oppilaskunnan hallituksen. Oppilaskuntatoiminnan tavoitteena on opettaa yhteisty\u00f6t\u00e4, kehitt\u00e4\u00e4 oppilaiden kykyj\u00e4 ja taitoja toimia omien ryhmiens\u00e4 edustajina ja harjaantua neuvotteluun perustuvaan yhteistoimintaan. &hellip; <a href=\"https:\/\/keskipalokankoulu.net\/ops\/oppilaskunta\/\" class=\"more-link\">Continue reading <span class=\"screen-reader-text\">Oppilaskunta<\/span> <span class=\"meta-nav\">&rarr;<\/span><\/a><\/p>\n","protected":false},"author":2,"featured_media":0,"parent":0,"menu_order":0,"comment_status":"closed","ping_status":"closed","template":"","meta":{"footnotes":""},"class_list":["post-92","page","type-page","status-publish","hentry"],"_links":{"self":[{"href":"https:\/\/keskipalokankoulu.net\/ops\/wp-json\/wp\/v2\/pages\/92","targetHints":{"allow":["GET"]}}],"collection":[{"href":"https:\/\/keskipalokankoulu.net\/ops\/wp-json\/wp\/v2\/pages"}],"about":[{"href":"https:\/\/keskipalokankoulu.net\/ops\/wp-json\/wp\/v2\/types\/page"}],"author":[{"embeddable":true,"href":"https:\/\/keskipalokankoulu.net\/ops\/wp-json\/wp\/v2\/users\/2"}],"replies":[{"embeddable":true,"href":"https:\/\/keskipalokankoulu.net\/ops\/wp-json\/wp\/v2\/comments?post=92"}],"version-history":[{"count":6,"href":"https:\/\/keskipalokankoulu.net\/ops\/wp-json\/wp\/v2\/pages\/92\/revisions"}],"predecessor-version":[{"id":770,"href":"https:\/\/keskipalokankoulu.net\/ops\/wp-json\/wp\/v2\/pages\/92\/revisions\/770"}],"wp:attachment":[{"href":"https:\/\/keskipalokankoulu.net\/ops\/wp-json\/wp\/v2\/media?parent=92"}],"curies":[{"name":"wp","href":"https:\/\/api.w.org\/{rel}","templated":true}]}}