{"id":689,"date":"2018-11-08T12:48:20","date_gmt":"2018-11-08T12:48:20","guid":{"rendered":"http:\/\/keskipalokankoulu.net\/ops\/?page_id=689"},"modified":"2018-12-11T07:06:02","modified_gmt":"2018-12-11T07:06:02","slug":"oikeudet-ja-velvollisuudet","status":"publish","type":"page","link":"https:\/\/keskipalokankoulu.net\/ops\/oikeudet-ja-velvollisuudet\/","title":{"rendered":"Oikeudet ja velvollisuudet"},"content":{"rendered":"<p>Keltataustainen teksti on osa Jyv\u00e4skyl\u00e4n kaupungin virallisia koulujen j\u00e4rjestyss\u00e4\u00e4nt\u00f6j\u00e4.<\/p>\n<table style=\"background: #ffff66;\" border=\"0\">\n<tbody>\n<tr>\n<td>\n<h4>Lait ja asetukset<\/h4>\n<p><a href=\"https:\/\/www.finlex.fi\/fi\/laki\/ajantasa\/1998\/19980628\" target=\"_blank\" rel=\"noopener\">Perusopetuslaki<\/a>\u00a0ja\u00a0<a href=\"https:\/\/www.finlex.fi\/fi\/laki\/ajantasa\/1998\/19980852\" target=\"_blank\" rel=\"noopener\">perusopetusasetus<\/a><\/p>\n<p>Oppilaan oikeudet ja velvollisuudet ovat voimassa ajan, jolloin oppilas osallistuu opetussuunnitelman tai opetuksen j\u00e4rjest\u00e4j\u00e4n hyv\u00e4ksym\u00e4n muun suunnitelman mukaiseen opetukseen tai toimintaan.<\/p>\n<div>\n<h4 style=\"background: #ffff66;\">Kasvatuskeskustelu<\/h4>\n<p style=\"background: #ffff66;\">35 a \u00a7 Oppilas, joka h\u00e4iritsee opetusta tai muutoin rikkoo koulun j\u00e4rjestyst\u00e4, menettelee vilpillisesti tai kohtelee muita oppilaita tai koulun henkil\u00f6kuntaa ep\u00e4kunnioittavasti tai heid\u00e4n ihmisarvoaan loukkaavasti, voidaan ensisijaisena toimenpiteen\u00e4 m\u00e4\u00e4r\u00e4t\u00e4 osallistumaan yhteens\u00e4 enint\u00e4\u00e4n kaksi tuntia kest\u00e4v\u00e4\u00e4n kasvatuskeskusteluun. Kasvatuskeskustelu voidaan j\u00e4rjest\u00e4\u00e4 kerralla tai useammassa osassa koulup\u00e4iv\u00e4n aikana tai sen ulkopuolella.<\/p>\n<p style=\"background: #ffff66;\">Kasvatuskeskustelussa yksil\u00f6id\u00e4\u00e4n toimenpiteeseen johtanut teko tai laiminly\u00f6nti yhdess\u00e4 oppilaan kanssa ja tarvittaessa selvitet\u00e4\u00e4n laajemmin k\u00e4ytt\u00e4ytymisen syyt ja seuraukset sek\u00e4 keinot koulussa k\u00e4ytt\u00e4ytymisen ja oppilaan hyvinvoinnin parantamiseksi.<\/p>\n<p style=\"background: #ffff66;\">Kasvatuskeskusteluun m\u00e4\u00e4r\u00e4\u00e4 koulun opettaja tai rehtori. Kasvatuskeskustelu tulee kirjata ja siit\u00e4 tulee ilmoittaa oppilaan huoltajille. Huoltajalle tulee varata mahdollisuus osallistua kasvatuskeskusteluun tai osaan siit\u00e4, jos se 2 momentissa esitetty huomioon ottaen katsotaan tarpeelliseksi.<\/p>\n<h4 style=\"background: #ffff66;\">Oppilaan oikeudet<\/h4>\n<p>Opetukseen osallistuvalla oppilaalla on ty\u00f6p\u00e4ivin\u00e4 oikeus saada<br \/>\nopetussuunnitelman mukaista opetusta sek\u00e4 oppilaanohjausta.<br \/>\n16\u00a7 Opinnoissa tilap\u00e4isesti j\u00e4lkeen j\u00e4\u00e4neille tai muutoin erityist\u00e4 tukea<br \/>\ntarvitseville tulee antaa tukiopetusta.<br \/>\n17\u00a7 Oppilaalla, jolla on lievi\u00e4 oppimis- tai sopeutumisvaikeuksia, on oikeus<br \/>\nsaada erityisopetusta muun opetuksen ohessa.<\/p>\n<h4>Oppilaan velvollisuudet<\/h4>\n<\/div>\n<div>35 \u00a7 Oppilaan tulee osallistua t\u00e4ss\u00e4 laissa s\u00e4\u00e4dettyyn opetukseen johon h\u00e4net on otettu, jollei h\u00e4nelle ole erityisest\u00e4 syyst\u00e4 tilap\u00e4isesti my\u00f6nnetty vapautusta. Oppilaan on suoritettava teht\u00e4v\u00e4ns\u00e4 tunnollisesti ja k\u00e4ytt\u00e4ydytt\u00e4v\u00e4 asiallisesti.<br \/>\n36 \u00a7 Oppilasta, joka rikkoo j\u00e4rjestyst\u00e4, menettelee vilpillisesti tai k\u00e4ytt\u00e4ytyy muuten ep\u00e4asiallisesti, voidaan rangaista kurinpidollisesti.<br \/>\nKurinpitorangaistuksia ovat kirjallinen varoitus ja oppilaan erottaminen enint\u00e4\u00e4n kolmeksi kuukaudeksi.<br \/>\nOpetusta h\u00e4iritsev\u00e4 oppilas voidaan m\u00e4\u00e4r\u00e4t\u00e4 poistumaan luokasta oppitunninj\u00e4ljell\u00e4 olevaksi ajaksi. Ep\u00e4asiallisesti k\u00e4ytt\u00e4ytyv\u00e4 oppilas voidaan m\u00e4\u00e4r\u00e4t\u00e4 enint\u00e4\u00e4n kahden tunnin j\u00e4lki-istuntoon.<br \/>\nKotiteht\u00e4v\u00e4ns\u00e4 laiminly\u00f6nyt oppilas voidaan m\u00e4\u00e4r\u00e4t\u00e4 ty\u00f6p\u00e4iv\u00e4n p\u00e4\u00e4tytty\u00e4 enint\u00e4\u00e4n tunniksi kerrallaan valvonnan alaisena suorittamaan teht\u00e4vi\u00e4\u00e4n.<br \/>\nOpettajat p\u00e4\u00e4tt\u00e4v\u00e4t luokasta poistamisesta, j\u00e4lki-istunnosta ja teht\u00e4vien<br \/>\nsuorittamisesta. Kirjallisen varoituksen antaa rehtori.<\/div>\n<\/td>\n<\/tr>\n<\/tbody>\n<\/table>\n","protected":false},"excerpt":{"rendered":"<p>Keltataustainen teksti on osa Jyv\u00e4skyl\u00e4n kaupungin virallisia koulujen j\u00e4rjestyss\u00e4\u00e4nt\u00f6j\u00e4. Lait ja asetukset Perusopetuslaki\u00a0ja\u00a0perusopetusasetus Oppilaan oikeudet ja velvollisuudet ovat voimassa ajan, jolloin oppilas osallistuu opetussuunnitelman tai opetuksen j\u00e4rjest\u00e4j\u00e4n hyv\u00e4ksym\u00e4n muun suunnitelman mukaiseen opetukseen tai toimintaan. Kasvatuskeskustelu 35 a \u00a7 Oppilas, joka h\u00e4iritsee opetusta tai muutoin rikkoo koulun j\u00e4rjestyst\u00e4, menettelee vilpillisesti tai kohtelee muita oppilaita tai koulun &hellip; <a href=\"https:\/\/keskipalokankoulu.net\/ops\/oikeudet-ja-velvollisuudet\/\" class=\"more-link\">Continue reading <span class=\"screen-reader-text\">Oikeudet ja velvollisuudet<\/span> <span class=\"meta-nav\">&rarr;<\/span><\/a><\/p>\n","protected":false},"author":2,"featured_media":0,"parent":0,"menu_order":0,"comment_status":"closed","ping_status":"closed","template":"","meta":{"footnotes":""},"class_list":["post-689","page","type-page","status-publish","hentry"],"_links":{"self":[{"href":"https:\/\/keskipalokankoulu.net\/ops\/wp-json\/wp\/v2\/pages\/689","targetHints":{"allow":["GET"]}}],"collection":[{"href":"https:\/\/keskipalokankoulu.net\/ops\/wp-json\/wp\/v2\/pages"}],"about":[{"href":"https:\/\/keskipalokankoulu.net\/ops\/wp-json\/wp\/v2\/types\/page"}],"author":[{"embeddable":true,"href":"https:\/\/keskipalokankoulu.net\/ops\/wp-json\/wp\/v2\/users\/2"}],"replies":[{"embeddable":true,"href":"https:\/\/keskipalokankoulu.net\/ops\/wp-json\/wp\/v2\/comments?post=689"}],"version-history":[{"count":8,"href":"https:\/\/keskipalokankoulu.net\/ops\/wp-json\/wp\/v2\/pages\/689\/revisions"}],"predecessor-version":[{"id":732,"href":"https:\/\/keskipalokankoulu.net\/ops\/wp-json\/wp\/v2\/pages\/689\/revisions\/732"}],"wp:attachment":[{"href":"https:\/\/keskipalokankoulu.net\/ops\/wp-json\/wp\/v2\/media?parent=689"}],"curies":[{"name":"wp","href":"https:\/\/api.w.org\/{rel}","templated":true}]}}