{"id":650,"date":"2018-10-21T08:26:07","date_gmt":"2018-10-21T08:26:07","guid":{"rendered":"http:\/\/keskipalokankoulu.net\/ops\/?page_id=650"},"modified":"2018-10-21T08:28:37","modified_gmt":"2018-10-21T08:28:37","slug":"tyorauha","status":"publish","type":"page","link":"https:\/\/keskipalokankoulu.net\/ops\/tyorauha\/","title":{"rendered":"Ty\u00f6rauha"},"content":{"rendered":"<p>Keltataustainen teksti on osa Jyv\u00e4skyl\u00e4n kaupungin virallisia koulujen j\u00e4rjestyss\u00e4\u00e4nt\u00f6j\u00e4.<\/p>\n<p>&nbsp;<\/p>\n<table style=\"background: #ffff66;\" border=\"1\">\n<tbody>\n<tr>\n<td><b>Oppilaan<\/b>\u00a0vastuu<\/td>\n<td><b>Koulun<\/b>\u00a0vastuu<\/td>\n<td style=\"background: white;\"><b>Kodin (huoltajien)<\/b>\u00a0vastuu<\/td>\n<\/tr>\n<tr>\n<td>\n<ul>\n<li>oppitunnille ajoissa tuleminen<\/li>\n<li>oman ja toisen ty\u00f6n kunnioittaminen<\/li>\n<li>ty\u00f6rauhan antaminen<\/li>\n<li>toisten auttaminen tarvittaessa<\/li>\n<\/ul>\n<\/td>\n<td>\n<ul>\n<li>ty\u00f6rauhasta ja turvallisuudesta huolehtiminen\u00a0koko koulup\u00e4iv\u00e4n ajan\u00a0esim. kielt\u00e4m\u00e4ll\u00e4 h\u00e4iritsev\u00e4t esineet ja aineet<\/li>\n<li>ty\u00f6skentelytaitojen opettaminen<\/li>\n<li>yhteydenpito kotiin<\/li>\n<\/ul>\n<\/td>\n<td style=\"background: white;\">\n<ul>\n<li>kouluty\u00f6n tukeminen<\/li>\n<li>yhteisen ratkaisun l\u00f6yt\u00e4minen ja sen tukeminen ongelmatilanteissa; esim. osallistuminen tarvittaessa oppilashuoltoryhm\u00e4n kokoukseen, osallistuminen oppitunnille<\/li>\n<\/ul>\n<\/td>\n<\/tr>\n<\/tbody>\n<\/table>\n<p>&nbsp;<\/p>\n","protected":false},"excerpt":{"rendered":"<p>Keltataustainen teksti on osa Jyv\u00e4skyl\u00e4n kaupungin virallisia koulujen j\u00e4rjestyss\u00e4\u00e4nt\u00f6j\u00e4. &nbsp; Oppilaan\u00a0vastuu Koulun\u00a0vastuu Kodin (huoltajien)\u00a0vastuu oppitunnille ajoissa tuleminen oman ja toisen ty\u00f6n kunnioittaminen ty\u00f6rauhan antaminen toisten auttaminen tarvittaessa ty\u00f6rauhasta ja turvallisuudesta huolehtiminen\u00a0koko koulup\u00e4iv\u00e4n ajan\u00a0esim. kielt\u00e4m\u00e4ll\u00e4 h\u00e4iritsev\u00e4t esineet ja aineet ty\u00f6skentelytaitojen opettaminen yhteydenpito kotiin kouluty\u00f6n tukeminen yhteisen ratkaisun l\u00f6yt\u00e4minen ja sen tukeminen ongelmatilanteissa; esim. osallistuminen tarvittaessa oppilashuoltoryhm\u00e4n &hellip; <a href=\"https:\/\/keskipalokankoulu.net\/ops\/tyorauha\/\" class=\"more-link\">Continue reading <span class=\"screen-reader-text\">Ty\u00f6rauha<\/span> <span class=\"meta-nav\">&rarr;<\/span><\/a><\/p>\n","protected":false},"author":2,"featured_media":0,"parent":0,"menu_order":0,"comment_status":"closed","ping_status":"closed","template":"","meta":{"footnotes":""},"class_list":["post-650","page","type-page","status-publish","hentry"],"_links":{"self":[{"href":"https:\/\/keskipalokankoulu.net\/ops\/wp-json\/wp\/v2\/pages\/650","targetHints":{"allow":["GET"]}}],"collection":[{"href":"https:\/\/keskipalokankoulu.net\/ops\/wp-json\/wp\/v2\/pages"}],"about":[{"href":"https:\/\/keskipalokankoulu.net\/ops\/wp-json\/wp\/v2\/types\/page"}],"author":[{"embeddable":true,"href":"https:\/\/keskipalokankoulu.net\/ops\/wp-json\/wp\/v2\/users\/2"}],"replies":[{"embeddable":true,"href":"https:\/\/keskipalokankoulu.net\/ops\/wp-json\/wp\/v2\/comments?post=650"}],"version-history":[{"count":2,"href":"https:\/\/keskipalokankoulu.net\/ops\/wp-json\/wp\/v2\/pages\/650\/revisions"}],"predecessor-version":[{"id":653,"href":"https:\/\/keskipalokankoulu.net\/ops\/wp-json\/wp\/v2\/pages\/650\/revisions\/653"}],"wp:attachment":[{"href":"https:\/\/keskipalokankoulu.net\/ops\/wp-json\/wp\/v2\/media?parent=650"}],"curies":[{"name":"wp","href":"https:\/\/api.w.org\/{rel}","templated":true}]}}