{"id":645,"date":"2018-10-15T12:45:02","date_gmt":"2018-10-15T12:45:02","guid":{"rendered":"http:\/\/keskipalokankoulu.net\/ops\/?page_id=645"},"modified":"2018-12-11T07:56:11","modified_gmt":"2018-12-11T07:56:11","slug":"koulualue","status":"publish","type":"page","link":"https:\/\/keskipalokankoulu.net\/ops\/koulualue\/","title":{"rendered":"Koulualue ja v\u00e4litunnit"},"content":{"rendered":"<p>Keltataustainen teksti on osa Jyv\u00e4skyl\u00e4n kaupungin virallisia koulujen j\u00e4rjestyss\u00e4\u00e4nt\u00f6j\u00e4.<\/p>\n<table style=\"background: #ffff66;\" border=\"1\">\n<tbody>\n<tr>\n<td><b>Oppilaan<\/b>&nbsp;vastuu<\/td>\n<td><b>Koulun<\/b>&nbsp;vastuu<\/td>\n<td style=\"background: white;\"><b>Huoltajien<\/b> vastuu<\/td>\n<\/tr>\n<tr>\n<td>\n<ul>\n<li>on pysy\u00e4 koulualueella koulup\u00e4iv\u00e4n ajan<\/li>\n<\/ul>\n<\/td>\n<td>\n<ul>\n<li>vastata koulualueen turvallisuudesta<\/li>\n<li>tiedottaa koulualueen rajat<\/li>\n<li>j\u00e4rjest\u00e4\u00e4 v\u00e4lituntivalvonta<\/li>\n<li>oppilaista rajoittuu oppilaan lukuj\u00e4rjestyksen mukaiseen koulup\u00e4iv\u00e4\u00e4n<\/li>\n<\/ul>\n<\/td>\n<td style=\"background: white;\">\n<ul>\n<li>koulun v\u00e4lituntis\u00e4\u00e4nt\u00f6ihin tutustuminen yhdess\u00e4 lapsen kanssa<\/li>\n<li>s\u00e4\u00e4nt\u00f6jen merkityksest\u00e4 ja turvallisuudesta keskusteleminen<\/li>\n<\/ul>\n<\/td>\n<\/tr>\n<\/tbody>\n<\/table>\n<p style=\"background: #ffff66;\">Opetusta voidaan j\u00e4rjest\u00e4\u00e4 my\u00f6s koulualueen ulkopuolella erilaisissa oppimisymp\u00e4rist\u00f6iss\u00e4.<br \/>\nKoulualueelta tai&nbsp;muusta oppimisymp\u00e4rist\u00f6st\u00e4&nbsp;poistuminen on kielletty ilman opettajan antamaa lupaa.<br \/>\nJos oppilas poistuu em. alueelta ilman lupaa, h\u00e4n ei ole en\u00e4\u00e4 koulun vastuulla.<\/p>\n<p>Koulu alkaa klo 8.00, 9.00 tai 10.10 ja p\u00e4\u00e4ttyy 12.00, 13.00, 14.00 tai 15.00.<\/p>\n<p>Kiinte\u00e4t v\u00e4litunnit ovat <b>valvottuja<\/b>. <b>V\u00e4lituntivalvojat<\/b> k\u00e4ytt\u00e4v\u00e4t keltaista <b>huomioliivi\u00e4<\/b>.<\/p>\n<p>Kire\u00e4ll\u00e4kin <b>pakkasella<\/b> ulkoillaan. Tarvittaessa opettaja voi lyhent\u00e4\u00e4 v\u00e4lituntia.<\/p>\n<table border=\"1\" width=\"100%\">\n<tbody>\n<tr>\n<td width=\"100%\"><b>Oppilaan<\/b> vastuu<\/td>\n<\/tr>\n<tr>\n<td rowspan=\"3\" width=\"66%\">\n<ul>\n<li>ripe\u00e4 siirtyminen v\u00e4litunnille<\/li>\n<li>v\u00e4litunnin viett\u00e4minen ulkona, ellei opettaja sateen tai kire\u00e4n<span style=\"font-family: Verdana;\">pakkasen vuoksi anna lupaa toimia toisin<\/span><\/li>\n<li><span style=\"font-family: Verdana;\">v\u00e4lituntialueella pysyminen<\/span>\n<ul>\n<li><span style=\"font-family: Verdana;\">koulun alapiha ja p\u00e4\u00e4dyt eiv\u00e4t kuulu v\u00e4lituntialueeseen, my\u00f6sk\u00e4\u00e4n liikuntahallin sivut tai takaosa eiv\u00e4t ole v\u00e4lituntialuetta (poikkeuksena skeittipaikkaa toisessa p\u00e4\u00e4dyss\u00e4)<\/span><\/li>\n<\/ul>\n<\/li>\n<\/ul>\n<h5><span style=\"font-family: Verdana;\">Toisen ja ymp\u00e4rist\u00f6n huomioon ottaminen<\/span><\/h5>\n<ul>\n<li><span style=\"font-family: Verdana;\">tappeleminen, t\u00f6niminen ja \u00e4rsytt\u00e4minen eiv\u00e4t kuulu yhteisiin rauhanomaisiin leikkeihin&nbsp;<\/span><\/li>\n<li><span style=\"font-family: Verdana;\">toisten v\u00e4lituntileikkien kunnioittaminen ja rauhaan j\u00e4tt\u00e4minen<\/span><\/li>\n<li><span style=\"font-family: Verdana;\">lumipallojen, kivien, keppien tms. heitteleminen on kielletty\u00e4<\/span><\/li>\n<li><span style=\"font-family: Verdana;\">huolehditaan ymp\u00e4rist\u00f6st\u00e4, istutetut kasvit ja puut j\u00e4tet\u00e4\u00e4n rauhaan<br \/>\n<\/span><\/li>\n<\/ul>\n<h5><span style=\"font-family: Verdana;\">Pelit ja leikit<\/span><\/h5>\n<ul>\n<li><b>pallopelit<\/b>:\n<ul>\n<li>Jalkapalloa pelataan vain kent\u00e4ll\u00e4.<\/li>\n<li>Saman luokan pelaajat voivat varata vain yhden maalin, pelataan siis yhden maalin peli\u00e4.<\/li>\n<li>mailapelej\u00e4 pelataan vain niille sovitulla alueella<\/li>\n<\/ul>\n<\/li>\n<li><b>liukum\u00e4ki- ja hiihtomaas\u00e4\u00e4nn\u00f6t:<\/b>\n<ul>\n<li>lasketaan vain valvotusta m\u00e4est\u00e4<\/li>\n<li>yl\u00f6s kuljetaan valvojan osoittamaa reitti\u00e4<\/li>\n<li>lasketaan istualtaan<\/li>\n<li>m\u00e4ess\u00e4 ei viivytell\u00e4<\/li>\n<li>toisen p\u00e4\u00e4lle ei ole lupa laskea<\/li>\n<li>muissa laskijoissa ei saa roikkua<\/li>\n<li>suksilla laskiessa oltava kyp\u00e4r\u00e4 p\u00e4\u00e4ss\u00e4<\/li>\n<li>voltteja ei saa tehd\u00e4<\/li>\n<\/ul>\n<\/li>\n<li><b>skeittis\u00e4\u00e4nn\u00f6t:<\/b>\n<ul>\n<li>skeitataan vain sille osoitetulla paikalla<\/li>\n<li>kyp\u00e4r\u00e4n k\u00e4ytt\u00e4minen on pakollista<\/li>\n<li>skeittiparkki on tarkoitettu vain skeittaamiseen<\/li>\n<\/ul>\n<\/li>\n<li><b>keinus\u00e4\u00e4nn\u00f6t:<\/b>\n<ul>\n<li>enint\u00e4\u00e4n kaksi oppilasta keinussa yht\u00e4 aikaa<\/li>\n<li>jonotus turvallisen v\u00e4limatkan p\u00e4\u00e4ss\u00e4<\/li>\n<li>jos keinuihin on jonoa, keinumisaika noin kaksi minuuttia<\/li>\n<\/ul>\n<\/li>\n<li><b>kiipeilytelines\u00e4\u00e4nn\u00f6t:<\/b>\n<ul>\n<li><span style=\"font-size: small;\">voltteja ei saa tehd\u00e4<\/span><\/li>\n<li><span style=\"font-size: small;\">annetaan toisille kiipeilyrauha<\/span><\/li>\n<li><span style=\"font-size: small;\">pallosein\u00e4t eiv\u00e4t ole kiipeilypaikkoja<br \/>\n<\/span><\/li>\n<\/ul>\n<\/li>\n<\/ul>\n<h5>Sis\u00e4\u00e4ntulo v\u00e4litunnin loputtua<\/h5>\n<ul>\n<li>kellon soitua tai sovittuun aikaan tullaan parijonoon ulko-oven eteen. Siirryt\u00e4\u00e4n rauhallisesti sis\u00e4lle.<\/li>\n<li>talvella enimm\u00e4t lumet puistellaan ja harjataan pois ennen sis\u00e4\u00e4ntuloa<\/li>\n<li><span style=\"font-size: small;\">keng\u00e4t pyyhit\u00e4\u00e4n hyvin ja otetaan jo aulassa pois jalasta<br \/>\n<\/span><\/li>\n<\/ul>\n<\/td>\n<\/tr>\n<\/tbody>\n<\/table>\n","protected":false},"excerpt":{"rendered":"<p>Keltataustainen teksti on osa Jyv\u00e4skyl\u00e4n kaupungin virallisia koulujen j\u00e4rjestyss\u00e4\u00e4nt\u00f6j\u00e4. Oppilaan&nbsp;vastuu Koulun&nbsp;vastuu Huoltajien vastuu on pysy\u00e4 koulualueella koulup\u00e4iv\u00e4n ajan vastata koulualueen turvallisuudesta tiedottaa koulualueen rajat j\u00e4rjest\u00e4\u00e4 v\u00e4lituntivalvonta oppilaista rajoittuu oppilaan lukuj\u00e4rjestyksen mukaiseen koulup\u00e4iv\u00e4\u00e4n koulun v\u00e4lituntis\u00e4\u00e4nt\u00f6ihin tutustuminen yhdess\u00e4 lapsen kanssa s\u00e4\u00e4nt\u00f6jen merkityksest\u00e4 ja turvallisuudesta keskusteleminen Opetusta voidaan j\u00e4rjest\u00e4\u00e4 my\u00f6s koulualueen ulkopuolella erilaisissa oppimisymp\u00e4rist\u00f6iss\u00e4. Koulualueelta tai&nbsp;muusta oppimisymp\u00e4rist\u00f6st\u00e4&nbsp;poistuminen on &hellip; <a href=\"https:\/\/keskipalokankoulu.net\/ops\/koulualue\/\" class=\"more-link\">Continue reading <span class=\"screen-reader-text\">Koulualue ja v\u00e4litunnit<\/span> <span class=\"meta-nav\">&rarr;<\/span><\/a><\/p>\n","protected":false},"author":2,"featured_media":0,"parent":0,"menu_order":0,"comment_status":"closed","ping_status":"closed","template":"","meta":{"footnotes":""},"class_list":["post-645","page","type-page","status-publish","hentry"],"_links":{"self":[{"href":"https:\/\/keskipalokankoulu.net\/ops\/wp-json\/wp\/v2\/pages\/645","targetHints":{"allow":["GET"]}}],"collection":[{"href":"https:\/\/keskipalokankoulu.net\/ops\/wp-json\/wp\/v2\/pages"}],"about":[{"href":"https:\/\/keskipalokankoulu.net\/ops\/wp-json\/wp\/v2\/types\/page"}],"author":[{"embeddable":true,"href":"https:\/\/keskipalokankoulu.net\/ops\/wp-json\/wp\/v2\/users\/2"}],"replies":[{"embeddable":true,"href":"https:\/\/keskipalokankoulu.net\/ops\/wp-json\/wp\/v2\/comments?post=645"}],"version-history":[{"count":5,"href":"https:\/\/keskipalokankoulu.net\/ops\/wp-json\/wp\/v2\/pages\/645\/revisions"}],"predecessor-version":[{"id":744,"href":"https:\/\/keskipalokankoulu.net\/ops\/wp-json\/wp\/v2\/pages\/645\/revisions\/744"}],"wp:attachment":[{"href":"https:\/\/keskipalokankoulu.net\/ops\/wp-json\/wp\/v2\/media?parent=645"}],"curies":[{"name":"wp","href":"https:\/\/api.w.org\/{rel}","templated":true}]}}