{"id":634,"date":"2018-09-30T17:57:42","date_gmt":"2018-09-30T17:57:42","guid":{"rendered":"http:\/\/keskipalokankoulu.net\/ops\/?page_id=634"},"modified":"2018-11-08T13:22:10","modified_gmt":"2018-11-08T13:22:10","slug":"aikataulut-ja-tasmallisyys","status":"publish","type":"page","link":"https:\/\/keskipalokankoulu.net\/ops\/aikataulut-ja-tasmallisyys\/","title":{"rendered":"Aikataulut ja t\u00e4sm\u00e4llisyys"},"content":{"rendered":"<p>Keltataustainen teksti on osa Jyv\u00e4skyl\u00e4n kaupungin virallisia koulujen j\u00e4rjestyss\u00e4\u00e4nt\u00f6j\u00e4.<\/p>\n<table style=\"background: #ffff66;\" border=\"1\" width=\"100%\">\n<tbody>\n<tr>\n<td width=\"33%\"><b>Oppilaan<\/b> vastuu<\/td>\n<td width=\"34%\"><b>Koulun<\/b> vastuu<\/td>\n<td style=\"background: white;\" width=\"33%\"><b>Kodin<\/b> (huoltajien) vastuu<\/td>\n<\/tr>\n<tr>\n<td width=\"33%\">\n<ul>\n<li>saapua oppitunneille\u00a0t\u00e4sm\u00e4llisesti lukuj\u00e4rjestyksen mukaan tarvittavat ty\u00f6v\u00e4lineet mukanaan ja teht\u00e4v\u00e4t tehtyin\u00e4<\/li>\n<li>olla paikalla koulun tilaisuuksissa koko niiden keston ajan<\/li>\n<li>annetuista l\u00e4ksyist\u00e4 ja muista teht\u00e4vist\u00e4 huolehtiminen ajallaan<\/li>\n<\/ul>\n<p>&nbsp;<\/td>\n<td width=\"34%\">\n<ul>\n<li>tiedottaa lukuj\u00e4rjestyksest\u00e4 ja koulup\u00e4iv\u00e4n aikatauluista<\/li>\n<li>merkit\u00e4 wilmaan tiedot my\u00f6h\u00e4stymisist\u00e4 ja poissaoloista<\/li>\n<li>tarjota oppilashuollon tukea ep\u00e4s\u00e4\u00e4nn\u00f6llisen koulunk\u00e4ynnin pulmiin<\/li>\n<li>opettajalla on lastensuojelulain 25 \u00a7:n perusteella velvollisuus tehd\u00e4 lastensuojeluilmoitus, mik\u00e4li oppilaan hoidon ja huolenpidon tarve, kehityst\u00e4 vaarantavat olosuhteet tai oma k\u00e4ytt\u00e4ytyminen edellytt\u00e4\u00e4 mahdollista lastensuojelun tarpeen selvitt\u00e4mist\u00e4. Huomattavat selvitt\u00e4m\u00e4tt\u00f6m\u00e4t poissaolot saattavat olla t\u00e4llainen peruste.<\/li>\n<\/ul>\n<\/td>\n<td style=\"background: white;\" width=\"33%\">\n<ul>\n<li>rauhallisen paikan j\u00e4rjest\u00e4minen l\u00e4ksyjen tekemiseen<\/li>\n<li>tarvittaessa\u00a0 teht\u00e4vien tekemisen aloittamisen ja niihin keskittymisen tukeminen<\/li>\n<li>huolehtiminen\u00a0 siit\u00e4, ett\u00e4 lapselle j\u00e4\u00e4 riitt\u00e4v\u00e4 aika kotiteht\u00e4vien tekemiseen<\/li>\n<li>kotiteht\u00e4vien tekemisen valvominen<\/li>\n<li>opettajalle kertominen, mik\u00e4li oppilaan ty\u00f6m\u00e4\u00e4r\u00e4 vaikuttaa liian isolta tai liian pienelt\u00e4<\/li>\n<li>koulusta tulleiden viestien kuittaaminen<\/li>\n<\/ul>\n<\/td>\n<\/tr>\n<\/tbody>\n<\/table>\n<table style=\"background: #ffff66;\" border=\"0\">\n<tbody>\n<tr>\n<td>\n<ul>\n<li>Oppilaiden pit\u00e4\u00e4 olla paikalla koulun tilaisuuksissa koko niiden keston ajan.<\/li>\n<li>My\u00f6h\u00e4stymiset ja poissaolot merkit\u00e4\u00e4n wilman tuntimerkint\u00f6ihin.<\/li>\n<\/ul>\n<\/td>\n<\/tr>\n<\/tbody>\n<\/table>\n","protected":false},"excerpt":{"rendered":"<p>Keltataustainen teksti on osa Jyv\u00e4skyl\u00e4n kaupungin virallisia koulujen j\u00e4rjestyss\u00e4\u00e4nt\u00f6j\u00e4. Oppilaan vastuu Koulun vastuu Kodin (huoltajien) vastuu saapua oppitunneille\u00a0t\u00e4sm\u00e4llisesti lukuj\u00e4rjestyksen mukaan tarvittavat ty\u00f6v\u00e4lineet mukanaan ja teht\u00e4v\u00e4t tehtyin\u00e4 olla paikalla koulun tilaisuuksissa koko niiden keston ajan annetuista l\u00e4ksyist\u00e4 ja muista teht\u00e4vist\u00e4 huolehtiminen ajallaan &nbsp; tiedottaa lukuj\u00e4rjestyksest\u00e4 ja koulup\u00e4iv\u00e4n aikatauluista merkit\u00e4 wilmaan tiedot my\u00f6h\u00e4stymisist\u00e4 ja poissaoloista tarjota oppilashuollon &hellip; <a href=\"https:\/\/keskipalokankoulu.net\/ops\/aikataulut-ja-tasmallisyys\/\" class=\"more-link\">Continue reading <span class=\"screen-reader-text\">Aikataulut ja t\u00e4sm\u00e4llisyys<\/span> <span class=\"meta-nav\">&rarr;<\/span><\/a><\/p>\n","protected":false},"author":2,"featured_media":0,"parent":0,"menu_order":0,"comment_status":"closed","ping_status":"closed","template":"","meta":{"footnotes":""},"class_list":["post-634","page","type-page","status-publish","hentry"],"_links":{"self":[{"href":"https:\/\/keskipalokankoulu.net\/ops\/wp-json\/wp\/v2\/pages\/634","targetHints":{"allow":["GET"]}}],"collection":[{"href":"https:\/\/keskipalokankoulu.net\/ops\/wp-json\/wp\/v2\/pages"}],"about":[{"href":"https:\/\/keskipalokankoulu.net\/ops\/wp-json\/wp\/v2\/types\/page"}],"author":[{"embeddable":true,"href":"https:\/\/keskipalokankoulu.net\/ops\/wp-json\/wp\/v2\/users\/2"}],"replies":[{"embeddable":true,"href":"https:\/\/keskipalokankoulu.net\/ops\/wp-json\/wp\/v2\/comments?post=634"}],"version-history":[{"count":2,"href":"https:\/\/keskipalokankoulu.net\/ops\/wp-json\/wp\/v2\/pages\/634\/revisions"}],"predecessor-version":[{"id":710,"href":"https:\/\/keskipalokankoulu.net\/ops\/wp-json\/wp\/v2\/pages\/634\/revisions\/710"}],"wp:attachment":[{"href":"https:\/\/keskipalokankoulu.net\/ops\/wp-json\/wp\/v2\/media?parent=634"}],"curies":[{"name":"wp","href":"https:\/\/api.w.org\/{rel}","templated":true}]}}