{"id":592,"date":"2018-09-27T10:38:10","date_gmt":"2018-09-27T10:38:10","guid":{"rendered":"http:\/\/keskipalokankoulu.net\/ops\/?page_id=592"},"modified":"2018-11-08T13:38:32","modified_gmt":"2018-11-08T13:38:32","slug":"saannot","status":"publish","type":"page","link":"https:\/\/keskipalokankoulu.net\/ops\/saannot\/","title":{"rendered":"J\u00e4rjestyss\u00e4\u00e4nn\u00f6t"},"content":{"rendered":"<p>Kuva linkkeineen ja keltataustainen teksti ovat osa Jyv\u00e4skyl\u00e4n kaupungin virallisia koulujen j\u00e4rjestyss\u00e4\u00e4nt\u00f6j\u00e4.<\/p>\n<table border=\"0\" width=\"100%\">\n<tbody>\n<tr>\n<td colspan=\"7\"><img loading=\"lazy\" decoding=\"async\" class=\"aligncenter size-full wp-image-594\" src=\"http:\/\/keskipalokankoulu.net\/ops\/wp-content\/uploads\/2018\/09\/ei-koulua.jpg\" alt=\"\" width=\"662\" height=\"150\" srcset=\"https:\/\/keskipalokankoulu.net\/ops\/wp-content\/uploads\/2018\/09\/ei-koulua.jpg 662w, https:\/\/keskipalokankoulu.net\/ops\/wp-content\/uploads\/2018\/09\/ei-koulua-300x68.jpg 300w\" sizes=\"auto, (max-width: 662px) 100vw, 662px\" \/><\/td>\n<\/tr>\n<tr>\n<td style=\"text-align: center;\"><a href=\"http:\/\/keskipalokankoulu.net\/ops\/kotitehtavat\/\"><img loading=\"lazy\" decoding=\"async\" class=\"aligncenter wp-image-607\" src=\"http:\/\/keskipalokankoulu.net\/ops\/wp-content\/uploads\/2018\/09\/Velvollisuus-teht\u00e4v\u00e4t.jpg\" alt=\"\" width=\"105\" height=\"135\" \/><\/a><\/td>\n<td style=\"text-align: center;\"><a href=\"http:\/\/keskipalokankoulu.net\/ops\/tyoskenteleminen\/\"><img loading=\"lazy\" decoding=\"async\" class=\"aligncenter wp-image-606 size-full\" src=\"http:\/\/keskipalokankoulu.net\/ops\/wp-content\/uploads\/2018\/09\/Velvollisuus-osallistua.jpg\" alt=\"\" width=\"127\" height=\"157\" \/><\/a><\/td>\n<td style=\"text-align: center;\"><a href=\"http:\/\/keskipalokankoulu.net\/ops\/tyorauha\/\"><img loading=\"lazy\" decoding=\"async\" class=\"aligncenter wp-image-604 size-full\" src=\"http:\/\/keskipalokankoulu.net\/ops\/wp-content\/uploads\/2018\/09\/Ty\u00f6rauha.jpg\" alt=\"\" width=\"97\" height=\"161\" \/><\/a><\/td>\n<td style=\"text-align: center;\" colspan=\"2\"><a href=\"http:\/\/keskipalokankoulu.net\/ops\/kayttaytyminen\"><img loading=\"lazy\" decoding=\"async\" class=\"aligncenter wp-image-595 size-full\" src=\"http:\/\/keskipalokankoulu.net\/ops\/wp-content\/uploads\/2018\/09\/Hyv\u00e4-k\u00e4yt\u00f6s.jpg\" alt=\"\" width=\"162\" height=\"158\" \/><\/a><\/td>\n<td style=\"text-align: center;\" colspan=\"2\"><a href=\"http:\/\/keskipalokankoulu.net\/ops\/seuraamukset-saantojen-rikkomisesta\/\"><img loading=\"lazy\" decoding=\"async\" class=\"aligncenter wp-image-599 size-full\" src=\"http:\/\/keskipalokankoulu.net\/ops\/wp-content\/uploads\/2018\/09\/koulurauha.jpg\" alt=\"\" width=\"161\" height=\"152\" \/><\/a><\/td>\n<\/tr>\n<\/tbody>\n<\/table>\n<table border=\"0\" width=\"100%\">\n<tbody>\n<tr>\n<td><a href=\"http:\/\/keskipalokankoulu.net\/ops\/aikataulut-ja-tasmallisyys\/\"><img loading=\"lazy\" decoding=\"async\" class=\"aligncenter wp-image-593 size-full\" src=\"http:\/\/keskipalokankoulu.net\/ops\/wp-content\/uploads\/2018\/09\/aikataulut.jpg\" alt=\"\" width=\"125\" height=\"154\" \/><\/a><\/td>\n<td><a href=\"http:\/\/keskipalokankoulu.net\/ops\/omat-ja-yhteiset-valineet\/\"><img loading=\"lazy\" decoding=\"async\" class=\"aligncenter wp-image-605 size-full\" src=\"http:\/\/keskipalokankoulu.net\/ops\/wp-content\/uploads\/2018\/09\/vastuunkanto.jpg\" alt=\"\" width=\"133\" height=\"154\" \/><\/a><\/td>\n<td><a href=\"http:\/\/keskipalokankoulu.net\/ops\/ruokailu-2\/\"><img loading=\"lazy\" decoding=\"async\" class=\"aligncenter wp-image-602 size-full\" src=\"http:\/\/keskipalokankoulu.net\/ops\/wp-content\/uploads\/2018\/09\/ruokailu.jpg\" alt=\"\" width=\"96\" height=\"150\" \/><\/a><\/td>\n<td><a href=\"http:\/\/keskipalokankoulu.net\/ops\/koulualue\"><img loading=\"lazy\" decoding=\"async\" class=\"aligncenter wp-image-597 size-full\" src=\"http:\/\/keskipalokankoulu.net\/ops\/wp-content\/uploads\/2018\/09\/koulualue.jpg\" alt=\"\" width=\"104\" height=\"151\" \/><\/a><\/td>\n<td><a href=\"http:\/\/keskipalokankoulu.net\/ops\/koulumatka\/\"><img loading=\"lazy\" decoding=\"async\" class=\"aligncenter wp-image-598 size-full\" src=\"http:\/\/keskipalokankoulu.net\/ops\/wp-content\/uploads\/2018\/09\/koulumatka.jpg\" alt=\"\" width=\"105\" height=\"153\" \/><\/a><\/td>\n<td><a href=\"http:\/\/keskipalokankoulu.net\/ops\/mobiililaitteet\/\"><img loading=\"lazy\" decoding=\"async\" class=\"aligncenter wp-image-600 size-full\" src=\"http:\/\/keskipalokankoulu.net\/ops\/wp-content\/uploads\/2018\/09\/mobiili.jpg\" alt=\"\" width=\"110\" height=\"156\" \/><\/a><\/td>\n<\/tr>\n<tr>\n<td style=\"text-align: center;\" colspan=\"3\"><a href=\"http:\/\/keskipalokankoulu.net\/ops\/oikeudet-ja-velvollisuudet\/\"><img loading=\"lazy\" decoding=\"async\" class=\"aligncenter wp-image-601 size-full\" src=\"http:\/\/keskipalokankoulu.net\/ops\/wp-content\/uploads\/2018\/09\/oikeudet-ja-velvollisuudet.jpg\" alt=\"\" width=\"347\" height=\"79\" srcset=\"https:\/\/keskipalokankoulu.net\/ops\/wp-content\/uploads\/2018\/09\/oikeudet-ja-velvollisuudet.jpg 347w, https:\/\/keskipalokankoulu.net\/ops\/wp-content\/uploads\/2018\/09\/oikeudet-ja-velvollisuudet-300x68.jpg 300w\" sizes=\"auto, (max-width: 347px) 100vw, 347px\" \/><\/a><\/td>\n<td colspan=\"4\"><img loading=\"lazy\" decoding=\"async\" class=\"size-full wp-image-603 aligncenter\" src=\"http:\/\/keskipalokankoulu.net\/ops\/wp-content\/uploads\/2018\/09\/turvallisuus.jpg\" alt=\"\" width=\"315\" height=\"79\" srcset=\"https:\/\/keskipalokankoulu.net\/ops\/wp-content\/uploads\/2018\/09\/turvallisuus.jpg 315w, https:\/\/keskipalokankoulu.net\/ops\/wp-content\/uploads\/2018\/09\/turvallisuus-300x75.jpg 300w\" sizes=\"auto, (max-width: 315px) 100vw, 315px\" \/><\/td>\n<\/tr>\n<tr>\n<td colspan=\"7\"><a href=\"http:\/\/keskipalokankoulu.net\/ops\/yhdenvertaisuus\"><img loading=\"lazy\" decoding=\"async\" class=\"aligncenter wp-image-608 size-full\" src=\"http:\/\/keskipalokankoulu.net\/ops\/wp-content\/uploads\/2018\/09\/yhdenvertaisuus.jpg\" alt=\"\" width=\"664\" height=\"72\" srcset=\"https:\/\/keskipalokankoulu.net\/ops\/wp-content\/uploads\/2018\/09\/yhdenvertaisuus.jpg 664w, https:\/\/keskipalokankoulu.net\/ops\/wp-content\/uploads\/2018\/09\/yhdenvertaisuus-300x33.jpg 300w\" sizes=\"auto, (max-width: 664px) 100vw, 664px\" \/><\/a><\/td>\n<\/tr>\n<tr>\n<td colspan=\"7\"><img loading=\"lazy\" decoding=\"async\" class=\"aligncenter size-full wp-image-596\" src=\"http:\/\/keskipalokankoulu.net\/ops\/wp-content\/uploads\/2018\/09\/Jyv\u00e4skyl\u00e4n.jpg\" alt=\"\" width=\"668\" height=\"68\" srcset=\"https:\/\/keskipalokankoulu.net\/ops\/wp-content\/uploads\/2018\/09\/Jyv\u00e4skyl\u00e4n.jpg 668w, https:\/\/keskipalokankoulu.net\/ops\/wp-content\/uploads\/2018\/09\/Jyv\u00e4skyl\u00e4n-300x31.jpg 300w\" sizes=\"auto, (max-width: 668px) 100vw, 668px\" \/><\/td>\n<\/tr>\n<\/tbody>\n<\/table>\n<table style=\"background: #ffff66;\" border=\"0\">\n<tbody>\n<tr>\n<td>\n<p style=\"background: #ffff66;\">J\u00e4rjestyss\u00e4\u00e4nn\u00f6t edist\u00e4v\u00e4t koulun j\u00e4rjestyst\u00e4, opiskelun esteet\u00f6nt\u00e4 sujumista sek\u00e4 kouluyhteis\u00f6n turvallisuutta ja viihtyisyytt\u00e4.<\/p>\n<p style=\"background: #ffff66;\">Jyv\u00e4skyl\u00e4ss\u00e4 kaikilla perusopetuksen kouluilla on yhteiset j\u00e4rjestyss\u00e4\u00e4nn\u00f6t. Niiden pohjalta koulut tekev\u00e4t omat k\u00e4yt\u00e4nn\u00f6lliset toimintaohjeensa. Opettaja voi yhdess\u00e4 oppilaiden kanssa sopia toimintamalleja my\u00f6s luokkaa tai ryhm\u00e4\u00e4 varten.<\/p>\n<p style=\"background: #ffff66;\">J\u00e4rjestyss\u00e4\u00e4nn\u00f6t eiv\u00e4t saa poiketa lain m\u00e4\u00e4r\u00e4\u00e4mist\u00e4 s\u00e4\u00e4nn\u00f6ksist\u00e4. Niihin ei voida kirjata kurinpitokeinoja eik\u00e4 turvatoimia, jotka eiv\u00e4t perustu lakiin.<\/p>\n<p style=\"background: #ffff66;\">J\u00e4rjestyss\u00e4\u00e4nn\u00f6t ovat yleisi\u00e4 koulussa noudatettavia k\u00e4ytt\u00e4ytymiss\u00e4\u00e4nt\u00f6j\u00e4. Rehtorin ja opettajan tulee puuttua lainvastaiseen k\u00e4ytt\u00e4ytymiseen, vaikka j\u00e4rjestyss\u00e4\u00e4nn\u00f6iss\u00e4 ei asiasta erikseen m\u00e4\u00e4r\u00e4tt\u00e4isik\u00e4\u00e4n.<\/p>\n<\/td>\n<\/tr>\n<\/tbody>\n<\/table>\n","protected":false},"excerpt":{"rendered":"<p>Kuva linkkeineen ja keltataustainen teksti ovat osa Jyv\u00e4skyl\u00e4n kaupungin virallisia koulujen j\u00e4rjestyss\u00e4\u00e4nt\u00f6j\u00e4. J\u00e4rjestyss\u00e4\u00e4nn\u00f6t edist\u00e4v\u00e4t koulun j\u00e4rjestyst\u00e4, opiskelun esteet\u00f6nt\u00e4 sujumista sek\u00e4 kouluyhteis\u00f6n turvallisuutta ja viihtyisyytt\u00e4. Jyv\u00e4skyl\u00e4ss\u00e4 kaikilla perusopetuksen kouluilla on yhteiset j\u00e4rjestyss\u00e4\u00e4nn\u00f6t. Niiden pohjalta koulut tekev\u00e4t omat k\u00e4yt\u00e4nn\u00f6lliset toimintaohjeensa. Opettaja voi yhdess\u00e4 oppilaiden kanssa sopia toimintamalleja my\u00f6s luokkaa tai ryhm\u00e4\u00e4 varten. J\u00e4rjestyss\u00e4\u00e4nn\u00f6t eiv\u00e4t saa poiketa lain &hellip; <a href=\"https:\/\/keskipalokankoulu.net\/ops\/saannot\/\" class=\"more-link\">Continue reading <span class=\"screen-reader-text\">J\u00e4rjestyss\u00e4\u00e4nn\u00f6t<\/span> <span class=\"meta-nav\">&rarr;<\/span><\/a><\/p>\n","protected":false},"author":2,"featured_media":0,"parent":0,"menu_order":0,"comment_status":"closed","ping_status":"closed","template":"","meta":{"footnotes":""},"class_list":["post-592","page","type-page","status-publish","hentry"],"_links":{"self":[{"href":"https:\/\/keskipalokankoulu.net\/ops\/wp-json\/wp\/v2\/pages\/592","targetHints":{"allow":["GET"]}}],"collection":[{"href":"https:\/\/keskipalokankoulu.net\/ops\/wp-json\/wp\/v2\/pages"}],"about":[{"href":"https:\/\/keskipalokankoulu.net\/ops\/wp-json\/wp\/v2\/types\/page"}],"author":[{"embeddable":true,"href":"https:\/\/keskipalokankoulu.net\/ops\/wp-json\/wp\/v2\/users\/2"}],"replies":[{"embeddable":true,"href":"https:\/\/keskipalokankoulu.net\/ops\/wp-json\/wp\/v2\/comments?post=592"}],"version-history":[{"count":29,"href":"https:\/\/keskipalokankoulu.net\/ops\/wp-json\/wp\/v2\/pages\/592\/revisions"}],"predecessor-version":[{"id":713,"href":"https:\/\/keskipalokankoulu.net\/ops\/wp-json\/wp\/v2\/pages\/592\/revisions\/713"}],"wp:attachment":[{"href":"https:\/\/keskipalokankoulu.net\/ops\/wp-json\/wp\/v2\/media?parent=592"}],"curies":[{"name":"wp","href":"https:\/\/api.w.org\/{rel}","templated":true}]}}