{"id":37,"date":"2015-10-10T13:39:52","date_gmt":"2015-10-10T13:39:52","guid":{"rendered":"http:\/\/keskipalokankoulu.net\/ops\/?page_id=37"},"modified":"2026-04-07T08:35:58","modified_gmt":"2026-04-07T08:35:58","slug":"tuntijako-ja-opinto-ohjelma","status":"publish","type":"page","link":"https:\/\/keskipalokankoulu.net\/ops\/tuntijako-ja-opinto-ohjelma\/","title":{"rendered":"Tuntijako ja opinto-ohjelma"},"content":{"rendered":"<h2>Tuntijako ja opinto-ohjelma<\/h2>\n<table style=\"height: 1004px;\" border=\"1\" width=\"603\" cellpadding=\"0\">\n<tbody>\n<tr>\n<td style=\"padding: 2.25pt 2.25pt 2.25pt 2.25pt;\" valign=\"top\">\n<p class=\"MsoNormal\"><b><span style=\"font-size: 10.0pt; mso-bidi-font-size: 12.0pt; font-family: Arial; color: black;\">Aine<\/span><\/b><\/p>\n<\/td>\n<td style=\"padding: 2.25pt 2.25pt 2.25pt 2.25pt;\" valign=\"top\">\n<p class=\"MsoNormal\"><b><span style=\"font-size: 10.0pt; mso-bidi-font-size: 12.0pt; font-family: Arial; color: black;\">1.lk<\/span><\/b><\/p>\n<\/td>\n<td style=\"padding: 2.25pt 2.25pt 2.25pt 2.25pt;\" valign=\"top\">\n<p class=\"MsoNormal\"><b><span style=\"font-size: 10.0pt; mso-bidi-font-size: 12.0pt; font-family: Arial; color: black;\">2.lk<\/span><\/b><\/p>\n<\/td>\n<td style=\"padding: 2.25pt 2.25pt 2.25pt 2.25pt;\" valign=\"top\">\n<p class=\"MsoNormal\"><b><span style=\"font-size: 10.0pt; mso-bidi-font-size: 12.0pt; font-family: Arial; color: black;\">3.lk<\/span><\/b><\/p>\n<\/td>\n<td style=\"padding: 2.25pt 2.25pt 2.25pt 2.25pt;\" valign=\"top\">\n<p class=\"MsoNormal\"><b><span style=\"font-size: 10.0pt; mso-bidi-font-size: 12.0pt; font-family: Arial; color: black;\">4.lk<\/span><\/b><\/p>\n<\/td>\n<td style=\"padding: 2.25pt 2.25pt 2.25pt 2.25pt;\" valign=\"top\">\n<p class=\"MsoNormal\"><b><span style=\"font-size: 10.0pt; mso-bidi-font-size: 12.0pt; font-family: Arial; color: black;\">5.lk<\/span><\/b><\/p>\n<\/td>\n<td style=\"padding: 2.25pt 2.25pt 2.25pt 2.25pt;\" valign=\"top\">\n<p class=\"MsoNormal\"><b><span style=\"font-size: 10.0pt; mso-bidi-font-size: 12.0pt; font-family: Arial; color: black;\">6.lk<\/span><\/b><\/p>\n<\/td>\n<\/tr>\n<tr>\n<td style=\"padding: 2.25pt 2.25pt 2.25pt 2.25pt;\" valign=\"top\">\n<p class=\"MsoNormal\"><span style=\"font-size: 10.0pt; mso-bidi-font-size: 12.0pt; font-family: Arial; color: black;\">\u00c4idinkieli<\/span><\/p>\n<\/td>\n<td style=\"padding: 2.25pt 2.25pt 2.25pt 2.25pt;\" valign=\"top\">\n<p class=\"MsoNormal\"><span style=\"font-size: 10.0pt; mso-bidi-font-size: 12.0pt; font-family: Arial; color: black;\">8<\/span><\/p>\n<\/td>\n<td style=\"padding: 2.25pt 2.25pt 2.25pt 2.25pt;\" valign=\"top\">\n<p class=\"MsoNormal\"><span style=\"font-size: 10.0pt; mso-bidi-font-size: 12.0pt; font-family: Arial; color: black;\">7<\/span><\/p>\n<\/td>\n<td style=\"padding: 2.25pt 2.25pt 2.25pt 2.25pt;\" valign=\"top\">\n<p class=\"MsoNormal\"><span style=\"font-size: 10.0pt; mso-bidi-font-size: 12.0pt; font-family: Arial; mso-fareast-font-family: 'Arial Unicode MS'; color: black;\">6<\/span><\/p>\n<\/td>\n<td style=\"padding: 2.25pt 2.25pt 2.25pt 2.25pt;\" valign=\"top\">\n<p class=\"MsoNormal\"><span style=\"font-size: 10.0pt; mso-bidi-font-size: 12.0pt; font-family: Arial; mso-fareast-font-family: 'Arial Unicode MS'; color: black;\">5<\/span><\/p>\n<\/td>\n<td style=\"padding: 2.25pt 2.25pt 2.25pt 2.25pt;\" valign=\"top\">\n<p class=\"MsoNormal\"><span style=\"font-size: 10.0pt; mso-bidi-font-size: 12.0pt; font-family: Arial; mso-fareast-font-family: 'Arial Unicode MS'; color: black;\">4<\/span><\/p>\n<\/td>\n<td style=\"padding: 2.25pt 2.25pt 2.25pt 2.25pt;\" valign=\"top\">\n<p class=\"MsoNormal\"><span style=\"font-size: 10.0pt; mso-bidi-font-size: 12.0pt; font-family: Arial; color: black;\">4<\/span><\/p>\n<\/td>\n<\/tr>\n<tr>\n<td style=\"padding: 2.25pt 2.25pt 2.25pt 2.25pt;\" valign=\"top\">\n<p class=\"MsoNormal\"><span style=\"font-size: 10.0pt; mso-bidi-font-size: 12.0pt; font-family: Arial; color: black;\">A1-kieli (englanti)<\/span><\/p>\n<\/td>\n<td style=\"padding: 2.25pt 2.25pt 2.25pt 2.25pt;\" valign=\"top\">1<\/td>\n<td style=\"padding: 2.25pt 2.25pt 2.25pt 2.25pt;\" valign=\"top\">1<\/td>\n<td style=\"padding: 2.25pt 2.25pt 2.25pt 2.25pt;\" valign=\"top\">\n<p class=\"MsoNormal\"><span style=\"font-size: 10.0pt; mso-bidi-font-size: 12.0pt; font-family: Arial; color: black;\">3<\/span><\/p>\n<\/td>\n<td style=\"padding: 2.25pt 2.25pt 2.25pt 2.25pt;\" valign=\"top\">\n<p class=\"MsoNormal\"><span style=\"font-size: 10.0pt; mso-bidi-font-size: 12.0pt; font-family: Arial; color: black;\">2<\/span><\/p>\n<\/td>\n<td style=\"padding: 2.25pt 2.25pt 2.25pt 2.25pt;\" valign=\"top\">\n<p class=\"MsoNormal\"><span style=\"font-size: 10.0pt; mso-bidi-font-size: 12.0pt; font-family: Arial; color: black;\">2<\/span><\/p>\n<\/td>\n<td style=\"padding: 2.25pt 2.25pt 2.25pt 2.25pt;\" valign=\"top\">\n<p class=\"MsoNormal\"><span style=\"font-size: 10.0pt; mso-bidi-font-size: 12.0pt; font-family: Arial; color: black;\">2<\/span><\/p>\n<\/td>\n<\/tr>\n<tr>\n<td style=\"padding: 2.25pt 2.25pt 2.25pt 2.25pt;\" valign=\"top\">\n<p class=\"MsoNormal\"><span style=\"font-size: 10.0pt; mso-bidi-font-size: 12.0pt; font-family: Arial; color: black;\">B1-kieli (ruotsi)<\/span><\/p>\n<\/td>\n<td style=\"padding: 2.25pt 2.25pt 2.25pt 2.25pt;\" valign=\"top\"><\/td>\n<td style=\"padding: 2.25pt 2.25pt 2.25pt 2.25pt;\" valign=\"top\"><\/td>\n<td style=\"padding: 2.25pt 2.25pt 2.25pt 2.25pt;\" valign=\"top\">\n<p class=\"MsoNormal\"><span style=\"font-size: 10.0pt; mso-bidi-font-size: 12.0pt; font-family: Arial; color: black;\">\u00a0<\/span><\/p>\n<\/td>\n<td style=\"padding: 2.25pt 2.25pt 2.25pt 2.25pt;\" valign=\"top\">\n<p class=\"MsoNormal\"><span style=\"font-size: 10.0pt; mso-bidi-font-size: 12.0pt; font-family: Arial; color: black;\">\u00a0<\/span><\/p>\n<\/td>\n<td style=\"padding: 2.25pt 2.25pt 2.25pt 2.25pt;\" valign=\"top\">\n<p class=\"MsoNormal\"><span style=\"font-size: 10.0pt; mso-bidi-font-size: 12.0pt; font-family: Arial; color: black;\">\u00a0<\/span><\/p>\n<\/td>\n<td style=\"padding: 2.25pt 2.25pt 2.25pt 2.25pt;\" valign=\"top\">\n<p class=\"MsoNormal\"><span style=\"font-size: 10.0pt; mso-bidi-font-size: 12.0pt; font-family: Arial; color: black;\">2<\/span><\/p>\n<\/td>\n<\/tr>\n<tr>\n<td style=\"padding: 2.25pt 2.25pt 2.25pt 2.25pt;\" valign=\"top\">\n<p class=\"MsoNormal\"><span style=\"font-size: 10.0pt; mso-bidi-font-size: 12.0pt; font-family: Arial; color: black;\">Matematiikka<\/span><\/p>\n<\/td>\n<td style=\"padding: 2.25pt 2.25pt 2.25pt 2.25pt;\" valign=\"top\">\n<p class=\"MsoNormal\"><span style=\"font-size: 10.0pt; mso-bidi-font-size: 12.0pt; font-family: Arial; color: black;\">3<\/span><\/p>\n<\/td>\n<td style=\"padding: 2.25pt 2.25pt 2.25pt 2.25pt;\" valign=\"top\">\n<p class=\"MsoNormal\"><span style=\"font-size: 10.0pt; mso-bidi-font-size: 12.0pt; font-family: Arial; color: black;\">4<\/span><\/p>\n<\/td>\n<td style=\"padding: 2.25pt 2.25pt 2.25pt 2.25pt;\" valign=\"top\">\n<p class=\"MsoNormal\"><span style=\"font-size: 10.0pt; mso-bidi-font-size: 12.0pt; font-family: Arial; color: black;\">4<\/span><\/p>\n<\/td>\n<td style=\"padding: 2.25pt 2.25pt 2.25pt 2.25pt;\" valign=\"top\">\n<p class=\"MsoNormal\"><span style=\"font-size: 10.0pt; mso-bidi-font-size: 12.0pt; font-family: Arial; color: black;\">4<\/span><\/p>\n<\/td>\n<td style=\"padding: 2.25pt 2.25pt 2.25pt 2.25pt;\" valign=\"top\">\n<p class=\"MsoNormal\"><span style=\"font-size: 10.0pt; mso-bidi-font-size: 12.0pt; font-family: Arial; color: black;\">4<\/span><\/p>\n<\/td>\n<td style=\"padding: 2.25pt 2.25pt 2.25pt 2.25pt;\" valign=\"top\">\n<p class=\"MsoNormal\"><span style=\"font-size: 10.0pt; mso-bidi-font-size: 12.0pt; font-family: Arial; color: black;\">3<\/span><\/p>\n<\/td>\n<\/tr>\n<tr>\n<td style=\"padding: 2.25pt 2.25pt 2.25pt 2.25pt;\" valign=\"top\">\n<p class=\"MsoNormal\"><span style=\"font-size: 10.0pt; mso-bidi-font-size: 12.0pt; font-family: Arial; color: black;\">Ymp\u00e4rist\u00f6- ja luonnontieto<\/span><\/p>\n<\/td>\n<td style=\"padding: 2.25pt 2.25pt 2.25pt 2.25pt;\" valign=\"top\">\n<p class=\"MsoNormal\"><span style=\"font-size: small;\"><span style=\"font-family: Arial;\">2<\/span><\/span><\/p>\n<\/td>\n<td style=\"padding: 2.25pt 2.25pt 2.25pt 2.25pt;\" valign=\"top\">\n<p class=\"MsoNormal\"><span style=\"font-size: 10.0pt; mso-bidi-font-size: 12.0pt; font-family: Arial; color: black;\">2<\/span><\/p>\n<\/td>\n<td style=\"padding: 2.25pt 2.25pt 2.25pt 2.25pt;\" valign=\"top\">\n<p class=\"MsoNormal\"><span style=\"font-size: 10.0pt; mso-bidi-font-size: 12.0pt; font-family: Arial; color: black;\">2<\/span><\/p>\n<\/td>\n<td style=\"padding: 2.25pt 2.25pt 2.25pt 2.25pt;\" valign=\"top\">\n<p class=\"MsoNormal\"><span style=\"font-size: 10.0pt; mso-bidi-font-size: 12.0pt; font-family: Arial; color: black;\">3<\/span><\/p>\n<\/td>\n<td style=\"padding: 2.25pt 2.25pt 2.25pt 2.25pt;\" valign=\"top\">\u00a03<\/td>\n<td style=\"padding: 2.25pt 2.25pt 2.25pt 2.25pt;\" valign=\"top\">2<\/td>\n<\/tr>\n<tr>\n<td style=\"padding: 2.25pt 2.25pt 2.25pt 2.25pt;\" valign=\"top\">\n<p class=\"MsoNormal\"><span style=\"font-size: 10.0pt; mso-bidi-font-size: 12.0pt; font-family: Arial; color: black;\">Uskonto \/\u00a0<\/span><span style=\"font-size: 10.0pt; mso-bidi-font-size: 12.0pt; font-family: Arial; color: black;\">El\u00e4m\u00e4nkatsomustieto<\/span><\/p>\n<\/td>\n<td style=\"padding: 2.25pt 2.25pt 2.25pt 2.25pt;\" valign=\"top\">\n<p class=\"MsoNormal\"><span style=\"font-size: small;\"><span style=\"font-family: Arial;\">1<\/span><\/span><\/p>\n<\/td>\n<td style=\"padding: 2.25pt 2.25pt 2.25pt 2.25pt;\" valign=\"top\">\n<p class=\"MsoNormal\"><span style=\"font-size: 10.0pt; mso-bidi-font-size: 12.0pt; font-family: Arial; color: black;\">1<\/span><\/p>\n<\/td>\n<td style=\"padding: 2.25pt 2.25pt 2.25pt 2.25pt;\" valign=\"top\">\n<p class=\"MsoNormal\"><span style=\"font-size: 10.0pt; mso-bidi-font-size: 12.0pt; font-family: Arial; color: black;\">1<\/span><\/p>\n<\/td>\n<td style=\"padding: 2.25pt 2.25pt 2.25pt 2.25pt;\" valign=\"top\">\n<p class=\"MsoNormal\"><span style=\"font-size: small;\"><span style=\"font-family: Arial;\">2<\/span><\/span><\/p>\n<\/td>\n<td style=\"padding: 2.25pt 2.25pt 2.25pt 2.25pt;\" valign=\"top\">\n<p class=\"MsoNormal\"><span style=\"font-size: 10.0pt; mso-bidi-font-size: 12.0pt; font-family: Arial; color: black;\">1<\/span><\/p>\n<\/td>\n<td style=\"padding: 2.25pt 2.25pt 2.25pt 2.25pt;\" valign=\"top\">\n<p class=\"MsoNormal\"><span style=\"font-size: 10.0pt; mso-bidi-font-size: 12.0pt; font-family: Arial; color: black;\">1<\/span><\/p>\n<\/td>\n<\/tr>\n<tr>\n<td style=\"padding: 2.25pt 2.25pt 2.25pt 2.25pt;\" valign=\"top\">\n<p class=\"MsoNormal\"><span style=\"font-size: 10.0pt; mso-bidi-font-size: 12.0pt; font-family: Arial; color: black;\">Historia ja yht.k.oppi<\/span><\/p>\n<\/td>\n<td style=\"padding: 2.25pt 2.25pt 2.25pt 2.25pt;\" valign=\"top\"><\/td>\n<td style=\"padding: 2.25pt 2.25pt 2.25pt 2.25pt;\" valign=\"top\"><\/td>\n<td style=\"padding: 2.25pt 2.25pt 2.25pt 2.25pt;\" valign=\"top\"><\/td>\n<td style=\"padding: 2.25pt 2.25pt 2.25pt 2.25pt;\" valign=\"top\">\u00a01<\/td>\n<td style=\"padding: 2.25pt 2.25pt 2.25pt 2.25pt;\" valign=\"top\">\n<p class=\"MsoNormal\"><span style=\"font-size: 10.0pt; mso-bidi-font-size: 12.0pt; font-family: Arial; color: black;\">2<\/span><\/p>\n<\/td>\n<td style=\"padding: 2.25pt 2.25pt 2.25pt 2.25pt;\" valign=\"top\">\n<p class=\"MsoNormal\"><span style=\"font-size: small;\"><span style=\"font-family: Arial;\">2<\/span><\/span><\/p>\n<\/td>\n<\/tr>\n<tr>\n<td style=\"padding: 2.25pt 2.25pt 2.25pt 2.25pt;\" valign=\"top\">\n<p class=\"MsoNormal\"><span style=\"font-size: 10.0pt; mso-bidi-font-size: 12.0pt; font-family: Arial; color: black;\">Musiikki<\/span><\/p>\n<\/td>\n<td style=\"padding: 2.25pt 2.25pt 2.25pt 2.25pt;\" valign=\"top\">\n<p class=\"MsoNormal\"><span style=\"font-size: 10.0pt; mso-bidi-font-size: 12.0pt; font-family: Arial; color: black;\">1<\/span><\/p>\n<\/td>\n<td style=\"padding: 2.25pt 2.25pt 2.25pt 2.25pt;\" valign=\"top\">\n<p class=\"MsoNormal\"><span style=\"font-size: 10.0pt; mso-bidi-font-size: 12.0pt; font-family: Arial; color: black;\">1<\/span><\/p>\n<\/td>\n<td style=\"padding: 2.25pt 2.25pt 2.25pt 2.25pt;\" valign=\"top\">\n<p class=\"MsoNormal\"><span style=\"font-size: 10.0pt; mso-bidi-font-size: 12.0pt; font-family: Arial; color: black;\">2<\/span><\/p>\n<\/td>\n<td style=\"padding: 2.25pt 2.25pt 2.25pt 2.25pt;\" valign=\"top\">\n<p class=\"MsoNormal\"><span style=\"font-size: 10.0pt; mso-bidi-font-size: 12.0pt; font-family: Arial; color: black;\">1<\/span><\/p>\n<\/td>\n<td style=\"padding: 2.25pt 2.25pt 2.25pt 2.25pt;\" valign=\"top\">\n<p class=\"MsoNormal\"><span style=\"font-size: 10.0pt; mso-bidi-font-size: 12.0pt; font-family: Arial; color: black;\">2<\/span><\/p>\n<\/td>\n<td style=\"padding: 2.25pt 2.25pt 2.25pt 2.25pt;\" valign=\"top\">\n<p class=\"MsoNormal\"><span style=\"font-size: 10.0pt; mso-bidi-font-size: 12.0pt; font-family: Arial; color: black;\">2<\/span><\/p>\n<\/td>\n<\/tr>\n<tr>\n<td style=\"padding: 2.25pt 2.25pt 2.25pt 2.25pt;\" valign=\"top\">\n<p class=\"MsoNormal\"><span style=\"font-size: 10.0pt; mso-bidi-font-size: 12.0pt; font-family: Arial; color: black;\">Kuvataide<\/span><\/p>\n<\/td>\n<td style=\"padding: 2.25pt 2.25pt 2.25pt 2.25pt;\" valign=\"top\">\n<p class=\"MsoNormal\"><span style=\"font-size: 10.0pt; mso-bidi-font-size: 12.0pt; font-family: Arial; color: black;\">1<\/span><\/p>\n<\/td>\n<td style=\"padding: 2.25pt 2.25pt 2.25pt 2.25pt;\" valign=\"top\">\n<p class=\"MsoNormal\"><span style=\"font-size: 10.0pt; mso-bidi-font-size: 12.0pt; font-family: Arial; color: black;\">1<\/span><\/p>\n<\/td>\n<td style=\"padding: 2.25pt 2.25pt 2.25pt 2.25pt;\" valign=\"top\">\n<p class=\"MsoNormal\"><span style=\"font-size: 10.0pt; mso-bidi-font-size: 12.0pt; font-family: Arial; color: black;\">1<\/span><\/p>\n<\/td>\n<td style=\"padding: 2.25pt 2.25pt 2.25pt 2.25pt;\" valign=\"top\">\n<p class=\"MsoNormal\"><span style=\"font-size: 10.0pt; mso-bidi-font-size: 12.0pt; font-family: Arial; color: black;\">1<\/span><\/p>\n<\/td>\n<td style=\"padding: 2.25pt 2.25pt 2.25pt 2.25pt;\" valign=\"top\">\n<p class=\"MsoNormal\"><span style=\"font-size: 10.0pt; mso-bidi-font-size: 12.0pt; font-family: Arial; color: black;\">2<\/span><\/p>\n<\/td>\n<td style=\"padding: 2.25pt 2.25pt 2.25pt 2.25pt;\" valign=\"top\">\n<p class=\"MsoNormal\"><span style=\"font-size: 10.0pt; mso-bidi-font-size: 12.0pt; font-family: Arial; color: black;\">2<\/span><\/p>\n<\/td>\n<\/tr>\n<tr>\n<td style=\"padding: 2.25pt 2.25pt 2.25pt 2.25pt;\" valign=\"top\">\n<p class=\"MsoNormal\"><span style=\"font-size: 10.0pt; mso-bidi-font-size: 12.0pt; font-family: Arial; color: black;\">K\u00e4sity\u00f6<\/span><\/p>\n<\/td>\n<td style=\"padding: 2.25pt 2.25pt 2.25pt 2.25pt;\" valign=\"top\">\n<p class=\"MsoNormal\"><span style=\"font-size: 10.0pt; mso-bidi-font-size: 12.0pt; font-family: Arial; color: black;\">2<\/span><\/p>\n<\/td>\n<td style=\"padding: 2.25pt 2.25pt 2.25pt 2.25pt;\" valign=\"top\">\n<p class=\"MsoNormal\"><span style=\"font-size: 10.0pt; mso-bidi-font-size: 12.0pt; font-family: Arial; color: black;\">2<\/span><\/p>\n<\/td>\n<td style=\"padding: 2.25pt 2.25pt 2.25pt 2.25pt;\" valign=\"top\">\n<p class=\"MsoNormal\"><span style=\"font-size: 10.0pt; mso-bidi-font-size: 12.0pt; font-family: Arial; color: black;\">2<\/span><\/p>\n<\/td>\n<td style=\"padding: 2.25pt 2.25pt 2.25pt 2.25pt;\" valign=\"top\">\n<p class=\"MsoNormal\"><span style=\"font-size: 10.0pt; mso-bidi-font-size: 12.0pt; font-family: Arial; color: black;\">2<\/span><\/p>\n<\/td>\n<td style=\"padding: 2.25pt 2.25pt 2.25pt 2.25pt;\" valign=\"top\">\n<p class=\"MsoNormal\"><span style=\"font-size: 10.0pt; mso-bidi-font-size: 12.0pt; font-family: Arial; color: black;\">2<\/span><\/p>\n<\/td>\n<td style=\"padding: 2.25pt 2.25pt 2.25pt 2.25pt;\" valign=\"top\">\n<p class=\"MsoNormal\"><span style=\"font-size: 10.0pt; mso-bidi-font-size: 12.0pt; font-family: Arial; color: black;\">2<\/span><\/p>\n<\/td>\n<\/tr>\n<tr>\n<td style=\"padding: 2.25pt 2.25pt 2.25pt 2.25pt;\" valign=\"top\">\n<p class=\"MsoNormal\"><span style=\"font-size: 10.0pt; mso-bidi-font-size: 12.0pt; font-family: Arial; color: black;\">Liikunta<\/span><\/p>\n<\/td>\n<td style=\"padding: 2.25pt 2.25pt 2.25pt 2.25pt;\" valign=\"top\">\n<p class=\"MsoNormal\"><span style=\"font-size: 10.0pt; mso-bidi-font-size: 12.0pt; font-family: Arial; color: black;\">2<\/span><\/p>\n<\/td>\n<td style=\"padding: 2.25pt 2.25pt 2.25pt 2.25pt;\" valign=\"top\">\n<p class=\"MsoNormal\"><span style=\"font-size: 10.0pt; mso-bidi-font-size: 12.0pt; font-family: Arial; color: black;\">2<\/span><\/p>\n<\/td>\n<td style=\"padding: 2.25pt 2.25pt 2.25pt 2.25pt;\" valign=\"top\">\n<p class=\"MsoNormal\"><span style=\"font-size: 10.0pt; mso-bidi-font-size: 12.0pt; font-family: Arial; color: black;\">2<\/span><\/p>\n<\/td>\n<td style=\"padding: 2.25pt 2.25pt 2.25pt 2.25pt;\" valign=\"top\">\n<p class=\"MsoNormal\"><span style=\"font-size: 10.0pt; mso-bidi-font-size: 12.0pt; font-family: Arial; color: black;\">3<\/span><\/p>\n<\/td>\n<td style=\"padding: 2.25pt 2.25pt 2.25pt 2.25pt;\" valign=\"top\">\n<p class=\"MsoNormal\"><span style=\"font-size: 10.0pt; mso-bidi-font-size: 12.0pt; font-family: Arial; color: black;\">2<\/span><\/p>\n<\/td>\n<td style=\"padding: 2.25pt 2.25pt 2.25pt 2.25pt;\" valign=\"top\">\n<p class=\"MsoNormal\"><span style=\"font-size: 10.0pt; mso-bidi-font-size: 12.0pt; font-family: Arial; color: black;\">2<\/span><\/p>\n<\/td>\n<\/tr>\n<tr>\n<td style=\"padding: 2.25pt 2.25pt 2.25pt 2.25pt;\" valign=\"top\">\n<p class=\"MsoNormal\"><span style=\"font-size: 10.0pt; mso-bidi-font-size: 12.0pt; font-family: Arial; color: black;\">eheytetty taito- ja taideaine<\/span><\/p>\n<\/td>\n<td style=\"padding: 2.25pt 2.25pt 2.25pt 2.25pt;\" valign=\"top\">\n<p class=\"MsoNormal\"><span style=\"font-size: 10.0pt; mso-bidi-font-size: 12.0pt; font-family: Arial; mso-fareast-font-family: 'Arial Unicode MS'; color: black;\">\u00a0<\/span><\/p>\n<\/td>\n<td style=\"padding: 2.25pt 2.25pt 2.25pt 2.25pt;\" valign=\"top\">\n<p class=\"MsoNormal\"><span style=\"font-size: small;\"><span style=\"font-family: Arial;\">\u00a0<\/span><\/span><\/p>\n<\/td>\n<td style=\"padding: 2.25pt 2.25pt 2.25pt 2.25pt;\" valign=\"top\">\n<p class=\"MsoNormal\"><span style=\"font-size: 10.0pt; mso-bidi-font-size: 12.0pt; font-family: Arial; mso-fareast-font-family: 'Arial Unicode MS'; color: black;\">\u00a0<\/span><\/p>\n<\/td>\n<td style=\"padding: 2.25pt 2.25pt 2.25pt 2.25pt;\" valign=\"top\"><\/td>\n<td style=\"padding: 2.25pt 2.25pt 2.25pt 2.25pt;\" valign=\"top\">\u00a01<\/td>\n<td style=\"padding: 2.25pt 2.25pt 2.25pt 2.25pt;\" valign=\"top\">\u00a01<\/td>\n<\/tr>\n<tr>\n<td style=\"padding: 2.25pt 2.25pt 2.25pt 2.25pt;\" valign=\"top\"><\/td>\n<td style=\"padding: 2.25pt 2.25pt 2.25pt 2.25pt;\" valign=\"top\"><\/td>\n<td style=\"padding: 2.25pt 2.25pt 2.25pt 2.25pt;\" valign=\"top\"><\/td>\n<td style=\"padding: 2.25pt 2.25pt 2.25pt 2.25pt;\" valign=\"top\"><\/td>\n<td style=\"padding: 2.25pt 2.25pt 2.25pt 2.25pt;\" valign=\"top\"><\/td>\n<td style=\"padding: 2.25pt 2.25pt 2.25pt 2.25pt;\" valign=\"top\"><\/td>\n<td style=\"padding: 2.25pt 2.25pt 2.25pt 2.25pt;\" valign=\"top\"><\/td>\n<\/tr>\n<tr>\n<td style=\"padding: 2.25pt 2.25pt 2.25pt 2.25pt;\" valign=\"top\">\n<p class=\"MsoNormal\"><b><span style=\"font-size: 10.0pt; mso-bidi-font-size: 12.0pt; font-family: Arial; color: black;\">Yhteiset tunnit<\/span><\/b><\/p>\n<\/td>\n<td style=\"padding: 2.25pt 2.25pt 2.25pt 2.25pt;\" valign=\"top\">\n<p class=\"MsoNormal\"><b><span style=\"font-size: 10.0pt; mso-bidi-font-size: 12.0pt; font-family: Arial; color: black;\">21<\/span><\/b><\/p>\n<\/td>\n<td style=\"padding: 2.25pt 2.25pt 2.25pt 2.25pt;\" valign=\"top\">\n<p class=\"MsoNormal\"><b><span style=\"font-size: 10.0pt; mso-bidi-font-size: 12.0pt; font-family: Arial; color: black;\">21<\/span><\/b><\/p>\n<\/td>\n<td style=\"padding: 2.25pt 2.25pt 2.25pt 2.25pt;\" valign=\"top\">\n<p class=\"MsoNormal\"><b><span style=\"font-size: 10.0pt; mso-bidi-font-size: 12.0pt; font-family: Arial; color: black;\">23<\/span><\/b><\/p>\n<\/td>\n<td style=\"padding: 2.25pt 2.25pt 2.25pt 2.25pt;\" valign=\"top\">\n<p class=\"MsoNormal\"><b><span style=\"font-size: 10.0pt; mso-bidi-font-size: 12.0pt; font-family: Arial; color: black;\">24<\/span><\/b><\/p>\n<\/td>\n<td style=\"padding: 2.25pt 2.25pt 2.25pt 2.25pt;\" valign=\"top\">\n<p class=\"MsoNormal\"><b><span style=\"font-size: 10.0pt; mso-bidi-font-size: 12.0pt; font-family: Arial; color: black;\">25<\/span><\/b><\/p>\n<\/td>\n<td style=\"padding: 2.25pt 2.25pt 2.25pt 2.25pt;\" valign=\"top\">\n<p class=\"MsoNormal\"><b><span style=\"font-size: 10.0pt; mso-bidi-font-size: 12.0pt; font-family: Arial; color: black;\">25<\/span><\/b><\/p>\n<\/td>\n<\/tr>\n<tr>\n<td style=\"padding: 2.25pt 2.25pt 2.25pt 2.25pt;\" valign=\"top\">\n<p class=\"MsoNormal\"><span style=\"font-size: 10.0pt; mso-bidi-font-size: 12.0pt; font-family: Arial; color: black;\">A2-kielen tunnit<\/span><\/p>\n<\/td>\n<td style=\"padding: 2.25pt 2.25pt 2.25pt 2.25pt;\" valign=\"top\"><\/td>\n<td style=\"padding: 2.25pt 2.25pt 2.25pt 2.25pt;\" valign=\"top\"><\/td>\n<td style=\"padding: 2.25pt 2.25pt 2.25pt 2.25pt;\" valign=\"top\"><\/td>\n<td style=\"padding: 2.25pt 2.25pt 2.25pt 2.25pt;\" valign=\"top\">\n<p class=\"MsoNormal\">\u00a02<\/p>\n<\/td>\n<td style=\"padding: 2.25pt 2.25pt 2.25pt 2.25pt;\" valign=\"top\">\n<p class=\"MsoNormal\"><span style=\"color: #000000; font-family: Arial;\"><span style=\"font-size: 13.3333px; line-height: 29.6296px;\">2<\/span><\/span><\/p>\n<\/td>\n<td style=\"padding: 2.25pt 2.25pt 2.25pt 2.25pt;\" valign=\"top\">\n<p class=\"MsoNormal\"><span style=\"font-size: 10.0pt; mso-bidi-font-size: 12.0pt; font-family: Arial; color: black;\">2<\/span><\/p>\n<\/td>\n<\/tr>\n<tr>\n<td style=\"padding: 2.25pt 2.25pt 2.25pt 2.25pt;\" valign=\"top\">\n<p class=\"MsoNormal\"><b><span style=\"font-size: 10.0pt; mso-bidi-font-size: 12.0pt; font-family: Arial; color: black;\">A2-kielt\u00e4 opiskelevilla<\/span><\/b><\/p>\n<\/td>\n<td style=\"padding: 2.25pt 2.25pt 2.25pt 2.25pt;\" valign=\"top\"><\/td>\n<td style=\"padding: 2.25pt 2.25pt 2.25pt 2.25pt;\" valign=\"top\"><\/td>\n<td style=\"padding: 2.25pt 2.25pt 2.25pt 2.25pt;\" valign=\"top\"><\/td>\n<td style=\"padding: 2.25pt 2.25pt 2.25pt 2.25pt;\" valign=\"top\">\n<p class=\"MsoNormal\">\u00a0<strong>26<\/strong><\/p>\n<\/td>\n<td style=\"padding: 2.25pt 2.25pt 2.25pt 2.25pt;\" valign=\"top\">\n<p class=\"MsoNormal\"><b><span style=\"font-size: 10.0pt; mso-bidi-font-size: 12.0pt; font-family: Arial; color: black;\">27<\/span><\/b><\/p>\n<\/td>\n<td style=\"padding: 2.25pt 2.25pt 2.25pt 2.25pt;\" valign=\"top\">\n<p class=\"MsoNormal\"><b><span style=\"font-size: 10.0pt; mso-bidi-font-size: 12.0pt; font-family: Arial; color: black;\">27<\/span><\/b><\/p>\n<\/td>\n<\/tr>\n<\/tbody>\n<\/table>\n<h3>Jyv\u00e4skyl\u00e4n kaupungin tuntijako<\/h3>\n<p><a href=\"https:\/\/keskipalokankoulu.net\/ops\/wp-content\/uploads\/2026\/04\/Tuntijako-2025-alk.png\"><img loading=\"lazy\" decoding=\"async\" class=\"aligncenter size-full wp-image-1369\" src=\"https:\/\/keskipalokankoulu.net\/ops\/wp-content\/uploads\/2026\/04\/Tuntijako-2025-alk.png\" alt=\"\" width=\"1395\" height=\"1077\" srcset=\"https:\/\/keskipalokankoulu.net\/ops\/wp-content\/uploads\/2026\/04\/Tuntijako-2025-alk.png 1395w, https:\/\/keskipalokankoulu.net\/ops\/wp-content\/uploads\/2026\/04\/Tuntijako-2025-alk-300x232.png 300w, https:\/\/keskipalokankoulu.net\/ops\/wp-content\/uploads\/2026\/04\/Tuntijako-2025-alk-1024x791.png 1024w, https:\/\/keskipalokankoulu.net\/ops\/wp-content\/uploads\/2026\/04\/Tuntijako-2025-alk-768x593.png 768w\" sizes=\"auto, (max-width: 1395px) 100vw, 1395px\" \/><\/a><\/p>\n<p><a href=\"https:\/\/www.finlex.fi\/fi\/lainsaadanto\/1998\/852\">Perusopetusasetus<\/a><\/p>\n<p><a href=\"https:\/\/www.oph.fi\/sites\/default\/files\/documents\/Perusopetuksen%20tuntijako%201.8.2025%20alkaen.pdf\">Valtioneuvoston asetus tuntijaosta<\/a><\/p>\n<p>Tuntijako ei est\u00e4 opetuksen eheytt\u00e4mist\u00e4. Opetusta toteutetaan mm. Opetushallituksen m\u00e4\u00e4rittelemiss\u00e4 aihekokonaisuuksissa ja muissa koulun opetussuunnitelmassa m\u00e4\u00e4ritellyiss\u00e4 sis\u00e4ll\u00f6iss\u00e4.<\/p>\n<p>Opetusta voidaan toteuttaa my\u00f6s esim. teemajaksoina ja tapahtumina.<\/p>\n<h3>Tunnetaitojen ja yhdess\u00e4 el\u00e4misen taitojen opiskeleminen<\/h3>\n<p>Yksi viikkotunti toteutetaan sosiaalis-emotionaalisen ja eettisen kasvun tuntina. Teknisesti tunti voi olla \u00e4idinkielen tai uskonnon\/el\u00e4m\u00e4nkatsomuksen tunti. Tuntien sis\u00e4lt\u00f6jen suunnitteluun k\u00e4ytet\u00e4\u00e4n Jyv\u00e4skyl\u00e4n kaupungin <em>Hyvinvoinnin vuosikelloa<\/em> tai <em>Lions Quest-<\/em>ohjelmaa. Tunneilla keskustellaan, leikit\u00e4\u00e4n ja pohditaan yhdess\u00e4 el\u00e4misen periaatteita. Tunteihin liittyy kotiteht\u00e4vi\u00e4 ja ohjelmaa toteutetaan aina yhdess\u00e4 kotien kanssa.<\/p>\n","protected":false},"excerpt":{"rendered":"<p>Tuntijako ja opinto-ohjelma Aine 1.lk 2.lk 3.lk 4.lk 5.lk 6.lk \u00c4idinkieli 8 7 6 5 4 4 A1-kieli (englanti) 1 1 3 2 2 2 B1-kieli (ruotsi) \u00a0 \u00a0 \u00a0 2 Matematiikka 3 4 4 4 4 3 Ymp\u00e4rist\u00f6- ja luonnontieto 2 2 2 3 \u00a03 2 Uskonto \/\u00a0El\u00e4m\u00e4nkatsomustieto 1 1 1 2 1 1 &hellip; <a href=\"https:\/\/keskipalokankoulu.net\/ops\/tuntijako-ja-opinto-ohjelma\/\" class=\"more-link\">Continue reading <span class=\"screen-reader-text\">Tuntijako ja opinto-ohjelma<\/span> <span class=\"meta-nav\">&rarr;<\/span><\/a><\/p>\n","protected":false},"author":2,"featured_media":0,"parent":0,"menu_order":0,"comment_status":"closed","ping_status":"closed","template":"","meta":{"footnotes":""},"class_list":["post-37","page","type-page","status-publish","hentry"],"_links":{"self":[{"href":"https:\/\/keskipalokankoulu.net\/ops\/wp-json\/wp\/v2\/pages\/37","targetHints":{"allow":["GET"]}}],"collection":[{"href":"https:\/\/keskipalokankoulu.net\/ops\/wp-json\/wp\/v2\/pages"}],"about":[{"href":"https:\/\/keskipalokankoulu.net\/ops\/wp-json\/wp\/v2\/types\/page"}],"author":[{"embeddable":true,"href":"https:\/\/keskipalokankoulu.net\/ops\/wp-json\/wp\/v2\/users\/2"}],"replies":[{"embeddable":true,"href":"https:\/\/keskipalokankoulu.net\/ops\/wp-json\/wp\/v2\/comments?post=37"}],"version-history":[{"count":36,"href":"https:\/\/keskipalokankoulu.net\/ops\/wp-json\/wp\/v2\/pages\/37\/revisions"}],"predecessor-version":[{"id":1371,"href":"https:\/\/keskipalokankoulu.net\/ops\/wp-json\/wp\/v2\/pages\/37\/revisions\/1371"}],"wp:attachment":[{"href":"https:\/\/keskipalokankoulu.net\/ops\/wp-json\/wp\/v2\/media?parent=37"}],"curies":[{"name":"wp","href":"https:\/\/api.w.org\/{rel}","templated":true}]}}