{"id":298,"date":"2015-10-18T18:54:55","date_gmt":"2015-10-18T18:54:55","guid":{"rendered":"http:\/\/keskipalokankoulu.net\/ops\/?page_id=298"},"modified":"2025-08-27T10:55:35","modified_gmt":"2025-08-27T10:55:35","slug":"perustiedot-opetussuunnitelma-ja-kaytannot","status":"publish","type":"page","link":"https:\/\/keskipalokankoulu.net\/ops\/","title":{"rendered":"Keski-Palokan koulu"},"content":{"rendered":"<p align=\"center\"><b>Perustiedot<\/b> -osioon on ker\u00e4tty koulumme yleisesittely. Kerromme, mink\u00e4 kokoinen ja n\u00e4k\u00f6inen koulumme on, miss\u00e4 se sijaitsee ja miten sinne on helppo l\u00f6yt\u00e4\u00e4. Yleist\u00e4 -osiosta l\u00f6ytyv\u00e4t my\u00f6s koulun ja koulun v\u00e4en yhteystiedot.<\/p>\n<p align=\"center\"><span style=\"color: #000000;\"><b>Kasvatus ja opetus<\/b><\/span> -osio kuvaa koulun ydintoimintaa. Siihen kuuluvat keskeiset opetussuunnitelmalliset asiat.<\/p>\n<p align=\"center\"><span style=\"color: #000000;\"><b>Koulunk\u00e4ynti\u00e4 tukevat palvelut<\/b> <\/span>-osio kuvaa niit\u00e4 k\u00e4yt\u00e4nt\u00f6j\u00e4, joilla tuetaan koulun kasvatus- ja opetusteht\u00e4v\u00e4n toteutumista. Osa niist\u00e4 kuuluu yleiseen &#8211; kaikkia koskevaan &#8211; tukeen, esim. kouluruokailu ja kouluterveydenhoito. Erityinen tuki tulee kysymykseen silloin, kun yleinen tuki ei riit\u00e4 varmistamaan koulunk\u00e4ynnin sujumista. Koulunk\u00e4ynti\u00e4 tukevista palveluista k\u00e4ytet\u00e4\u00e4n my\u00f6s nime\u00e4 <i>opiskeluhuoltopalvelut<\/i>.<\/p>\n<p align=\"center\"><span style=\"color: #000000;\"><b>Arjen k\u00e4yt\u00e4nn\u00f6t<\/b><\/span> -kohdasta l\u00f6ytyv\u00e4t mm. koulun j\u00e4rjestyss\u00e4\u00e4nn\u00f6t ja tiedot muista sellaisista asioista ja k\u00e4yt\u00e4nn\u00f6ist\u00e4, jotka koskevat kaikkia oppilaita.<\/p>\n<p align=\"center\"><span style=\"color: #000000;\"><b>Yhteisty\u00f6<\/b><\/span> -osio kuvaa Keski-Palokan koulua osana l\u00e4hiymp\u00e4rist\u00f6\u00e4\u00e4n. Toimimme yhdess\u00e4 monien eri tahojen kanssa ja osiossa kuvaamme yhteisty\u00f6n periaatteita ja k\u00e4yt\u00e4nt\u00f6j\u00e4.<\/p>\n<p style=\"text-align: center;\">Sivusto t\u00e4ydent\u00e4\u00e4 k\u00e4yt\u00e4nt\u00f6jemme osalta <strong><a href=\"https:\/\/eperusteet.opintopolku.fi\/#\/fi\/opetussuunnitelma\/22644783\/perusopetus\/tiedot\">Jyv\u00e4skyl\u00e4n kaupungin opetussuunnitelmaa<\/a>.<\/strong><\/p>\n","protected":false},"excerpt":{"rendered":"<p>Perustiedot -osioon on ker\u00e4tty koulumme yleisesittely. Kerromme, mink\u00e4 kokoinen ja n\u00e4k\u00f6inen koulumme on, miss\u00e4 se sijaitsee ja miten sinne on helppo l\u00f6yt\u00e4\u00e4. Yleist\u00e4 -osiosta l\u00f6ytyv\u00e4t my\u00f6s koulun ja koulun v\u00e4en yhteystiedot. Kasvatus ja opetus -osio kuvaa koulun ydintoimintaa. Siihen kuuluvat keskeiset opetussuunnitelmalliset asiat. Koulunk\u00e4ynti\u00e4 tukevat palvelut -osio kuvaa niit\u00e4 k\u00e4yt\u00e4nt\u00f6j\u00e4, joilla tuetaan koulun kasvatus- ja &hellip; <a href=\"https:\/\/keskipalokankoulu.net\/ops\/\" class=\"more-link\">Continue reading <span class=\"screen-reader-text\">Keski-Palokan koulu<\/span> <span class=\"meta-nav\">&rarr;<\/span><\/a><\/p>\n","protected":false},"author":2,"featured_media":0,"parent":0,"menu_order":0,"comment_status":"closed","ping_status":"closed","template":"","meta":{"footnotes":""},"class_list":["post-298","page","type-page","status-publish","hentry"],"_links":{"self":[{"href":"https:\/\/keskipalokankoulu.net\/ops\/wp-json\/wp\/v2\/pages\/298","targetHints":{"allow":["GET"]}}],"collection":[{"href":"https:\/\/keskipalokankoulu.net\/ops\/wp-json\/wp\/v2\/pages"}],"about":[{"href":"https:\/\/keskipalokankoulu.net\/ops\/wp-json\/wp\/v2\/types\/page"}],"author":[{"embeddable":true,"href":"https:\/\/keskipalokankoulu.net\/ops\/wp-json\/wp\/v2\/users\/2"}],"replies":[{"embeddable":true,"href":"https:\/\/keskipalokankoulu.net\/ops\/wp-json\/wp\/v2\/comments?post=298"}],"version-history":[{"count":18,"href":"https:\/\/keskipalokankoulu.net\/ops\/wp-json\/wp\/v2\/pages\/298\/revisions"}],"predecessor-version":[{"id":1303,"href":"https:\/\/keskipalokankoulu.net\/ops\/wp-json\/wp\/v2\/pages\/298\/revisions\/1303"}],"wp:attachment":[{"href":"https:\/\/keskipalokankoulu.net\/ops\/wp-json\/wp\/v2\/media?parent=298"}],"curies":[{"name":"wp","href":"https:\/\/api.w.org\/{rel}","templated":true}]}}