{"id":281,"date":"2015-10-11T19:05:09","date_gmt":"2015-10-11T19:05:09","guid":{"rendered":"http:\/\/keskipalokankoulu.net\/ops\/?page_id=281"},"modified":"2015-10-11T19:05:09","modified_gmt":"2015-10-11T19:05:09","slug":"sivuston-paivityksen-periaatteet","status":"publish","type":"page","link":"https:\/\/keskipalokankoulu.net\/ops\/sivuston-paivityksen-periaatteet\/","title":{"rendered":"Sivuston p\u00e4ivityksen periaatteet"},"content":{"rendered":"<p>Sivusto sis\u00e4lt\u00e4\u00e4 Keski-Palokan koulun opetussuunnitelman, joka on osa Jyv\u00e4skyl\u00e4n kaupungin perusopetuksen opetussuunnitelmaa. Jyv\u00e4skyl\u00e4n kaupungin opetussuunnitelman hyv\u00e4ksyy sivistyslautakunta.<\/p>\n<p>Koulukohtaiset asiat verkkosivuiltamme ovat osa koulun toimintasuunnitelmaa, jonka palvelujohtaja\u00a0hyv\u00e4ksyy lukuvuosittain.<\/p>\n<p><b>Ilman uutta lautakuntak\u00e4sittely\u00e4 tai opetuksen palvelujohtajan\u00a0erillist\u00e4 hyv\u00e4ksynt\u00e4\u00e4<\/b> muokkaamme sivustoa seuraavasti:<\/p>\n<ol>\n<li>P\u00e4ivit\u00e4mme <b>k\u00e4yt\u00e4nn\u00f6lliset<\/b> asiat:\u00a0 tapahtumat, yhteystiedot, muutokset tila-asioissa, tiedotuslehti jne.<\/li>\n<li>Muokkaamme <b>ohjeita, jotka perustuvat <\/b>suoraan Jyv\u00e4skyl\u00e4n, aluehallintoviraston, Opetushallituksen, opetusministeri\u00f6n, valtioneuvoston, eduskunnan tai muun <b>toimivaltaisen tahon antamaan lis\u00e4ohjeeseen <\/b>tai s\u00e4\u00e4d\u00f6ksen muuttumiseen. T\u00e4llaisia ovat esim. koulukuljetusperusteet (jonka perusteita voi muuttaa eduskunta tai perusteiden soveltamista esim. kilometrirajojen ja vaarallisten tieosuuksien suhteen sivistyslautakunta).<\/li>\n<li>Voimme muokata sivuston <b>ulkon\u00e4k\u00f6\u00e4, kuvitusta ja teknist\u00e4 toteutusta.<\/b><\/li>\n<\/ol>\n<p>My\u00f6sk\u00e4\u00e4n koulun oma opetussuunnitelmaprosessi ei saa kuitenkaan pys\u00e4hty\u00e4 hyv\u00e4ksymismenettelyn hitauteen. Teemme sivustolle my\u00f6s opetussuunnitelmallisia muutoksia, mutta niiden yhteydess\u00e4 on <b>maininta &#8220;luku on toistaiseksi luonnos&#8221;<\/b>.<\/p>\n","protected":false},"excerpt":{"rendered":"<p>Sivusto sis\u00e4lt\u00e4\u00e4 Keski-Palokan koulun opetussuunnitelman, joka on osa Jyv\u00e4skyl\u00e4n kaupungin perusopetuksen opetussuunnitelmaa. Jyv\u00e4skyl\u00e4n kaupungin opetussuunnitelman hyv\u00e4ksyy sivistyslautakunta. Koulukohtaiset asiat verkkosivuiltamme ovat osa koulun toimintasuunnitelmaa, jonka palvelujohtaja\u00a0hyv\u00e4ksyy lukuvuosittain. Ilman uutta lautakuntak\u00e4sittely\u00e4 tai opetuksen palvelujohtajan\u00a0erillist\u00e4 hyv\u00e4ksynt\u00e4\u00e4 muokkaamme sivustoa seuraavasti: P\u00e4ivit\u00e4mme k\u00e4yt\u00e4nn\u00f6lliset asiat:\u00a0 tapahtumat, yhteystiedot, muutokset tila-asioissa, tiedotuslehti jne. Muokkaamme ohjeita, jotka perustuvat suoraan Jyv\u00e4skyl\u00e4n, aluehallintoviraston, Opetushallituksen, opetusministeri\u00f6n, &hellip; <a href=\"https:\/\/keskipalokankoulu.net\/ops\/sivuston-paivityksen-periaatteet\/\" class=\"more-link\">Continue reading <span class=\"screen-reader-text\">Sivuston p\u00e4ivityksen periaatteet<\/span> <span class=\"meta-nav\">&rarr;<\/span><\/a><\/p>\n","protected":false},"author":2,"featured_media":0,"parent":0,"menu_order":0,"comment_status":"closed","ping_status":"closed","template":"","meta":{"footnotes":""},"class_list":["post-281","page","type-page","status-publish","hentry"],"_links":{"self":[{"href":"https:\/\/keskipalokankoulu.net\/ops\/wp-json\/wp\/v2\/pages\/281","targetHints":{"allow":["GET"]}}],"collection":[{"href":"https:\/\/keskipalokankoulu.net\/ops\/wp-json\/wp\/v2\/pages"}],"about":[{"href":"https:\/\/keskipalokankoulu.net\/ops\/wp-json\/wp\/v2\/types\/page"}],"author":[{"embeddable":true,"href":"https:\/\/keskipalokankoulu.net\/ops\/wp-json\/wp\/v2\/users\/2"}],"replies":[{"embeddable":true,"href":"https:\/\/keskipalokankoulu.net\/ops\/wp-json\/wp\/v2\/comments?post=281"}],"version-history":[{"count":1,"href":"https:\/\/keskipalokankoulu.net\/ops\/wp-json\/wp\/v2\/pages\/281\/revisions"}],"predecessor-version":[{"id":282,"href":"https:\/\/keskipalokankoulu.net\/ops\/wp-json\/wp\/v2\/pages\/281\/revisions\/282"}],"wp:attachment":[{"href":"https:\/\/keskipalokankoulu.net\/ops\/wp-json\/wp\/v2\/media?parent=281"}],"curies":[{"name":"wp","href":"https:\/\/api.w.org\/{rel}","templated":true}]}}