{"id":278,"date":"2015-10-11T19:01:00","date_gmt":"2015-10-11T19:01:00","guid":{"rendered":"http:\/\/keskipalokankoulu.net\/ops\/?page_id=278"},"modified":"2024-08-09T12:32:00","modified_gmt":"2024-08-09T12:32:00","slug":"opetussuunnitelmien-hierarkkia","status":"publish","type":"page","link":"https:\/\/keskipalokankoulu.net\/ops\/opetussuunnitelmien-hierarkkia\/","title":{"rendered":"Opetussuunnitelmien hierarkkia"},"content":{"rendered":"<p><b>Sivusto <a href=\"http:\/\/www.keskipalokankoulu.net\/\">www.keskipalokankoulu.net<\/a> sis\u00e4lt\u00e4\u00e4 Keski-Palokan koulussa k\u00e4ytett\u00e4v\u00e4n opetussuunnitelman. <\/b>Koulussa k\u00e4ytet\u00e4\u00e4n <a href=\"https:\/\/eperusteet.opintopolku.fi\/#\/fi\/opetussuunnitelma\/22644783\/perusopetus\/tiedot\">Jyv\u00e4skyl\u00e4n kaupungin opetussuunnitelmaa<\/a>, jota tarvittavilta kohdin on t\u00e4ydennetty koulukohtaisesti. Jyv\u00e4skyl\u00e4n kaupungin opetussuunnitelma on hyv\u00e4ksytty sivistyslautakunnassa. Perusopetuksen palvelujohtaja hyv\u00e4ksyy vuosittain koulun toimintasuunnitelman, joka sis\u00e4lt\u00e4\u00e4 koulun t\u00e4smennykset kaupungin opetussuunnitelmaan.<\/p>\n<p>Koulussamme tehtiin ensimm\u00e4inen koulukohtainen opetussuunnitelma lukuvuosina 1994 &#8211; 1995. Merkitt\u00e4v\u00e4 vaihe opetussuunnitelmaty\u00f6ss\u00e4 oli osallistuminen Kehitysvammaliiton <b>Yhdess\u00e4 kasvamaan -projektiin\u00a0<\/b>2001-2004, jossa sovellettiin <i>osallistavan kasvatuksen<\/i> ohjelmaa koulun kehitt\u00e4miseen. Ohjelmassa tutkittiin koulukulttuuria oppilaan, ty\u00f6ntekij\u00e4n ja kodin n\u00e4k\u00f6kulmasta. Koulumme kehitt\u00e4miskohteiksi nousivat oppilaan n\u00e4k\u00f6kulmasta sosiaalinen kasvatus, kotien n\u00e4k\u00f6kulmasta tiedotus ja henkil\u00f6st\u00f6n n\u00e4k\u00f6kulmasta perehdytys. Projektista saatu tutkimustieto ja sen kautta luodut k\u00e4yt\u00e4nn\u00f6t n\u00e4kyv\u00e4t merkitt\u00e4v\u00e4sti nykyisess\u00e4 opetussuunnitelmassamme.<\/p>\n<p><b>Opetushallitus on antanut <a href=\"https:\/\/www.oph.fi\/fi\/koulutus-ja-tutkinnot\/perusopetuksen-opetussuunnitelman-perusteet\">Peruskoulun opetussuunnitelman perusteet (2014)<\/a><\/b>, johon perustuvat Jyv\u00e4skyl\u00e4n kaupungin perusopetuksen opetussuunnitelma sek\u00e4 Keski-Palokan koulun opetussuunnitelma. Koulun opetussuunnitelman ei ole tarkoitus toistaa niit\u00e4 asioita, jotka on m\u00e4\u00e4ritelty toisaalla.<\/p>\n<p><b>Jyv\u00e4skyl\u00e4n kaupungin opetussuunnitelma <\/b>on kokonaisuudessaan osoitteessa\u00a0<a href=\"https:\/\/eperusteet.opintopolku.fi\/#\/fi\/opetussuunnitelma\/22644783\/perusopetus\/tiedot\">https:\/\/eperusteet.opintopolku.fi\/#\/fi\/opetussuunnitelma\/22644783\/perusopetus\/tiedot<\/a>. Samassa osoitteessa ovat my\u00f6s samoja aihealueita koskevat valtakunnallisten perusteiden s\u00e4\u00e4d\u00f6kset.<\/p>\n<p>Kokonaisuuden hahmottamisen helpottamiseksi olemme rakentaneet koulun sivut sill\u00e4 tavalla, ett\u00e4 <b>k\u00e4ytt\u00e4j\u00e4 pystyy n\u00e4kem\u00e4\u00e4n samalta sivulta koulun opetussuunnitelman, kaupungin opetussuunnitelman ja valtakunnalliset opetussuunnitelman perusteet.<\/b><\/p>\n<p>Sivuilla ei ole linkkej\u00e4 niihin lukuihin, jotka eiv\u00e4t suoraan liity Keski-Palokan koulun toimintaan.<\/p>\n","protected":false},"excerpt":{"rendered":"<p>Sivusto www.keskipalokankoulu.net sis\u00e4lt\u00e4\u00e4 Keski-Palokan koulussa k\u00e4ytett\u00e4v\u00e4n opetussuunnitelman. Koulussa k\u00e4ytet\u00e4\u00e4n Jyv\u00e4skyl\u00e4n kaupungin opetussuunnitelmaa, jota tarvittavilta kohdin on t\u00e4ydennetty koulukohtaisesti. Jyv\u00e4skyl\u00e4n kaupungin opetussuunnitelma on hyv\u00e4ksytty sivistyslautakunnassa. Perusopetuksen palvelujohtaja hyv\u00e4ksyy vuosittain koulun toimintasuunnitelman, joka sis\u00e4lt\u00e4\u00e4 koulun t\u00e4smennykset kaupungin opetussuunnitelmaan. Koulussamme tehtiin ensimm\u00e4inen koulukohtainen opetussuunnitelma lukuvuosina 1994 &#8211; 1995. Merkitt\u00e4v\u00e4 vaihe opetussuunnitelmaty\u00f6ss\u00e4 oli osallistuminen Kehitysvammaliiton Yhdess\u00e4 kasvamaan -projektiin\u00a02001-2004, jossa &hellip; <a href=\"https:\/\/keskipalokankoulu.net\/ops\/opetussuunnitelmien-hierarkkia\/\" class=\"more-link\">Continue reading <span class=\"screen-reader-text\">Opetussuunnitelmien hierarkkia<\/span> <span class=\"meta-nav\">&rarr;<\/span><\/a><\/p>\n","protected":false},"author":2,"featured_media":0,"parent":0,"menu_order":0,"comment_status":"closed","ping_status":"closed","template":"","meta":{"footnotes":""},"class_list":["post-278","page","type-page","status-publish","hentry"],"_links":{"self":[{"href":"https:\/\/keskipalokankoulu.net\/ops\/wp-json\/wp\/v2\/pages\/278","targetHints":{"allow":["GET"]}}],"collection":[{"href":"https:\/\/keskipalokankoulu.net\/ops\/wp-json\/wp\/v2\/pages"}],"about":[{"href":"https:\/\/keskipalokankoulu.net\/ops\/wp-json\/wp\/v2\/types\/page"}],"author":[{"embeddable":true,"href":"https:\/\/keskipalokankoulu.net\/ops\/wp-json\/wp\/v2\/users\/2"}],"replies":[{"embeddable":true,"href":"https:\/\/keskipalokankoulu.net\/ops\/wp-json\/wp\/v2\/comments?post=278"}],"version-history":[{"count":8,"href":"https:\/\/keskipalokankoulu.net\/ops\/wp-json\/wp\/v2\/pages\/278\/revisions"}],"predecessor-version":[{"id":1231,"href":"https:\/\/keskipalokankoulu.net\/ops\/wp-json\/wp\/v2\/pages\/278\/revisions\/1231"}],"wp:attachment":[{"href":"https:\/\/keskipalokankoulu.net\/ops\/wp-json\/wp\/v2\/media?parent=278"}],"curies":[{"name":"wp","href":"https:\/\/api.w.org\/{rel}","templated":true}]}}