{"id":275,"date":"2015-10-11T18:58:34","date_gmt":"2015-10-11T18:58:34","guid":{"rendered":"http:\/\/keskipalokankoulu.net\/ops\/?page_id=275"},"modified":"2026-04-07T08:27:49","modified_gmt":"2026-04-07T08:27:49","slug":"keski-palokan-koulun-oppilaaksiottoalue","status":"publish","type":"page","link":"https:\/\/keskipalokankoulu.net\/ops\/keski-palokan-koulun-oppilaaksiottoalue\/","title":{"rendered":"Keski-Palokan koulun oppilaaksiottoalue"},"content":{"rendered":"<p>Jyv\u00e4skyl\u00e4n kaupungin sivistyslautakunta on p\u00e4\u00e4tt\u00e4nyt<b><a href=\"https:\/\/keskipalokankoulu.net\/ops\/wp-content\/uploads\/2025\/09\/liite_oppilaaksioton_perusteet_1_8_2024_alkaen_muutoksin__1959734.pdf\">\u00a0oppilaaksioton perusteista<\/a> (12.6.2024\/\u00a757).<\/b><\/p>\n<p><b>Oppilaaksiottoalue<\/b> tarkoittaa aluetta, jolla asuvat oppilaat kutsutaan oppilaiksi Keski-Palokan kouluun. Alueella asuvan lapsen huoltajat voivat hakea lapselleen koulupaikkaa my\u00f6s jostakin toisesta Jyv\u00e4skyl\u00e4n peruskoulusta tai muusta perusopetusta antavasta koulusta. Mik\u00e4li oppilas saa paikan jostakin toisesta koulusta, huoltajat vastaavat mm. oppilaan kuljetuskustannuksista.<\/p>\n<p>Vastaavasti Keski-Palokan kouluun voi hakea oppilaspaikkaa Keski-Palokan koulun oppilaaksiottoalueen ulkopuoleltakin. T\u00e4ll\u00f6in on kyse ns. toissijaisesta oppilaspaikasta. Oppilaaksioton perusteiden mukaisesti toissijainen oppilaspaikka voidaan my\u00f6nt\u00e4\u00e4 vain, mik\u00e4li oppilasm\u00e4\u00e4r\u00e4 luokilla 1-2 on alle 20 tai luokilla 36 alle 22. Toissijaisessa oppilaspaikassa oppilaalla ei ole koulukuljetusoikeutta. Toissijainen oppilaspaikkap\u00e4\u00e4t\u00f6s on m\u00e4\u00e4r\u00e4aikainen.<\/p>\n<p>Vaikean vamman tai kehitysviiv\u00e4stym\u00e4n vuoksi erityisopetusta tarvitsevan oppilaan opetus tapahtuu\u00a0 yleens\u00e4 YPR-ryhm\u00e4ss\u00e4 (esim. <a href=\"https:\/\/peda.net\/jyvaskyla\/mankolankoulu\">Mankolan <\/a>tai <a href=\"https:\/\/peda.net\/jyvaskyla\/lohikoskenkoulu\">Lohikosken<\/a> kouluissa). Vaikeimmin kehitysvammaisten opetus tapahtuu <a href=\"https:\/\/peda.net\/jyvaskyla\/huhtasuonyhtenaiskoulu\">H<span class=\"auto-style1\">uhtasuon yhten\u00e4iskoulussa<\/span><\/a>. Koulupaikka ratkaistaan yhdess\u00e4 huoltajien kanssa.<\/p>\n<p>Jyv\u00e4skyl\u00e4n kaupungin koulujen v\u00e4lill\u00e4 <b>ei ole selkeit\u00e4 oppilaaksiottoaluerajoja<\/b>, vaan oppilaiden koulusijoitukseen vaikuttaa se, montako oppilasta ja luokkaa kuhunkin kouluun mahtuu. Oppilassijoitukset tehd\u00e4\u00e4n Palokan alueen koulujen rehtoreiden v\u00e4lisen\u00e4 yhteisty\u00f6n\u00e4. Oppilassijoittelusta ep\u00e4selviss\u00e4 tilanteissa vastaa perusopetuksen vastuualuejohtaja.<\/p>\n<p><b>Keski-Palokan koulun ja <a href=\"https:\/\/peda.net\/jyvaskyla\/jokelankoulu\">Jokelan koulun<\/a> rajana<\/b> pyrit\u00e4\u00e4n pit\u00e4m\u00e4\u00e4n vesist\u00f6rajaa, eli j\u00e4rvien ja joen it\u00e4puolinen alue kuuluu l\u00e4ht\u00f6kohtaisesti Jokelan ja l\u00e4nsipuolinen alue l\u00e4ht\u00f6kohtaisesti Keski-Palokan tai Mankolan koulun alueeseen. Mannisenm\u00e4en-Mannilan osalta ns. vanha Mannila kuuluu vahvemmin <a href=\"https:\/\/peda.net\/jyvaskyla\/mankolankoulu\"><strong>Mankolan koulun<\/strong><\/a> alueeseen ja Mannisenrinne vahvemmin Keski-Palokan koulun alueeseen.<\/p>\n<p>Lintukankaan suunnasta Hyt\u00f6l\u00e4nlaidasta mentiin taannoin Saarenmaan kouluun. Saarenmaan koulun lakkauttamisen j\u00e4lkeen Lintukankaan ja osin Saarenmaantie on vahvemmin siirtynyt Keski-Palokan koulun alueeksi. Kuljetusreitit saattavat ratkaista koulupaikan Savulahden ja Keski-Palokan koulun v\u00e4lill\u00e4.<\/p>\n<p>Haukkalan, Ruokkeentien ja Elovainion oppilaat (luokilla 1-4) kuuluvat l\u00e4ht\u00f6kohtaisesti <strong><a href=\"https:\/\/peda.net\/jyvaskyla\/savulahdenpaivakotikoulu\">Savulahden p\u00e4iv\u00e4kotikoulun<\/a><\/strong> alueeseen. Nuutin suhteen tilanne ratkaistaan vuosittain oppilasm\u00e4\u00e4r\u00e4perusteisesti. Luokkien 5-6 -oppilaiden sijoittelu alueella ratkaistaan tapauskohtaisesti.<\/p>\n<p><strong>Kouluun ilmoittautuvien oppilaiden kokonaism\u00e4\u00e4r\u00e4 ja muodostetut opetusryhm\u00e4t ovat kuitenkin ratkaiseva tekij\u00e4, joten n\u00e4m\u00e4 rajat ovat vain suuntaa-antavia.<\/strong><\/p>\n<h4><\/h4>\n<h4>Koulumme oppilaiden koulunk\u00e4ynnin jatko<\/h4>\n<p>Keski-Palokan koulun oppilaat (koulun alueella asuvat oppilaat) siirtyv\u00e4t kuudennen luokan j\u00e4lkeen seitsem\u00e4nnelle luokalle jatkamaan peruskouluaan <a href=\"https:\/\/peda.net\/jyvaskyla\/mankolankoulu\"><strong>Mankolan kouluun<\/strong><\/a>.<\/p>\n<h4>Alueelta muuttavan oppilaan koulunk\u00e4ynti<\/h4>\n<p>Mik\u00e4li oppilas muuttaa pois koulun oppilaaksiottoalueelta, huoltaja voi anoa rehtorilta mahdollisuutta jatkaa koulunk\u00e4ynti\u00e4 samassa luokassa. Rehtori voi my\u00f6nt\u00e4\u00e4 oppilaalle ns. toissijaisen oppilaspaikan lukukauden loppuun. Huoltajat vastaavat toissijaisen oppilaspaikan oppilaan kuljetuskustannuksista.<\/p>\n<p><iframe loading=\"lazy\" id=\"tabiframe\" src=\"https:\/\/keskipalokankoulu.net\/ops\/wp-content\/uploads\/2025\/09\/liite_oppilaaksioton_perusteet_1_8_2024_alkaen_muutoksin__1959734.pdf\" width=\"98%\" height=\"350px\"><\/iframe><\/p>\n","protected":false},"excerpt":{"rendered":"<p>Jyv\u00e4skyl\u00e4n kaupungin sivistyslautakunta on p\u00e4\u00e4tt\u00e4nyt\u00a0oppilaaksioton perusteista (12.6.2024\/\u00a757). Oppilaaksiottoalue tarkoittaa aluetta, jolla asuvat oppilaat kutsutaan oppilaiksi Keski-Palokan kouluun. Alueella asuvan lapsen huoltajat voivat hakea lapselleen koulupaikkaa my\u00f6s jostakin toisesta Jyv\u00e4skyl\u00e4n peruskoulusta tai muusta perusopetusta antavasta koulusta. Mik\u00e4li oppilas saa paikan jostakin toisesta koulusta, huoltajat vastaavat mm. oppilaan kuljetuskustannuksista. Vastaavasti Keski-Palokan kouluun voi hakea oppilaspaikkaa Keski-Palokan koulun &hellip; <a href=\"https:\/\/keskipalokankoulu.net\/ops\/keski-palokan-koulun-oppilaaksiottoalue\/\" class=\"more-link\">Continue reading <span class=\"screen-reader-text\">Keski-Palokan koulun oppilaaksiottoalue<\/span> <span class=\"meta-nav\">&rarr;<\/span><\/a><\/p>\n","protected":false},"author":2,"featured_media":0,"parent":0,"menu_order":0,"comment_status":"closed","ping_status":"closed","template":"","meta":{"footnotes":""},"class_list":["post-275","page","type-page","status-publish","hentry"],"_links":{"self":[{"href":"https:\/\/keskipalokankoulu.net\/ops\/wp-json\/wp\/v2\/pages\/275","targetHints":{"allow":["GET"]}}],"collection":[{"href":"https:\/\/keskipalokankoulu.net\/ops\/wp-json\/wp\/v2\/pages"}],"about":[{"href":"https:\/\/keskipalokankoulu.net\/ops\/wp-json\/wp\/v2\/types\/page"}],"author":[{"embeddable":true,"href":"https:\/\/keskipalokankoulu.net\/ops\/wp-json\/wp\/v2\/users\/2"}],"replies":[{"embeddable":true,"href":"https:\/\/keskipalokankoulu.net\/ops\/wp-json\/wp\/v2\/comments?post=275"}],"version-history":[{"count":24,"href":"https:\/\/keskipalokankoulu.net\/ops\/wp-json\/wp\/v2\/pages\/275\/revisions"}],"predecessor-version":[{"id":1368,"href":"https:\/\/keskipalokankoulu.net\/ops\/wp-json\/wp\/v2\/pages\/275\/revisions\/1368"}],"wp:attachment":[{"href":"https:\/\/keskipalokankoulu.net\/ops\/wp-json\/wp\/v2\/media?parent=275"}],"curies":[{"name":"wp","href":"https:\/\/api.w.org\/{rel}","templated":true}]}}