{"id":271,"date":"2015-10-11T18:56:27","date_gmt":"2015-10-11T18:56:27","guid":{"rendered":"http:\/\/keskipalokankoulu.net\/ops\/?page_id=271"},"modified":"2021-08-05T16:32:01","modified_gmt":"2021-08-05T16:32:01","slug":"pois-koulusta-muuttavalle","status":"publish","type":"page","link":"https:\/\/keskipalokankoulu.net\/ops\/pois-koulusta-muuttavalle\/","title":{"rendered":"Pois koulusta muuttavalle"},"content":{"rendered":"<h4>Muistilista asioista, jotka tulee muistaa oppilaan muuttaessa toiseen kouluun.<\/h4>\n<ol>\n<li>Kerro <b>luokanopettajalle<\/b>, kun muuttaminen alkaa olla todenn\u00e4k\u00f6ist\u00e4. T\u00e4m\u00e4 antaa opettajalle mahdollisuuden valmistella muuttoon liittyvi\u00e4 asioita (esim.\u00a0 arvioinnin valmistelu jne.)<\/li>\n<li>Kun muutto varmistuu, ota yhteytt\u00e4 oppilaan <b>uuden asuinalueen kouluviranomaisiin<\/b>, joilta saat tiedon oppilaan uudesta koulusta<\/li>\n<li>Kerro koulullemme\n<ol>\n<li type=\"a\"><b>muuttoajankohta<\/b><\/li>\n<li type=\"a\"><b>tulevan koulun nimi ja kunta<\/b><\/li>\n<li type=\"a\">mik\u00e4li on tiedossa, tulevassa koulussa k\u00e4ytett\u00e4v\u00e4t <b>oppikirjasarjat<\/b><\/li>\n<\/ol>\n<p>Luokanopettaja kertoo asiasta rehtorille ja koulusihteerille. Koulusihteeri l\u00e4hett\u00e4\u00e4 oppilaan oppilaskortin uuteen kouluun.<\/li>\n<li>Mik\u00e4li muutto tapahtuu kesken lukuvuotta JA uusi koulu sijaitsee toisessa kunnassa, oppilas saa <b>erotodistuksen<\/b>.<\/li>\n<li>Luokanopettaja kertoo, mit\u00e4 kirjoja oppilas saa mukaansa. Opettaja luovuttaa oppilaalle mm. tehdyt ty\u00f6t.<\/li>\n<li>Oppilas siirtyy uuteen kouluun. Kiitos menneist\u00e4 koulup\u00e4ivist\u00e4 ja onnea tuleviin haasteisiin!<\/li>\n<\/ol>\n","protected":false},"excerpt":{"rendered":"<p>Muistilista asioista, jotka tulee muistaa oppilaan muuttaessa toiseen kouluun. Kerro luokanopettajalle, kun muuttaminen alkaa olla todenn\u00e4k\u00f6ist\u00e4. T\u00e4m\u00e4 antaa opettajalle mahdollisuuden valmistella muuttoon liittyvi\u00e4 asioita (esim.\u00a0 arvioinnin valmistelu jne.) Kun muutto varmistuu, ota yhteytt\u00e4 oppilaan uuden asuinalueen kouluviranomaisiin, joilta saat tiedon oppilaan uudesta koulusta Kerro koulullemme muuttoajankohta tulevan koulun nimi ja kunta mik\u00e4li on tiedossa, tulevassa &hellip; <a href=\"https:\/\/keskipalokankoulu.net\/ops\/pois-koulusta-muuttavalle\/\" class=\"more-link\">Continue reading <span class=\"screen-reader-text\">Pois koulusta muuttavalle<\/span> <span class=\"meta-nav\">&rarr;<\/span><\/a><\/p>\n","protected":false},"author":2,"featured_media":0,"parent":0,"menu_order":0,"comment_status":"closed","ping_status":"closed","template":"","meta":{"footnotes":""},"class_list":["post-271","page","type-page","status-publish","hentry"],"_links":{"self":[{"href":"https:\/\/keskipalokankoulu.net\/ops\/wp-json\/wp\/v2\/pages\/271","targetHints":{"allow":["GET"]}}],"collection":[{"href":"https:\/\/keskipalokankoulu.net\/ops\/wp-json\/wp\/v2\/pages"}],"about":[{"href":"https:\/\/keskipalokankoulu.net\/ops\/wp-json\/wp\/v2\/types\/page"}],"author":[{"embeddable":true,"href":"https:\/\/keskipalokankoulu.net\/ops\/wp-json\/wp\/v2\/users\/2"}],"replies":[{"embeddable":true,"href":"https:\/\/keskipalokankoulu.net\/ops\/wp-json\/wp\/v2\/comments?post=271"}],"version-history":[{"count":3,"href":"https:\/\/keskipalokankoulu.net\/ops\/wp-json\/wp\/v2\/pages\/271\/revisions"}],"predecessor-version":[{"id":978,"href":"https:\/\/keskipalokankoulu.net\/ops\/wp-json\/wp\/v2\/pages\/271\/revisions\/978"}],"wp:attachment":[{"href":"https:\/\/keskipalokankoulu.net\/ops\/wp-json\/wp\/v2\/media?parent=271"}],"curies":[{"name":"wp","href":"https:\/\/api.w.org\/{rel}","templated":true}]}}