{"id":268,"date":"2015-10-11T18:54:14","date_gmt":"2015-10-11T18:54:14","guid":{"rendered":"http:\/\/keskipalokankoulu.net\/ops\/?page_id=268"},"modified":"2021-04-13T09:52:48","modified_gmt":"2021-04-13T09:52:48","slug":"palokan-alueelle-muuttavan-oppilaan-huoltajalle","status":"publish","type":"page","link":"https:\/\/keskipalokankoulu.net\/ops\/palokan-alueelle-muuttavan-oppilaan-huoltajalle\/","title":{"rendered":"Palokan alueelle muuttavan oppilaan huoltajalle"},"content":{"rendered":"<p>Jos olet muuttamassa Palokkaan, kannattaa ensin selvitt\u00e4\u00e4, <b>mink\u00e4 koulun alueelle<\/b> oppilas muuttaa. Alueet on kuvattu luvussa <a href=\"http:\/\/keskipalokankoulu.net\/ops\/?page_id=275\">Keski-Palokan oppilasalue<\/a>. \u00a0Ep\u00e4selv\u00e4ss\u00e4 tilanteessa kannattaa kysy\u00e4 apua sivistyspalveluiden <a href=\"https:\/\/www.jyvaskyla.fi\/Varhaiskasvatus\/varhaiskasvatus-jyvaskylassa\/varhaiskasvatuksen-palveluohjaus\">palvelunohjauksesta<\/a>.<\/p>\n<p>Mik\u00e4li oppilas muuttaa Keski-Palokan koulun alueelle, toimi seuraavalla tavalla:<\/p>\n<ol>\n<li><b>Ota yhteytt\u00e4 koulun rehtoriin<\/b> puhelimitse tai s\u00e4hk\u00f6postilla (<a href=\"https:\/\/peda.net\/jyvaskyla\/keski-palokankoulu\/yhteystiedot\">yhteystiedot<\/a>). Kerro, mik\u00e4li oppilaalla on erityistarpeita (esim. erityisopetuksen tarve). Joskus voi olla my\u00f6s sellainen tilanne, ett\u00e4 luokka-asteella ei ole tilaa uudelle oppilaalle. T\u00e4ll\u00f6in kunta osoittaa toisen koulun ja tarvittaessa koulukuljetuksen.<\/li>\n<li>T\u00e4yt\u00e4 <a href=\"https:\/\/peda.net\/jyvaskyla\/keski-palokankoulu\/lomakkeet\/oppilastietolomake:file\/download\/0e4036a76cd3644453536ecfa9efb5a2428514ed\/Oppilastiedot_ilmoitus_kouluun_tulevasta_oppilaasta.pdf\"><b>muusta koulusta tulevan oppilaan tiedot<\/b> <\/a><b>-lomake<\/b> ja l\u00e4het\u00e4 \/ toimita se allekirjoitettuna koululle.<\/li>\n<li><b>Kerro oppilaan edelliseen kouluun<\/b>, ett\u00e4 oppilas vaihtaa meid\u00e4n kouluumme. Mik\u00e4li muutto tapahtuu kesken lukuvuotta toisesta kunnasta, oppilas tarvitsee erotodistuksen.<\/li>\n<li>Ota selv\u00e4\u00e4, mit\u00e4 <b>kirjoja<\/b> oppilas saa mukaansa edellisest\u00e4 koulusta.<\/li>\n<li>Rehtori ilmoittaa oppilaan <b>uuden luokan ja sen opettajan nimen ja yhteystiedot<\/b>. Voitte halutessanne sopia tutustumisesta uuteen luokkaan t\u00e4m\u00e4n j\u00e4lkeen.<\/li>\n<li>Saatte koulusta <b>tiedotuslehden<\/b> ja <b>vanhempainyhdistyksen<\/b> esitteen. Opettaja kertoo luokan toiminnasta (ty\u00f6j\u00e4rjestys, k\u00e4yt\u00e4nn\u00f6t jne.)<\/li>\n<li><b>Tervetuloa<\/b> kouluun ja omaan luokkaan!<\/li>\n<\/ol>\n","protected":false},"excerpt":{"rendered":"<p>Jos olet muuttamassa Palokkaan, kannattaa ensin selvitt\u00e4\u00e4, mink\u00e4 koulun alueelle oppilas muuttaa. Alueet on kuvattu luvussa Keski-Palokan oppilasalue. \u00a0Ep\u00e4selv\u00e4ss\u00e4 tilanteessa kannattaa kysy\u00e4 apua sivistyspalveluiden palvelunohjauksesta. Mik\u00e4li oppilas muuttaa Keski-Palokan koulun alueelle, toimi seuraavalla tavalla: Ota yhteytt\u00e4 koulun rehtoriin puhelimitse tai s\u00e4hk\u00f6postilla (yhteystiedot). Kerro, mik\u00e4li oppilaalla on erityistarpeita (esim. erityisopetuksen tarve). Joskus voi olla my\u00f6s sellainen &hellip; <a href=\"https:\/\/keskipalokankoulu.net\/ops\/palokan-alueelle-muuttavan-oppilaan-huoltajalle\/\" class=\"more-link\">Continue reading <span class=\"screen-reader-text\">Palokan alueelle muuttavan oppilaan huoltajalle<\/span> <span class=\"meta-nav\">&rarr;<\/span><\/a><\/p>\n","protected":false},"author":2,"featured_media":0,"parent":0,"menu_order":0,"comment_status":"closed","ping_status":"closed","template":"","meta":{"footnotes":""},"class_list":["post-268","page","type-page","status-publish","hentry"],"_links":{"self":[{"href":"https:\/\/keskipalokankoulu.net\/ops\/wp-json\/wp\/v2\/pages\/268","targetHints":{"allow":["GET"]}}],"collection":[{"href":"https:\/\/keskipalokankoulu.net\/ops\/wp-json\/wp\/v2\/pages"}],"about":[{"href":"https:\/\/keskipalokankoulu.net\/ops\/wp-json\/wp\/v2\/types\/page"}],"author":[{"embeddable":true,"href":"https:\/\/keskipalokankoulu.net\/ops\/wp-json\/wp\/v2\/users\/2"}],"replies":[{"embeddable":true,"href":"https:\/\/keskipalokankoulu.net\/ops\/wp-json\/wp\/v2\/comments?post=268"}],"version-history":[{"count":6,"href":"https:\/\/keskipalokankoulu.net\/ops\/wp-json\/wp\/v2\/pages\/268\/revisions"}],"predecessor-version":[{"id":936,"href":"https:\/\/keskipalokankoulu.net\/ops\/wp-json\/wp\/v2\/pages\/268\/revisions\/936"}],"wp:attachment":[{"href":"https:\/\/keskipalokankoulu.net\/ops\/wp-json\/wp\/v2\/media?parent=268"}],"curies":[{"name":"wp","href":"https:\/\/api.w.org\/{rel}","templated":true}]}}