{"id":259,"date":"2015-10-11T18:24:59","date_gmt":"2015-10-11T18:24:59","guid":{"rendered":"http:\/\/keskipalokankoulu.net\/ops\/?page_id=259"},"modified":"2026-04-07T08:24:58","modified_gmt":"2026-04-07T08:24:58","slug":"keski-palokan-koulu","status":"publish","type":"page","link":"https:\/\/keskipalokankoulu.net\/ops\/keski-palokan-koulu\/","title":{"rendered":"Keski-Palokan koulu"},"content":{"rendered":"<p>Keski-Palokan koulu on <b>luokkien 1 &#8211; 6 peruskoulu<\/b>. Oppilaita koulussamme on noin 530. Vuosiluokalla on p\u00e4\u00e4s\u00e4\u00e4nt\u00f6isesti nelj\u00e4 rinnakkaisluokkaa. Aikuisia koulussamme ty\u00f6skentelee noin 40.<\/p>\n<p>Koulumme on <b>perustettu<\/b> v.1903. Vuonna 1922 rakennettu puukoulurakennus on koulun pihapiiriss\u00e4, joskaan ei en\u00e4\u00e4 kouluk\u00e4yt\u00f6ss\u00e4. Uudempi kivikoulu otettiin k\u00e4ytt\u00f6\u00f6n v. 1956 ja laajennettiin v.1987-88. Koulu peruskorjattiin 2009 &#8211; 2011 ja t\u00e4ss\u00e4 vaiheessa rakennettiin my\u00f6s liikuntahalli. Liikuntahallia laajennettiin noin 60 oppilaan opetustilalla 2018.<\/p>\n<p>Teemme yhteisty\u00f6t\u00e4 paikallisten <b>taiteilijoiden<\/b> kanssa. Ajatuksemme on, ett\u00e4 jokainen oppilas saa ty\u00f6skennell\u00e4 ammattitaiteilijoiden kanssa joissakin vaiheissa koulu-uraansa.<\/p>\n<p>Koulussamme on toiminut<strong> joustava liikuntaluokka<\/strong> syksyst\u00e4 2014 alkaen. Luokilla 3-6 toimivalle joustavalle liikuntaluokalle hakeudutaan p\u00e4\u00e4sykokeiden kautta vuodeksi kerrallaan. Oppilas on oman kotiluokkansa j\u00e4sen, mutta h\u00e4nell\u00e4 on kaksi tuntia viikossa ylim\u00e4\u00e4r\u00e4ist\u00e4 liikunnanopetusta tavalliseen tuntijakoon verrattuna.<\/p>\n<p>Vanhempaintoimikunta on perustettu v. 1993 johtokuntien lakkauttamisen j\u00e4lkeen. Toimikunta rekister\u00f6itiin vuonna 2001 yhdistysrekisteriin nimell\u00e4 Keski-Palokan koulun <b>vanhempainyhdistys<\/b> ry.<\/p>\n","protected":false},"excerpt":{"rendered":"<p>Keski-Palokan koulu on luokkien 1 &#8211; 6 peruskoulu. Oppilaita koulussamme on noin 530. Vuosiluokalla on p\u00e4\u00e4s\u00e4\u00e4nt\u00f6isesti nelj\u00e4 rinnakkaisluokkaa. Aikuisia koulussamme ty\u00f6skentelee noin 40. Koulumme on perustettu v.1903. Vuonna 1922 rakennettu puukoulurakennus on koulun pihapiiriss\u00e4, joskaan ei en\u00e4\u00e4 kouluk\u00e4yt\u00f6ss\u00e4. Uudempi kivikoulu otettiin k\u00e4ytt\u00f6\u00f6n v. 1956 ja laajennettiin v.1987-88. Koulu peruskorjattiin 2009 &#8211; 2011 ja t\u00e4ss\u00e4 vaiheessa &hellip; <a href=\"https:\/\/keskipalokankoulu.net\/ops\/keski-palokan-koulu\/\" class=\"more-link\">Continue reading <span class=\"screen-reader-text\">Keski-Palokan koulu<\/span> <span class=\"meta-nav\">&rarr;<\/span><\/a><\/p>\n","protected":false},"author":2,"featured_media":0,"parent":0,"menu_order":0,"comment_status":"closed","ping_status":"closed","template":"","meta":{"footnotes":""},"class_list":["post-259","page","type-page","status-publish","hentry"],"_links":{"self":[{"href":"https:\/\/keskipalokankoulu.net\/ops\/wp-json\/wp\/v2\/pages\/259","targetHints":{"allow":["GET"]}}],"collection":[{"href":"https:\/\/keskipalokankoulu.net\/ops\/wp-json\/wp\/v2\/pages"}],"about":[{"href":"https:\/\/keskipalokankoulu.net\/ops\/wp-json\/wp\/v2\/types\/page"}],"author":[{"embeddable":true,"href":"https:\/\/keskipalokankoulu.net\/ops\/wp-json\/wp\/v2\/users\/2"}],"replies":[{"embeddable":true,"href":"https:\/\/keskipalokankoulu.net\/ops\/wp-json\/wp\/v2\/comments?post=259"}],"version-history":[{"count":9,"href":"https:\/\/keskipalokankoulu.net\/ops\/wp-json\/wp\/v2\/pages\/259\/revisions"}],"predecessor-version":[{"id":1367,"href":"https:\/\/keskipalokankoulu.net\/ops\/wp-json\/wp\/v2\/pages\/259\/revisions\/1367"}],"wp:attachment":[{"href":"https:\/\/keskipalokankoulu.net\/ops\/wp-json\/wp\/v2\/media?parent=259"}],"curies":[{"name":"wp","href":"https:\/\/api.w.org\/{rel}","templated":true}]}}