{"id":255,"date":"2015-10-11T18:22:08","date_gmt":"2015-10-11T18:22:08","guid":{"rendered":"http:\/\/keskipalokankoulu.net\/ops\/?page_id=255"},"modified":"2016-10-18T19:13:47","modified_gmt":"2016-10-18T19:13:47","slug":"kansainvalinen-yhteistyo","status":"publish","type":"page","link":"https:\/\/keskipalokankoulu.net\/ops\/kansainvalinen-yhteistyo\/","title":{"rendered":"Kansainv\u00e4linen yhteisty\u00f6"},"content":{"rendered":"<p>Koulumme periaatteisiin kuuluu avoimuus ja arvostus kansainv\u00e4list\u00e4 toimintaa ja monikulttuurisuutta kohtaan.<\/p>\n<p>Koulumme oli koordinaattori viimeksi 2009 &#8211; 2011 <b>Euroopan unionin LLP\/Comenius-ohjelman projektissa <\/b>\u201cHouse \u2013T.E.A.C.H.\u201d \u2013 House Tell Europe About Cultural Heritage . Projekti oli koulullemme jo kolmas ja t\u00e4m\u00e4nkertaiset yhteisty\u00f6kumppanit olivat <b>Irlannista, Italiasta, Ranskasta, Turkista ja Saksasta<\/b>.<\/p>\n<p>Projekti keskittyi paikallisten, jollakin tavoin merkitt\u00e4vien rakennusten tutkimiseen. T\u00e4m\u00e4n monipuolisen tutkimisen kautta rakennukset opettivat lapsia arvostamaan ja kunnioittamaan menneiden polvien j\u00e4tt\u00e4m\u00e4\u00e4 kulttuuriperint\u00f6\u00e4 sek\u00e4 huomaamaan, ett\u00e4 hekin j\u00e4tt\u00e4v\u00e4t omat jalanj\u00e4lkens\u00e4 ymp\u00e4rist\u00f6\u00f6mme tuleville sukupolville. Projektin aikana toteutetun maiden v\u00e4lisen tietojenvaihdon my\u00f6t\u00e4 lapset oppivat huomioimaan oman ainutlaatuisen kulttuuriperint\u00f6ns\u00e4 sek\u00e4 kunnioittamaan eri Euroopan maiden kulttuureja. Tavoitteena projektissa oli kehitt\u00e4\u00e4 <b>yhteis\u00f6llist\u00e4 globaalia vastuuntuntoa ymp\u00e4rist\u00f6st\u00e4<\/b>.<\/p>\n<p><a href=\"https:\/\/peda.net\/jyvaskyla\/keski-palokankoulu\/luokat\/comenius\">T.E.A.C.H. -hankkeen sivut<\/a><\/p>\n<p>Haemme uutta Comenius -projektia j\u00e4lleen muutaman vuoden kuluttua.<\/p>\n<p>Koulussamme k\u00e4y usein my\u00f6s <b>vierailijoita<\/b> eri maista, erityisesti eri maiden yliopistojen tutkijoita ja opettajia. Esittelemme heille koulumme toimintakulttuuria ja pyrimme itse oppimaan heid\u00e4n osaamisestaan.<\/p>\n","protected":false},"excerpt":{"rendered":"<p>Koulumme periaatteisiin kuuluu avoimuus ja arvostus kansainv\u00e4list\u00e4 toimintaa ja monikulttuurisuutta kohtaan. Koulumme oli koordinaattori viimeksi 2009 &#8211; 2011 Euroopan unionin LLP\/Comenius-ohjelman projektissa \u201cHouse \u2013T.E.A.C.H.\u201d \u2013 House Tell Europe About Cultural Heritage . Projekti oli koulullemme jo kolmas ja t\u00e4m\u00e4nkertaiset yhteisty\u00f6kumppanit olivat Irlannista, Italiasta, Ranskasta, Turkista ja Saksasta. Projekti keskittyi paikallisten, jollakin tavoin merkitt\u00e4vien rakennusten tutkimiseen. &hellip; <a href=\"https:\/\/keskipalokankoulu.net\/ops\/kansainvalinen-yhteistyo\/\" class=\"more-link\">Continue reading <span class=\"screen-reader-text\">Kansainv\u00e4linen yhteisty\u00f6<\/span> <span class=\"meta-nav\">&rarr;<\/span><\/a><\/p>\n","protected":false},"author":2,"featured_media":0,"parent":0,"menu_order":0,"comment_status":"closed","ping_status":"closed","template":"","meta":{"footnotes":""},"class_list":["post-255","page","type-page","status-publish","hentry"],"_links":{"self":[{"href":"https:\/\/keskipalokankoulu.net\/ops\/wp-json\/wp\/v2\/pages\/255","targetHints":{"allow":["GET"]}}],"collection":[{"href":"https:\/\/keskipalokankoulu.net\/ops\/wp-json\/wp\/v2\/pages"}],"about":[{"href":"https:\/\/keskipalokankoulu.net\/ops\/wp-json\/wp\/v2\/types\/page"}],"author":[{"embeddable":true,"href":"https:\/\/keskipalokankoulu.net\/ops\/wp-json\/wp\/v2\/users\/2"}],"replies":[{"embeddable":true,"href":"https:\/\/keskipalokankoulu.net\/ops\/wp-json\/wp\/v2\/comments?post=255"}],"version-history":[{"count":2,"href":"https:\/\/keskipalokankoulu.net\/ops\/wp-json\/wp\/v2\/pages\/255\/revisions"}],"predecessor-version":[{"id":481,"href":"https:\/\/keskipalokankoulu.net\/ops\/wp-json\/wp\/v2\/pages\/255\/revisions\/481"}],"wp:attachment":[{"href":"https:\/\/keskipalokankoulu.net\/ops\/wp-json\/wp\/v2\/media?parent=255"}],"curies":[{"name":"wp","href":"https:\/\/api.w.org\/{rel}","templated":true}]}}