{"id":252,"date":"2015-10-11T18:20:31","date_gmt":"2015-10-11T18:20:31","guid":{"rendered":"http:\/\/keskipalokankoulu.net\/ops\/?page_id=252"},"modified":"2015-10-11T18:20:31","modified_gmt":"2015-10-11T18:20:31","slug":"yhteistyo-yritysten-kanssa","status":"publish","type":"page","link":"https:\/\/keskipalokankoulu.net\/ops\/yhteistyo-yritysten-kanssa\/","title":{"rendered":"Yhteisty\u00f6 yritysten kanssa"},"content":{"rendered":"<p>Koulu on osa l\u00e4hiyhteis\u00f6\u00e4. On luontevaa, ett\u00e4 koulu tekee yhteisty\u00f6t\u00e4 l\u00e4hell\u00e4 sijaitsevien yritysten kanssa. My\u00f6s oppilaiden vanhempien kontaktit ovat keskeisi\u00e4 yhteyksi\u00e4 muodostettaessa. Koulun yhteisty\u00f6t\u00e4 kaupallisten yritysten kanssa ohjaa oheinen Opetushallituksen kouluille l\u00e4hett\u00e4m\u00e4 muistio.<\/p>\n<p><a href=\"http:\/\/www.keskipalokankoulu.net\/159339_koulujen_ja_oppilaitosten_seka_yritysten_valinen_yhteistyo_markkinointi_ja_s.pdf\" target=\"_blank\">Opetushallituksen ja kuluttajaviraston muistio 2014 (pdf)<\/a><\/p>\n<p>Paikallinen media (mm. Keskisuomalainen, Palokka-lehti) on luonnollinen yhteisty\u00f6kumppani koulun tavoitteiden (mediakasvatus) n\u00e4k\u00f6kulmasta.<\/p>\n","protected":false},"excerpt":{"rendered":"<p>Koulu on osa l\u00e4hiyhteis\u00f6\u00e4. On luontevaa, ett\u00e4 koulu tekee yhteisty\u00f6t\u00e4 l\u00e4hell\u00e4 sijaitsevien yritysten kanssa. My\u00f6s oppilaiden vanhempien kontaktit ovat keskeisi\u00e4 yhteyksi\u00e4 muodostettaessa. Koulun yhteisty\u00f6t\u00e4 kaupallisten yritysten kanssa ohjaa oheinen Opetushallituksen kouluille l\u00e4hett\u00e4m\u00e4 muistio. Opetushallituksen ja kuluttajaviraston muistio 2014 (pdf) Paikallinen media (mm. Keskisuomalainen, Palokka-lehti) on luonnollinen yhteisty\u00f6kumppani koulun tavoitteiden (mediakasvatus) n\u00e4k\u00f6kulmasta.<\/p>\n","protected":false},"author":2,"featured_media":0,"parent":0,"menu_order":0,"comment_status":"closed","ping_status":"closed","template":"","meta":{"footnotes":""},"class_list":["post-252","page","type-page","status-publish","hentry"],"_links":{"self":[{"href":"https:\/\/keskipalokankoulu.net\/ops\/wp-json\/wp\/v2\/pages\/252","targetHints":{"allow":["GET"]}}],"collection":[{"href":"https:\/\/keskipalokankoulu.net\/ops\/wp-json\/wp\/v2\/pages"}],"about":[{"href":"https:\/\/keskipalokankoulu.net\/ops\/wp-json\/wp\/v2\/types\/page"}],"author":[{"embeddable":true,"href":"https:\/\/keskipalokankoulu.net\/ops\/wp-json\/wp\/v2\/users\/2"}],"replies":[{"embeddable":true,"href":"https:\/\/keskipalokankoulu.net\/ops\/wp-json\/wp\/v2\/comments?post=252"}],"version-history":[{"count":1,"href":"https:\/\/keskipalokankoulu.net\/ops\/wp-json\/wp\/v2\/pages\/252\/revisions"}],"predecessor-version":[{"id":253,"href":"https:\/\/keskipalokankoulu.net\/ops\/wp-json\/wp\/v2\/pages\/252\/revisions\/253"}],"wp:attachment":[{"href":"https:\/\/keskipalokankoulu.net\/ops\/wp-json\/wp\/v2\/media?parent=252"}],"curies":[{"name":"wp","href":"https:\/\/api.w.org\/{rel}","templated":true}]}}