{"id":244,"date":"2015-10-11T18:03:53","date_gmt":"2015-10-11T18:03:53","guid":{"rendered":"http:\/\/keskipalokankoulu.net\/ops\/?page_id=244"},"modified":"2015-10-11T18:19:24","modified_gmt":"2015-10-11T18:19:24","slug":"244-2","status":"publish","type":"page","link":"https:\/\/keskipalokankoulu.net\/ops\/244-2\/","title":{"rendered":"Yhteisty\u00f6 j\u00e4rjest\u00f6jen kanssa"},"content":{"rendered":"<p>Koulu tekee yhteisty\u00f6t\u00e4 erilaisten j\u00e4rjest\u00f6jen kanssa. Yhteisty\u00f6ss\u00e4 keskeist\u00e4 on se, ett\u00e4 j\u00e4rjest\u00f6n toiminta yleens\u00e4 tai erityisesti kouluille suuntaama <b>toiminta tulee olla opetussuunnitelman hengen mukaista<\/b>.<\/p>\n<p>Kiinte\u00e4sti koulun opetussuunnitelmalliseen toimintaan kuuluvat mm. urheiluseurat (liikuntakasvatus, syrj\u00e4ytymisen ehk\u00e4iseminen), SPR (ensiaputaidot, n\u00e4lk\u00e4p\u00e4iv\u00e4ker\u00e4ys), Gideonit (ev.lut uskonnonopetus), Suomen ymp\u00e4rist\u00f6kasvatuksen seura ry (Vihre\u00e4 lippu) ja Unicef (vastuullisuuskasvatus).<\/p>\n<p>Monet j\u00e4rjest\u00f6t tukevat toiminnallaan koulun toimintaa. T\u00e4llaista on esim. Lions Clubin avustus- ja koulutustoiminta.<\/p>\n<p><b>Koulu ei avusta taloudellisesti j\u00e4rjest\u00f6toimintaa.<\/b> Jyv\u00e4skyl\u00e4n kaupungissa erilaisia avustuksia voi anoa mm. sivistyslautakunnalta.<\/p>\n<p>Opetushallitus tarkensi yhteisty\u00f6n periaatteita vuonna 2007, koulujen toimintaa ohjaava muistio ohessa.<\/p>\n<p><a href=\"http:\/\/keskipalokankoulu.net\/ops\/wp-content\/uploads\/2015\/10\/ophmarkkinointi2007.pdf\">Opetushallituksen ja kuluttajaviraston muistio 2007 (pdf)<\/a><\/p>\n<p><a href=\"http:\/\/keskipalokankoulu.net\/ops\/wp-content\/uploads\/2015\/10\/159339_koulujen_ja_oppilaitosten_seka_yritysten_valinen_yhteistyo_markkinointi_ja_s.pdf\">Koulujen ja oppilaitosten sek\u00e4 yritysten ja yhteis\u00f6jen v\u00e4linen yhteisty\u00f6, markkinointi ja sponsorointi, muistio 2014 (pdf)<\/a><\/p>\n<p>&nbsp;<\/p>\n","protected":false},"excerpt":{"rendered":"<p>Koulu tekee yhteisty\u00f6t\u00e4 erilaisten j\u00e4rjest\u00f6jen kanssa. Yhteisty\u00f6ss\u00e4 keskeist\u00e4 on se, ett\u00e4 j\u00e4rjest\u00f6n toiminta yleens\u00e4 tai erityisesti kouluille suuntaama toiminta tulee olla opetussuunnitelman hengen mukaista. Kiinte\u00e4sti koulun opetussuunnitelmalliseen toimintaan kuuluvat mm. urheiluseurat (liikuntakasvatus, syrj\u00e4ytymisen ehk\u00e4iseminen), SPR (ensiaputaidot, n\u00e4lk\u00e4p\u00e4iv\u00e4ker\u00e4ys), Gideonit (ev.lut uskonnonopetus), Suomen ymp\u00e4rist\u00f6kasvatuksen seura ry (Vihre\u00e4 lippu) ja Unicef (vastuullisuuskasvatus). Monet j\u00e4rjest\u00f6t tukevat toiminnallaan koulun toimintaa. &hellip; <a href=\"https:\/\/keskipalokankoulu.net\/ops\/244-2\/\" class=\"more-link\">Continue reading <span class=\"screen-reader-text\">Yhteisty\u00f6 j\u00e4rjest\u00f6jen kanssa<\/span> <span class=\"meta-nav\">&rarr;<\/span><\/a><\/p>\n","protected":false},"author":2,"featured_media":0,"parent":0,"menu_order":0,"comment_status":"closed","ping_status":"closed","template":"","meta":{"footnotes":""},"class_list":["post-244","page","type-page","status-publish","hentry"],"_links":{"self":[{"href":"https:\/\/keskipalokankoulu.net\/ops\/wp-json\/wp\/v2\/pages\/244","targetHints":{"allow":["GET"]}}],"collection":[{"href":"https:\/\/keskipalokankoulu.net\/ops\/wp-json\/wp\/v2\/pages"}],"about":[{"href":"https:\/\/keskipalokankoulu.net\/ops\/wp-json\/wp\/v2\/types\/page"}],"author":[{"embeddable":true,"href":"https:\/\/keskipalokankoulu.net\/ops\/wp-json\/wp\/v2\/users\/2"}],"replies":[{"embeddable":true,"href":"https:\/\/keskipalokankoulu.net\/ops\/wp-json\/wp\/v2\/comments?post=244"}],"version-history":[{"count":6,"href":"https:\/\/keskipalokankoulu.net\/ops\/wp-json\/wp\/v2\/pages\/244\/revisions"}],"predecessor-version":[{"id":251,"href":"https:\/\/keskipalokankoulu.net\/ops\/wp-json\/wp\/v2\/pages\/244\/revisions\/251"}],"wp:attachment":[{"href":"https:\/\/keskipalokankoulu.net\/ops\/wp-json\/wp\/v2\/media?parent=244"}],"curies":[{"name":"wp","href":"https:\/\/api.w.org\/{rel}","templated":true}]}}