{"id":240,"date":"2015-10-11T18:01:31","date_gmt":"2015-10-11T18:01:31","guid":{"rendered":"http:\/\/keskipalokankoulu.net\/ops\/?page_id=240"},"modified":"2015-10-11T18:01:31","modified_gmt":"2015-10-11T18:01:31","slug":"yhteistyo-yliopiston-ja-ammatillisten-oppilaitosten-kanssa","status":"publish","type":"page","link":"https:\/\/keskipalokankoulu.net\/ops\/yhteistyo-yliopiston-ja-ammatillisten-oppilaitosten-kanssa\/","title":{"rendered":"Yhteisty\u00f6 yliopiston ja ammatillisten oppilaitosten kanssa"},"content":{"rendered":"<h2><\/h2>\n<p>Haluamme hy\u00f6dynt\u00e4\u00e4 koulun keskeisen sijainnin Jyv\u00e4sseudulla.<\/p>\n<p>Koulun opetussuunnitelmaa tukevissa aihesis\u00e4ll\u00f6iss\u00e4 opetukseen voi liitty\u00e4 <b>esim. opiskelijoiden j\u00e4rjest\u00e4m\u00e4 kurssi.<\/b> T\u00e4llaisia voivat olla esim. terveelliset ruokailutottumukset, ihmisen terveys, ensiapu, liiuntakasvatus jne. Opetus voidaan toteuttaa my\u00f6s muualla kuin koulun tiloissa.<\/p>\n<p>Koulussamme opiskelijat voivat suorittaa <b>harjoittelujaksoja<\/b>, <b>n\u00e4ytt\u00f6tutkintoja<\/b> ja <b>opinn\u00e4ytetutkimuksia<\/b>seuraavien periaatteiden mukaan:<\/p>\n<ul>\n<li>opettaja tekee p\u00e4\u00e4t\u00f6ksen siit\u00e4, ottaako harjoittelijan ohjattavakseen (mm. ohjausvelvoitteen m\u00e4\u00e4r\u00e4 ja luonne jne)<\/li>\n<li>rehtori tekee p\u00e4\u00e4t\u00f6ksen harjoittelijan ottamisesta siin\u00e4 tapauksessa, ett\u00e4 harjoittelu vaikuttaa moneen luokkaan<\/li>\n<li>harjoittelijoita sitoo vaitiolovelvollisuus<\/li>\n<li>mik\u00e4li harjoitteluun tai tutkimukseen liittyy esim. yksitt\u00e4isten oppilaiden kykyjen ja piirteiden arviointia tai opetuksen videointia, oppilaiden huoltajilta kysyt\u00e4\u00e4n siihen lupa<\/li>\n<\/ul>\n<p>Haluamme, ett\u00e4 harjoittelijat voisivat kokea olevansa<b> osa kouluyhteis\u00f6\u00e4 <\/b>harjoittelun aikana. Haluamme antaa heille my\u00f6s heid\u00e4n taitojaan vastaavia, haastaviakin teht\u00e4vi\u00e4.<\/p>\n","protected":false},"excerpt":{"rendered":"<p>Haluamme hy\u00f6dynt\u00e4\u00e4 koulun keskeisen sijainnin Jyv\u00e4sseudulla. Koulun opetussuunnitelmaa tukevissa aihesis\u00e4ll\u00f6iss\u00e4 opetukseen voi liitty\u00e4 esim. opiskelijoiden j\u00e4rjest\u00e4m\u00e4 kurssi. T\u00e4llaisia voivat olla esim. terveelliset ruokailutottumukset, ihmisen terveys, ensiapu, liiuntakasvatus jne. Opetus voidaan toteuttaa my\u00f6s muualla kuin koulun tiloissa. Koulussamme opiskelijat voivat suorittaa harjoittelujaksoja, n\u00e4ytt\u00f6tutkintoja ja opinn\u00e4ytetutkimuksiaseuraavien periaatteiden mukaan: opettaja tekee p\u00e4\u00e4t\u00f6ksen siit\u00e4, ottaako harjoittelijan ohjattavakseen (mm. ohjausvelvoitteen &hellip; <a href=\"https:\/\/keskipalokankoulu.net\/ops\/yhteistyo-yliopiston-ja-ammatillisten-oppilaitosten-kanssa\/\" class=\"more-link\">Continue reading <span class=\"screen-reader-text\">Yhteisty\u00f6 yliopiston ja ammatillisten oppilaitosten kanssa<\/span> <span class=\"meta-nav\">&rarr;<\/span><\/a><\/p>\n","protected":false},"author":2,"featured_media":0,"parent":0,"menu_order":0,"comment_status":"closed","ping_status":"closed","template":"","meta":{"footnotes":""},"class_list":["post-240","page","type-page","status-publish","hentry"],"_links":{"self":[{"href":"https:\/\/keskipalokankoulu.net\/ops\/wp-json\/wp\/v2\/pages\/240","targetHints":{"allow":["GET"]}}],"collection":[{"href":"https:\/\/keskipalokankoulu.net\/ops\/wp-json\/wp\/v2\/pages"}],"about":[{"href":"https:\/\/keskipalokankoulu.net\/ops\/wp-json\/wp\/v2\/types\/page"}],"author":[{"embeddable":true,"href":"https:\/\/keskipalokankoulu.net\/ops\/wp-json\/wp\/v2\/users\/2"}],"replies":[{"embeddable":true,"href":"https:\/\/keskipalokankoulu.net\/ops\/wp-json\/wp\/v2\/comments?post=240"}],"version-history":[{"count":1,"href":"https:\/\/keskipalokankoulu.net\/ops\/wp-json\/wp\/v2\/pages\/240\/revisions"}],"predecessor-version":[{"id":241,"href":"https:\/\/keskipalokankoulu.net\/ops\/wp-json\/wp\/v2\/pages\/240\/revisions\/241"}],"wp:attachment":[{"href":"https:\/\/keskipalokankoulu.net\/ops\/wp-json\/wp\/v2\/media?parent=240"}],"curies":[{"name":"wp","href":"https:\/\/api.w.org\/{rel}","templated":true}]}}