{"id":236,"date":"2015-10-11T17:59:29","date_gmt":"2015-10-11T17:59:29","guid":{"rendered":"http:\/\/keskipalokankoulu.net\/ops\/?page_id=236"},"modified":"2024-01-24T14:45:48","modified_gmt":"2024-01-24T14:45:48","slug":"taide-ja-kulttuuriyhteistyo","status":"publish","type":"page","link":"https:\/\/keskipalokankoulu.net\/ops\/taide-ja-kulttuuriyhteistyo\/","title":{"rendered":"Taide- ja kulttuuriyhteisty\u00f6"},"content":{"rendered":"<p>Koulumme yhten\u00e4 painotusalueena on jo vuosien ajan ollut taidekasvatus. T\u00e4st\u00e4 johtuen koulullamme on useita omaehtoisesti valittuja yhteisty\u00f6kumppaneita taiteen ja kulttuurin alueella. <b>Taiteilijayhteisty\u00f6t\u00e4 <\/b>olemme tehneet esim. kuvataiteen, arkkitehtuurin, kirjallisuuden, tanssin ja elokuvan alueella. T\u00e4rkein taiteilijayhteisty\u00f6kumppanimme on kuvataiteilija Pertti Karjalainen, jonka kanssa yhteisty\u00f6 on jatkunut jo vuosikymmenien ajan. T\u00e4m\u00e4 yhteisty\u00f6 n\u00e4kyy koulumme k\u00e4yt\u00e4vill\u00e4 satoina Pertin kanssa toteutettuina taideteoksina. Lis\u00e4ksi olemme tehneet yhteisty\u00f6t\u00e4 mm. arkkitehti Ilpo Vuorelan, kirjailija Harri Istvan M\u00e4en ja elokuvaohjaaja Raimo O. Niemen kanssa.<\/p>\n<p>Erityisesti taiteilijayhteisty\u00f6t\u00e4 kuvataiteilija Pertti Karjalaisen kanssa kuvataan laajemmin <a href=\"https:\/\/peda.net\/jyvaskyla\/keski-palokankoulu\/luokat\/kt\">koulun taidekasvatus<\/a> -sivustolla.<\/p>\n<p>Jyv\u00e4skyl\u00e4n kaupungin kulttuuriopetussuunnitelma <a href=\"https:\/\/peda.net\/opetussuunnitelma\/ksops\/jyvaskyla\/kompassi\">Kompassi<\/a> kuvaa Jyv\u00e4skyl\u00e4n kouluille yhteisi\u00e4 kulttuurikasvatuksen tavoitteita ja toimintatapoja.<\/p>\n<p>Jyv\u00e4skyl\u00e4 osallistuu Jyv\u00e4skyl\u00e4n alueella toimivaan Lastenkulttuurikeskuksen <i><b><a href=\"http:\/\/www.jyvaskyla.fi\/kulttuuri\/aitta\">Kulttuuriaitan<\/a><\/b><\/i> toimintaan. Koulut voivat saada Kulttuuriaitan rahoittamana monenlaisia taidekasvatuksellisia palveluja: opettajien t\u00e4ydennyskoulutusta, poikkitaiteellisia yhteisty\u00f6projekteja eri alojen taiteilijoiden kanssa, konsertteja, teatterivierailuja, elokuva- ja mediakasvatusprojekteja, tutkimusprojekteja ym.<\/p>\n<p>Koulussamme kulttuuriyhdysopettajana toimii Milla Kaitaj\u00e4rvi.<\/p>\n<p>Jyv\u00e4skyl\u00e4n seudun vuotuinen <b>lastenkulttuuritapahtuma <a href=\"https:\/\/www.jyvaskyla.fi\/lasten-lysti\/\">Lasten lysti<\/a><\/b> j\u00e4rjest\u00e4\u00e4 tapahtumia my\u00f6s Keski-Palokan koululla. T\u00e4m\u00e4 mahdollistaa oppilaidemme osallistumisen esim. kiert\u00e4vien teattereiden esityksiin.<\/p>\n<p>Yhteisty\u00f6 Jyv\u00e4skyl\u00e4n <a href=\"http:\/\/www.jyvaskyla.fi\/kirjasto\">kaupunginkirjaston<\/a> kanssa on jokaviikkoista. Kunnan <b><a href=\"http:\/\/www.jyvaskyla.fi\/kirjasto\/kirjastoauto\">kirjastoauto<\/a><\/b> vierailee koulussamme kaksi kertaa viikossa.<\/p>\n<ul>\n<li>keskiviikkoisin klo 9.30 &#8211; 11.00<\/li>\n<li>torstaisin klo 11.25 &#8211; 13.05<\/li>\n<\/ul>\n<p>Koulumme haluaa tehd\u00e4 <b>kulttuuriyhteisty\u00f6t\u00e4 ymp\u00e4r\u00f6iv\u00e4n yhteis\u00f6n kanssa<\/b>. J\u00e4rjest\u00e4mme yhteisi\u00e4 tilaisuuksia naapurikoulujen kanssa (esim. sinfoniaorkesterivierailut, teatteriesitykset).\u00a0 Lis\u00e4ksi teemme yhteisty\u00f6t\u00e4 seurakunnan kanssa esim. yhteisten juhlien j\u00e4rjest\u00e4minen. Veteraanitalon asukkaiden kanssa yhteisty\u00f6 on ollut hyvin monimuotoista muotokuvamaalauksesta lasten esityksiin.<\/p>\n","protected":false},"excerpt":{"rendered":"<p>Koulumme yhten\u00e4 painotusalueena on jo vuosien ajan ollut taidekasvatus. T\u00e4st\u00e4 johtuen koulullamme on useita omaehtoisesti valittuja yhteisty\u00f6kumppaneita taiteen ja kulttuurin alueella. Taiteilijayhteisty\u00f6t\u00e4 olemme tehneet esim. kuvataiteen, arkkitehtuurin, kirjallisuuden, tanssin ja elokuvan alueella. T\u00e4rkein taiteilijayhteisty\u00f6kumppanimme on kuvataiteilija Pertti Karjalainen, jonka kanssa yhteisty\u00f6 on jatkunut jo vuosikymmenien ajan. T\u00e4m\u00e4 yhteisty\u00f6 n\u00e4kyy koulumme k\u00e4yt\u00e4vill\u00e4 satoina Pertin kanssa toteutettuina &hellip; <a href=\"https:\/\/keskipalokankoulu.net\/ops\/taide-ja-kulttuuriyhteistyo\/\" class=\"more-link\">Continue reading <span class=\"screen-reader-text\">Taide- ja kulttuuriyhteisty\u00f6<\/span> <span class=\"meta-nav\">&rarr;<\/span><\/a><\/p>\n","protected":false},"author":2,"featured_media":0,"parent":0,"menu_order":0,"comment_status":"closed","ping_status":"closed","template":"","meta":{"footnotes":""},"class_list":["post-236","page","type-page","status-publish","hentry"],"_links":{"self":[{"href":"https:\/\/keskipalokankoulu.net\/ops\/wp-json\/wp\/v2\/pages\/236","targetHints":{"allow":["GET"]}}],"collection":[{"href":"https:\/\/keskipalokankoulu.net\/ops\/wp-json\/wp\/v2\/pages"}],"about":[{"href":"https:\/\/keskipalokankoulu.net\/ops\/wp-json\/wp\/v2\/types\/page"}],"author":[{"embeddable":true,"href":"https:\/\/keskipalokankoulu.net\/ops\/wp-json\/wp\/v2\/users\/2"}],"replies":[{"embeddable":true,"href":"https:\/\/keskipalokankoulu.net\/ops\/wp-json\/wp\/v2\/comments?post=236"}],"version-history":[{"count":10,"href":"https:\/\/keskipalokankoulu.net\/ops\/wp-json\/wp\/v2\/pages\/236\/revisions"}],"predecessor-version":[{"id":1198,"href":"https:\/\/keskipalokankoulu.net\/ops\/wp-json\/wp\/v2\/pages\/236\/revisions\/1198"}],"wp:attachment":[{"href":"https:\/\/keskipalokankoulu.net\/ops\/wp-json\/wp\/v2\/media?parent=236"}],"curies":[{"name":"wp","href":"https:\/\/api.w.org\/{rel}","templated":true}]}}