{"id":233,"date":"2015-10-11T17:58:04","date_gmt":"2015-10-11T17:58:04","guid":{"rendered":"http:\/\/keskipalokankoulu.net\/ops\/?page_id=233"},"modified":"2024-08-09T13:06:38","modified_gmt":"2024-08-09T13:06:38","slug":"yhteistyo-erilaisten-julkisten-palveluiden-kanssa","status":"publish","type":"page","link":"https:\/\/keskipalokankoulu.net\/ops\/yhteistyo-erilaisten-julkisten-palveluiden-kanssa\/","title":{"rendered":"Yhteisty\u00f6 erilaisten julkisten palveluiden kanssa"},"content":{"rendered":"<p>Koulu ty\u00f6skentelee yhteisty\u00f6ss\u00e4 eri viranomaisten kanssa. Kulttuurialaan liittyv\u00e4t yhteisty\u00f6muodot on kuvattu<a href=\"http:\/\/keskipalokankoulu.net\/ops\/taide-ja-kulttuuriyhteistyo\/\"> kulttuuri- ja taiteilijayhteisty\u00f6<\/a> -luvussa.<\/p>\n<h3>Jyv\u00e4skyl\u00e4n kaupunki<\/h3>\n<p>Keski-Palokan koulu on osa Jyv\u00e4skyl\u00e4n kaupunkia. T\u00e4m\u00e4n vuoksi on luontevaa, ett\u00e4 koulu tekee tiivist\u00e4 yhteisty\u00f6t\u00e4 Jyv\u00e4skyl\u00e4n kaupungin eri toimijoiden kanssa. Tukitoimintojen (kiinteist\u00f6jen korjaus, liikennev\u00e4ylien rakentaminen, ATK-palvelut jne) suhteen toiminta on niin monimuotoista, ett\u00e4 sit\u00e4 ei ole mielek\u00e4st\u00e4 t\u00e4ss\u00e4 kuvata. Kuvaamme yhteisty\u00f6-osiossa koulun ydintoiminnan kannalta keskeisimpi\u00e4 yhteisty\u00f6muotoja ja -kumppaneita, kuten <a href=\"http:\/\/keskipalokankoulu.net\/ops\/yhteistyo-lapsen-siirtyessa-esiopetuksesta-kouluun\/\">esiopetus<\/a>, <a href=\"http:\/\/keskipalokankoulu.net\/ops\/palokan-koulujen-yhteistyo\/\">muut Palokan koulut<\/a>, <a href=\"https:\/\/www.jyvaskyla.fi\/kirjasto\">kirjasto\u00a0<\/a>ja nuorisopalvelut).<\/p>\n<h3>Jyv\u00e4skyl\u00e4n kaupungin nuorisopalveluiden kanssa teht\u00e4v\u00e4 yhteisty\u00f6 (Palokan koulujen yhteistoimintasuunnitelman mukaan)<\/h3>\n<p>Palokan alueen koulut tekev\u00e4t yhteisty\u00f6t\u00e4 Jyv\u00e4skyl\u00e4n kaupungin <a href=\"https:\/\/www.jyvaskyla.fi\/nuoriso\">nuorisopalveluiden<\/a> kanssa. Lasten sosiaalisen vahvistumisen tukemiseksi k\u00e4ytet\u00e4\u00e4n <b>Youth Against Drugs ry:n Ehk\u00e4isev\u00e4n ty\u00f6n malli<\/b>a. Malliin liittyv\u00e4t useilla kouluilla tehdyt harrastus- ja sosiaalisten taitojen kartoitukset, joiden pohjalta oppilaita ohjataan mahdollisuuksien mukaan ohjattuun harrastustoimintaan. Kartoitusten pohjalta pyrit\u00e4\u00e4n my\u00f6s r\u00e4\u00e4t\u00e4l\u00f6im\u00e4\u00e4n sellaista pienryhm\u00e4toimintaa, jolle n\u00e4ytt\u00e4isi olevan tarvetta.<\/p>\n<p>Nuorisopalvelut on my\u00f6s mukana kodin ja koulun v\u00e4lisen yhteisty\u00f6n kehitt\u00e4misess\u00e4 ja vanhemmuuden tukemisessa j\u00e4rjest\u00e4m\u00e4ll\u00e4 alueella mm. <b>osallistavia vanhempainiltoja<\/b> ja mahdollistamalla osaltaan vanhempi-lapsitoimintaa koulujen tiloissa. Oppilaiden siirtyess\u00e4 alakoulusta yl\u00e4kouluun nuorisotoimi on osaltaan tukemassa nivelvaihetta yhteisty\u00f6ss\u00e4 koulujen kanssa.<\/p>\n<p>Nuorisopalvelut on mahdollisuuksien mukaan yhteisty\u00f6ss\u00e4 alueen koulujen kanssa. Lis\u00e4ksi nuorisotoimi ilmoittaa kouluille toimintamuodoistaan, k\u00e4y pit\u00e4m\u00e4ss\u00e4 p\u00e4iv\u00e4navauksia alueen kouluilla ja on mukana luokkaretkien ym. tapahtumien toteutuksessa ja valvonnassa tarpeen mukaan.<\/p>\n<h3>Jyv\u00e4skyl\u00e4n seurakunta<\/h3>\n<p><a href=\"http:\/\/www.jyvaskylanseurakunta.fi\/\">Jyv\u00e4skyl\u00e4n evankelis-luterilaisen seurakunnan<\/a> ja erityisesti Palokan seurakuntapiirin kanssa teemme yhteisty\u00f6t\u00e4 evankelis-luterilaisen uskonnonopetuksen sis\u00e4ll\u00f6iss\u00e4 (mm. seurakunnan toimintaan tutustuminen), tapahtumissa (esim. p\u00e4\u00e4si\u00e4isvaellus), juhlissa (joulu-, p\u00e4\u00e4si\u00e4is- tai kev\u00e4tkirkko) sek\u00e4 s\u00e4\u00e4nn\u00f6llisin v\u00e4liajoin pidett\u00e4viss\u00e4 p\u00e4iv\u00e4navauksissa.<\/p>\n<p>Lis\u00e4ksi koulu tekee yhteisty\u00f6t\u00e4 mm. seurakunnan syrj\u00e4ytymist\u00e4 ehk\u00e4isevien projektien yhteydess\u00e4.<\/p>\n<h3>Poliisi<\/h3>\n<p><a href=\"http:\/\/www.poliisi.fi\/\">Poliisi<\/a> antaa koululle virka-apua esim. oppituntien pit\u00e4misess\u00e4 (liikenne-, p\u00e4ihde- ja laillisuuskasvatus). Poliisi voi osallistua my\u00f6s erilaisiin teemap\u00e4iviin sek\u00e4 pit\u00e4\u00e4 vanhempainiltoja. Lis\u00e4ksi poliisi avustaa mm. koulukuljetuksiin liittyviss\u00e4 matkanmittauksissa tarvittaessa.<\/p>\n","protected":false},"excerpt":{"rendered":"<p>Koulu ty\u00f6skentelee yhteisty\u00f6ss\u00e4 eri viranomaisten kanssa. Kulttuurialaan liittyv\u00e4t yhteisty\u00f6muodot on kuvattu kulttuuri- ja taiteilijayhteisty\u00f6 -luvussa. Jyv\u00e4skyl\u00e4n kaupunki Keski-Palokan koulu on osa Jyv\u00e4skyl\u00e4n kaupunkia. T\u00e4m\u00e4n vuoksi on luontevaa, ett\u00e4 koulu tekee tiivist\u00e4 yhteisty\u00f6t\u00e4 Jyv\u00e4skyl\u00e4n kaupungin eri toimijoiden kanssa. Tukitoimintojen (kiinteist\u00f6jen korjaus, liikennev\u00e4ylien rakentaminen, ATK-palvelut jne) suhteen toiminta on niin monimuotoista, ett\u00e4 sit\u00e4 ei ole mielek\u00e4st\u00e4 t\u00e4ss\u00e4 &hellip; <a href=\"https:\/\/keskipalokankoulu.net\/ops\/yhteistyo-erilaisten-julkisten-palveluiden-kanssa\/\" class=\"more-link\">Continue reading <span class=\"screen-reader-text\">Yhteisty\u00f6 erilaisten julkisten palveluiden kanssa<\/span> <span class=\"meta-nav\">&rarr;<\/span><\/a><\/p>\n","protected":false},"author":2,"featured_media":0,"parent":0,"menu_order":0,"comment_status":"closed","ping_status":"closed","template":"","meta":{"footnotes":""},"class_list":["post-233","page","type-page","status-publish","hentry"],"_links":{"self":[{"href":"https:\/\/keskipalokankoulu.net\/ops\/wp-json\/wp\/v2\/pages\/233","targetHints":{"allow":["GET"]}}],"collection":[{"href":"https:\/\/keskipalokankoulu.net\/ops\/wp-json\/wp\/v2\/pages"}],"about":[{"href":"https:\/\/keskipalokankoulu.net\/ops\/wp-json\/wp\/v2\/types\/page"}],"author":[{"embeddable":true,"href":"https:\/\/keskipalokankoulu.net\/ops\/wp-json\/wp\/v2\/users\/2"}],"replies":[{"embeddable":true,"href":"https:\/\/keskipalokankoulu.net\/ops\/wp-json\/wp\/v2\/comments?post=233"}],"version-history":[{"count":6,"href":"https:\/\/keskipalokankoulu.net\/ops\/wp-json\/wp\/v2\/pages\/233\/revisions"}],"predecessor-version":[{"id":1233,"href":"https:\/\/keskipalokankoulu.net\/ops\/wp-json\/wp\/v2\/pages\/233\/revisions\/1233"}],"wp:attachment":[{"href":"https:\/\/keskipalokankoulu.net\/ops\/wp-json\/wp\/v2\/media?parent=233"}],"curies":[{"name":"wp","href":"https:\/\/api.w.org\/{rel}","templated":true}]}}