{"id":220,"date":"2015-10-11T17:45:12","date_gmt":"2015-10-11T17:45:12","guid":{"rendered":"http:\/\/keskipalokankoulu.net\/ops\/?page_id=220"},"modified":"2026-04-13T10:30:23","modified_gmt":"2026-04-13T10:30:23","slug":"220-2","status":"publish","type":"page","link":"https:\/\/keskipalokankoulu.net\/ops\/220-2\/","title":{"rendered":"Vanhempainyhdistys"},"content":{"rendered":"<p>Keski-Palokan koulun vanhempainyhdistys ry on <b>keskeinen toimija kodin ja koulun v\u00e4lisess\u00e4 yhteisty\u00f6ss\u00e4<\/b>. Yhdistys on rekister\u00f6ity yhdistysrekisteriin. Vanhempainyhdistys on haluttu kuitenkin pit\u00e4\u00e4 k\u00e4yt\u00e4nn\u00f6llisen\u00e4 ja mahdollisimman ep\u00e4muodollisena yhteisty\u00f6foorumina.<\/p>\n<p>Voit ottaa vanhempainyhdistyksen puheenjohtajaan yhteytt\u00e4 s\u00e4hk\u00f6postilla <a href=\"https:\/\/keskipalokankoulu.net\/ops\/wp-content\/uploads\/2024\/10\/sahkoposti-1.png\"><img loading=\"lazy\" decoding=\"async\" class=\"aligncenter size-full wp-image-1263\" src=\"https:\/\/keskipalokankoulu.net\/ops\/wp-content\/uploads\/2024\/10\/sahkoposti-1.png\" alt=\"\" width=\"314\" height=\"22\" srcset=\"https:\/\/keskipalokankoulu.net\/ops\/wp-content\/uploads\/2024\/10\/sahkoposti-1.png 314w, https:\/\/keskipalokankoulu.net\/ops\/wp-content\/uploads\/2024\/10\/sahkoposti-1-300x21.png 300w\" sizes=\"auto, (max-width: 314px) 100vw, 314px\" \/><\/a><\/p>\n<p>Kaikille avoimet kokoukset lukuvuonna 2026-2027 (klo 18, koulun henkil\u00f6kunnan huoneessa): ti 29.9.2026, ke 4.11.2026 (vuosikokous), ma 8.2.2027 ja to 22.4.2027<\/p>\n<p>Vanhempainyhdistyksen tarkoitus ja toiminta m\u00e4\u00e4ritell\u00e4\u00e4n s\u00e4\u00e4nn\u00f6iss\u00e4 seuraavasti:<\/p>\n<p><b>Yhdistyksen tarkoituksena on edist\u00e4\u00e4 ja yll\u00e4pit\u00e4\u00e4 Keski-Palokan koulun ja kotien yhteisty\u00f6t\u00e4 ja tukea sek\u00e4 aatteellisesti ett\u00e4 taloudellisesti koulun kulttuuri-, harrastus- ja kasvatustoimintaa.<\/b><\/p>\n<p>Tarkoituksensa toteuttamiseksi yhdistys:<\/p>\n<ul>\n<li>j\u00e4rjest\u00e4\u00e4 kokouksia, joihin yhdistyksen j\u00e4senten lis\u00e4ksi kutsutaan kaikkien luokkien yhdyshenkil\u00f6t. Hallituksen kokoukset ovat kaikille avoimia.<\/li>\n<li>perehtyy koulun kasvatustavoitteisiin ja koulun toimintaan<\/li>\n<li>tekee esityksi\u00e4 ja aloitteita sek\u00e4 ottaa yhteytt\u00e4 viranomaisiin tarpeellisten uudistusten aikaansaamiseksi<\/li>\n<li>pit\u00e4\u00e4 yll\u00e4 yhteyksi\u00e4 koulun hallintoelimiin ja kouluhenkil\u00f6st\u00f6\u00f6n sek\u00e4 toimii yhteisty\u00f6ss\u00e4 muiden koulun hyv\u00e4ksi toimivien yhteis\u00f6jen kanssa<\/li>\n<li>k\u00e4sittelee kokouksissaan kodin ja koulun yhteistoimintaa edist\u00e4vi\u00e4 asioita<\/li>\n<li>j\u00e4rjest\u00e4\u00e4 koulutustilaisuuksia oppilaiden vanhemmille<\/li>\n<li>tukee tarvittaessa toiminnallisesti ja taloudellisesti oppilaiden harrastustoimintaa<\/li>\n<li>j\u00e4rjest\u00e4\u00e4 neuvottelu-, keskustelu- ja juhlatilaisuuksia, ja toimintansa tukemiseksi yhdistys toimeenpanee varainker\u00e4yksi\u00e4 ja arpajaisia.<\/li>\n<\/ul>\n<p>Yhdistykseen j\u00e4seneksi voi liitty\u00e4 oppilaan huoltaja, joka hyv\u00e4ksyy yhdistyksen tarkoituksen ja s\u00e4\u00e4nn\u00f6t.<\/p>\n<p>Yhdistyksen j\u00e4senilt\u00e4 peritt\u00e4v\u00e4n liittymis- ja vuotuisen j\u00e4senmaksun suuruus p\u00e4\u00e4tet\u00e4\u00e4n vuosikokouksessa. T\u00e4ll\u00e4 hetkell\u00e4 vuosimaksu on suuruudeltaan 5 euroa \/ yhdistykseen kuuluva huoltaja ja kannatus- ja tukij\u00e4senyysmaksu 10 euroa.<\/p>\n<p><a href=\"https:\/\/keskipalokankoulu.net\/ops\/wp-content\/uploads\/2026\/02\/Tervehdys-vanhempainyhdistyksesta.pdf\">Vanhempainyhdistyksen j\u00e4senlomake<\/a><\/p>\n\n\n<p><\/p>\n","protected":false},"excerpt":{"rendered":"<p>Keski-Palokan koulun vanhempainyhdistys ry on keskeinen toimija kodin ja koulun v\u00e4lisess\u00e4 yhteisty\u00f6ss\u00e4. Yhdistys on rekister\u00f6ity yhdistysrekisteriin. Vanhempainyhdistys on haluttu kuitenkin pit\u00e4\u00e4 k\u00e4yt\u00e4nn\u00f6llisen\u00e4 ja mahdollisimman ep\u00e4muodollisena yhteisty\u00f6foorumina. Voit ottaa vanhempainyhdistyksen puheenjohtajaan yhteytt\u00e4 s\u00e4hk\u00f6postilla Kaikille avoimet kokoukset lukuvuonna 2026-2027 (klo 18, koulun henkil\u00f6kunnan huoneessa): ti 29.9.2026, ke 4.11.2026 (vuosikokous), ma 8.2.2027 ja to 22.4.2027 Vanhempainyhdistyksen tarkoitus ja &hellip; <a href=\"https:\/\/keskipalokankoulu.net\/ops\/220-2\/\" class=\"more-link\">Continue reading <span class=\"screen-reader-text\">Vanhempainyhdistys<\/span> <span class=\"meta-nav\">&rarr;<\/span><\/a><\/p>\n","protected":false},"author":2,"featured_media":0,"parent":0,"menu_order":0,"comment_status":"closed","ping_status":"closed","template":"","meta":{"footnotes":""},"class_list":["post-220","page","type-page","status-publish","hentry"],"_links":{"self":[{"href":"https:\/\/keskipalokankoulu.net\/ops\/wp-json\/wp\/v2\/pages\/220","targetHints":{"allow":["GET"]}}],"collection":[{"href":"https:\/\/keskipalokankoulu.net\/ops\/wp-json\/wp\/v2\/pages"}],"about":[{"href":"https:\/\/keskipalokankoulu.net\/ops\/wp-json\/wp\/v2\/types\/page"}],"author":[{"embeddable":true,"href":"https:\/\/keskipalokankoulu.net\/ops\/wp-json\/wp\/v2\/users\/2"}],"replies":[{"embeddable":true,"href":"https:\/\/keskipalokankoulu.net\/ops\/wp-json\/wp\/v2\/comments?post=220"}],"version-history":[{"count":12,"href":"https:\/\/keskipalokankoulu.net\/ops\/wp-json\/wp\/v2\/pages\/220\/revisions"}],"predecessor-version":[{"id":1376,"href":"https:\/\/keskipalokankoulu.net\/ops\/wp-json\/wp\/v2\/pages\/220\/revisions\/1376"}],"wp:attachment":[{"href":"https:\/\/keskipalokankoulu.net\/ops\/wp-json\/wp\/v2\/media?parent=220"}],"curies":[{"name":"wp","href":"https:\/\/api.w.org\/{rel}","templated":true}]}}