{"id":214,"date":"2015-10-11T17:42:21","date_gmt":"2015-10-11T17:42:21","guid":{"rendered":"http:\/\/keskipalokankoulu.net\/ops\/?page_id=214"},"modified":"2024-08-22T10:19:03","modified_gmt":"2024-08-22T10:19:03","slug":"kodin-ja-koulun-yhteistyo","status":"publish","type":"page","link":"https:\/\/keskipalokankoulu.net\/ops\/kodin-ja-koulun-yhteistyo\/","title":{"rendered":"Kodin ja koulun yhteisty\u00f6"},"content":{"rendered":"<p>Pyrimme mahdollisimman saumattomaan yhteisty\u00f6h\u00f6n kotien kanssa. V\u00e4linein\u00e4 k\u00e4yt\u00e4mme mm. seuraavia asioita:<\/p>\n<p><b>Kodin ja koulun v\u00e4lill\u00e4:<\/b><\/p>\n<ul>\n<li><b><a href=\"https:\/\/jyvaskyla.inschool.fi\/\">Wilma-j\u00e4rjestelm\u00e4\u00e4<\/a><\/b><\/li>\n<li><b>vanhempainillat<\/b>: luokkakohtaiset, luokkatasojen yhteiset ja vanhempainyhdistyksen kanssa j\u00e4rjestetyt koko koulun vanhempainillat<\/li>\n<li><b>yhteistoiminnalliset illat<\/b>: iltakoulu, jossa luokan oppilaat ja vanhemmat yhdess\u00e4 opettajan ja mahdollisesti jonkun muun asiantuntijan kanssa miettiv\u00e4t koulunk\u00e4yntiin ja yhteisty\u00f6h\u00f6n liittyvi\u00e4 asioita.<\/li>\n<li>koulun yleiset tiedotteet<\/li>\n<li><b><a href=\"http:\/\/keskipalokankoulu.net\/ops\/220-2\/\">vanhempainyhdistys<\/a><\/b><\/li>\n<li><b>koulun verkkosivu osoitteessa www.keskipalokankoulu.net<\/b><\/li>\n<\/ul>\n<p><b>Opettajien ja kodin v\u00e4lill\u00e4:<\/b><\/p>\n<ul>\n<li><b><a href=\"http:\/\/keskipalokankoulu.net\/ops\/oppimisen_arviointi\/\">arviointikeskustelut<\/a> <\/b>vuosittain v\u00e4liarviointina<\/li>\n<li><b>reissuvihko erikseen sovittaessa<\/b><\/li>\n<li><b>puhelinkeskustelut ja tekstiviestit<\/b><\/li>\n<li><b><a href=\"http:\/\/keskipalokankoulu.net\/ops\/tiedottaminen\/\">tiedottaminen<\/a><\/b><\/li>\n<li><b>luokan sivut <a href=\"https:\/\/peda.net\/jyvaskyla\/keski-palokankoulu\/luokat\">Peda.net <\/a><\/b>-j\u00e4rjestelm\u00e4ss\u00e4.<\/li>\n<\/ul>\n<p>Oma luokanopettaja huolehtii ensisijaisesti kodin ja opettajien v\u00e4lisest\u00e4 yhteisty\u00f6st\u00e4. Tarkemmat s\u00e4\u00e4nn\u00f6t sovitaan yhdess\u00e4 asianomaisen opettajan kanssa.<\/p>\n<p>Mik\u00e4li vanhemmilla on uusia ideoita yhteisty\u00f6n kehitt\u00e4miseksi, otamme mielell\u00e4mme vastaan ehdotuksia.<\/p>\n<p>Haluamme rohkaista <b>huoltajia tulemaan mukaan koulun arkeen.<\/b> Koulun toiminta on lakis\u00e4\u00e4teisesti julkista (rehtorilla on oikeus rajoittaa julkisuutta erityistilanteissa), toisin sanoen\u00a0 huoltajat voivat osallistua oppitunteihin, mik\u00e4 rikastuttaa koulun toimintaa ja antaa my\u00f6s huoltajalle kuvan erityisesti siit\u00e4, miten oma lapsi toimii osana isoa ryhm\u00e4\u00e4. Vanhemmat ovat tervetulleita my\u00f6s koulun retkille.<\/p>\n<p>Koemme, ett\u00e4 on lapsen edun mukaista, ett\u00e4 opettaja tiet\u00e4\u00e4 my\u00f6s lapsen kotitilanteiden muutoksista, mik\u00e4li niiden oletetaan vaikuttavan koulunk\u00e4yntiin. Mik\u00e4li lapsen huoltajat asuvat erill\u00e4\u00e4n, toivomme vanhempien kesken\u00e4\u00e4n sopivan tiedonkulusta koululle.<\/p>\n<p>Toivomme vanhempien neuvottelevan opettajan kanssa etuk\u00e4teen, mik\u00e4li perhe haluaa rajoittaa lapsen osallistumista opetukseen\u00a0 esimerkiksi <a href=\"http:\/\/keskipalokankoulu.net\/ops\/eri-kulttuuri-ja-uskonnollisten-ryhmien-nakemysten-huomioiminen\/\">kulttuurisista tai uskonnollisista syist\u00e4<\/a>. Uskomme, ett\u00e4 avoin tiedonkulku edist\u00e4\u00e4 molemminpuolista kunnioitusta t\u00e4m\u00e4nkaltaisissa asioissa.<\/p>\n<p><a href=\"https:\/\/eperusteet.opintopolku.fi\/#\/fi\/perusopetus\/419550\/tekstikappale\/429342\">Perusopetuksen opetussuunnitelman perusteet 2014: Kodin ja koulun yhteisty\u00f6<\/a><\/p>\n","protected":false},"excerpt":{"rendered":"<p>Pyrimme mahdollisimman saumattomaan yhteisty\u00f6h\u00f6n kotien kanssa. V\u00e4linein\u00e4 k\u00e4yt\u00e4mme mm. seuraavia asioita: Kodin ja koulun v\u00e4lill\u00e4: Wilma-j\u00e4rjestelm\u00e4\u00e4 vanhempainillat: luokkakohtaiset, luokkatasojen yhteiset ja vanhempainyhdistyksen kanssa j\u00e4rjestetyt koko koulun vanhempainillat yhteistoiminnalliset illat: iltakoulu, jossa luokan oppilaat ja vanhemmat yhdess\u00e4 opettajan ja mahdollisesti jonkun muun asiantuntijan kanssa miettiv\u00e4t koulunk\u00e4yntiin ja yhteisty\u00f6h\u00f6n liittyvi\u00e4 asioita. koulun yleiset tiedotteet vanhempainyhdistys koulun verkkosivu &hellip; <a href=\"https:\/\/keskipalokankoulu.net\/ops\/kodin-ja-koulun-yhteistyo\/\" class=\"more-link\">Continue reading <span class=\"screen-reader-text\">Kodin ja koulun yhteisty\u00f6<\/span> <span class=\"meta-nav\">&rarr;<\/span><\/a><\/p>\n","protected":false},"author":2,"featured_media":0,"parent":0,"menu_order":0,"comment_status":"closed","ping_status":"closed","template":"","meta":{"footnotes":""},"class_list":["post-214","page","type-page","status-publish","hentry"],"_links":{"self":[{"href":"https:\/\/keskipalokankoulu.net\/ops\/wp-json\/wp\/v2\/pages\/214","targetHints":{"allow":["GET"]}}],"collection":[{"href":"https:\/\/keskipalokankoulu.net\/ops\/wp-json\/wp\/v2\/pages"}],"about":[{"href":"https:\/\/keskipalokankoulu.net\/ops\/wp-json\/wp\/v2\/types\/page"}],"author":[{"embeddable":true,"href":"https:\/\/keskipalokankoulu.net\/ops\/wp-json\/wp\/v2\/users\/2"}],"replies":[{"embeddable":true,"href":"https:\/\/keskipalokankoulu.net\/ops\/wp-json\/wp\/v2\/comments?post=214"}],"version-history":[{"count":7,"href":"https:\/\/keskipalokankoulu.net\/ops\/wp-json\/wp\/v2\/pages\/214\/revisions"}],"predecessor-version":[{"id":1249,"href":"https:\/\/keskipalokankoulu.net\/ops\/wp-json\/wp\/v2\/pages\/214\/revisions\/1249"}],"wp:attachment":[{"href":"https:\/\/keskipalokankoulu.net\/ops\/wp-json\/wp\/v2\/media?parent=214"}],"curies":[{"name":"wp","href":"https:\/\/api.w.org\/{rel}","templated":true}]}}