{"id":207,"date":"2015-10-11T17:14:52","date_gmt":"2015-10-11T17:14:52","guid":{"rendered":"http:\/\/keskipalokankoulu.net\/ops\/?page_id=207"},"modified":"2015-10-11T17:15:07","modified_gmt":"2015-10-11T17:15:07","slug":"207-2","status":"publish","type":"page","link":"https:\/\/keskipalokankoulu.net\/ops\/207-2\/","title":{"rendered":"Pelastussuunnitelma"},"content":{"rendered":"<p>Keski-Palokan koulussa on Pelastuslain \u00a7 15 (379\/2011) tarkoittama pelastussuunnitelma.<\/p>\n<p>Pelastussuunnitelma sis\u00e4lt\u00e4\u00e4<\/p>\n<ul>\n<li>ennakoitavat vaaratilanteet ja niiden vaikutukset<\/li>\n<li>toimenpiteet ja vaaratilanteiden ehk\u00e4isemiseksi<\/li>\n<li>poistumis- ja suojautumismahdollisuudet, sammutus- ja pelastusteht\u00e4vien j\u00e4rjestelyt<\/li>\n<li>turvallisuushenkil\u00f6st\u00f6, sen varaaminen ja kouluttaminen sek\u00e4 muun henkil\u00f6st\u00f6n perehdytt\u00e4minen suunnitelmaan<\/li>\n<li>tarvittava materiaali kuten alkusammutus-, pelastus- ja raivauskalusto, henkil\u00f6suojaimet ja ensiaputarvikkeet<\/li>\n<li>ohjeet erilaisia ennakoituja onnettomuus-, vaara- ja vahinkotilanteita varten<\/li>\n<li>miten suunnitelmaan sis\u00e4ltyv\u00e4t tiedot saatetaan asianomaisten tietoon<\/li>\n<li>miten rakennuksessa tai tilassa olevien heikentynyt toimintakyky otetaan huomioon vaaratilanteisiin varautumisessa<\/li>\n<li>kohteen tavanomaisesta poikkeava k\u00e4ytt\u00f6<\/li>\n<\/ul>\n<p><iframe loading=\"lazy\" id=\"tabiframe\" src=\"http:\/\/www.finlex.fi\/fi\/laki\/ajantasa\/2011\/20110379\" width=\"98%\" height=\"550px\"><\/iframe><\/p>\n","protected":false},"excerpt":{"rendered":"<p>Keski-Palokan koulussa on Pelastuslain \u00a7 15 (379\/2011) tarkoittama pelastussuunnitelma. Pelastussuunnitelma sis\u00e4lt\u00e4\u00e4 ennakoitavat vaaratilanteet ja niiden vaikutukset toimenpiteet ja vaaratilanteiden ehk\u00e4isemiseksi poistumis- ja suojautumismahdollisuudet, sammutus- ja pelastusteht\u00e4vien j\u00e4rjestelyt turvallisuushenkil\u00f6st\u00f6, sen varaaminen ja kouluttaminen sek\u00e4 muun henkil\u00f6st\u00f6n perehdytt\u00e4minen suunnitelmaan tarvittava materiaali kuten alkusammutus-, pelastus- ja raivauskalusto, henkil\u00f6suojaimet ja ensiaputarvikkeet ohjeet erilaisia ennakoituja onnettomuus-, vaara- ja vahinkotilanteita varten &hellip; <a href=\"https:\/\/keskipalokankoulu.net\/ops\/207-2\/\" class=\"more-link\">Continue reading <span class=\"screen-reader-text\">Pelastussuunnitelma<\/span> <span class=\"meta-nav\">&rarr;<\/span><\/a><\/p>\n","protected":false},"author":2,"featured_media":0,"parent":0,"menu_order":0,"comment_status":"closed","ping_status":"closed","template":"","meta":{"footnotes":""},"class_list":["post-207","page","type-page","status-publish","hentry"],"_links":{"self":[{"href":"https:\/\/keskipalokankoulu.net\/ops\/wp-json\/wp\/v2\/pages\/207","targetHints":{"allow":["GET"]}}],"collection":[{"href":"https:\/\/keskipalokankoulu.net\/ops\/wp-json\/wp\/v2\/pages"}],"about":[{"href":"https:\/\/keskipalokankoulu.net\/ops\/wp-json\/wp\/v2\/types\/page"}],"author":[{"embeddable":true,"href":"https:\/\/keskipalokankoulu.net\/ops\/wp-json\/wp\/v2\/users\/2"}],"replies":[{"embeddable":true,"href":"https:\/\/keskipalokankoulu.net\/ops\/wp-json\/wp\/v2\/comments?post=207"}],"version-history":[{"count":2,"href":"https:\/\/keskipalokankoulu.net\/ops\/wp-json\/wp\/v2\/pages\/207\/revisions"}],"predecessor-version":[{"id":209,"href":"https:\/\/keskipalokankoulu.net\/ops\/wp-json\/wp\/v2\/pages\/207\/revisions\/209"}],"wp:attachment":[{"href":"https:\/\/keskipalokankoulu.net\/ops\/wp-json\/wp\/v2\/media?parent=207"}],"curies":[{"name":"wp","href":"https:\/\/api.w.org\/{rel}","templated":true}]}}