{"id":200,"date":"2015-10-11T17:10:07","date_gmt":"2015-10-11T17:10:07","guid":{"rendered":"http:\/\/keskipalokankoulu.net\/ops\/?page_id=200"},"modified":"2017-09-13T07:54:12","modified_gmt":"2017-09-13T07:54:12","slug":"kehittaminen-ja-arviointi","status":"publish","type":"page","link":"https:\/\/keskipalokankoulu.net\/ops\/kehittaminen-ja-arviointi\/","title":{"rendered":"Kehitt\u00e4minen ja arviointi"},"content":{"rendered":"<p>Koulun <b>itsearviointi<\/b> on koko ty\u00f6yhteis\u00f6n tai sen yksitt\u00e4isen j\u00e4senen omaan toimintaansa kohdistamaa arviointia. Se on koulun toimintaymp\u00e4rist\u00f6n, opetuksen, tavoitteiden ja oppilaan oppimisen jatkuvaa arviointia.<\/p>\n<p>Emme usko, ett\u00e4 j\u00e4yk\u00e4t mittarit auttavat parhaiten kehitt\u00e4m\u00e4\u00e4n toimintaa &#8211; pahimmillaan ne vain opettavat toimimaan arviointimittarin toivomalla tavalla.<\/p>\n<ul>\n<li>hankimme tietoa siit\u00e4, mit\u00e4 meid\u00e4n on syyt\u00e4 kehitt\u00e4\u00e4<\/li>\n<li>pohdimme kehitt\u00e4mismenetelmi\u00e4 ja otamme mallia muilta kouluilta ja organisaatioilta<\/li>\n<li>teemme suunnittelemamme kehitt\u00e4mistoimet<\/li>\n<li>arvioimme, mentiink\u00f6 oikeaan suuntaan<\/li>\n<\/ul>\n<p>Lis\u00e4ksi osallistumme Jyv\u00e4skyl\u00e4n kaupungin <b>sivistyspalveluiden erikseen p\u00e4\u00e4tt\u00e4miin arviointihankkeisiin\u00a0<\/b>sek\u00e4 eri viranomaisten (mm. Opetushallitus, Koulutuksen arviointineuvosto, opetusministeri\u00f6) toteuttamiin arviointeihin. Lis\u00e4ksi osallistumme sellaisiin arviointihankkeisiin, joiden koemme hy\u00f6dynt\u00e4v\u00e4n toimintaamme.<\/p>\n<p><b>Kehitt\u00e4mistoiminnassa<\/b> on keskeist\u00e4<\/p>\n<ul>\n<li>hankkia tarvittavaa koulutusta<\/li>\n<li>toteuttaa harkittuja kyselyj\u00e4, haastatteluja jne.<\/li>\n<li>k\u00e4ytt\u00e4\u00e4 riitt\u00e4v\u00e4sti aikaa toiminnan arviointiin ja kehitt\u00e4miseen<\/li>\n<li>luoda yhteyksi\u00e4 tutkimusyksik\u00f6ihin<\/li>\n<li>tiedottaa koulun toiminnasta koulun tiedotuslehdess\u00e4, vanhempainilloissa ja verkkosivuilla<\/li>\n<li>arviointikeskustelut ja henkil\u00f6kunnan k\u00e4ym\u00e4t kehityskeskustelut antavat arvioinnin kannalta keskeist\u00e4 tietoa<\/li>\n<\/ul>\n<p>Olemme jakaneet henkil\u00f6kunnan <b>tiimeihin<\/b>, jotka vastaavat toiminnassa eri osa-alueiden kehitt\u00e4misest\u00e4.<\/p>\n<p>Lis\u00e4ksi koulun <strong>erityisopettajat<\/strong> kokoontuvat s\u00e4\u00e4nn\u00f6llisesti YT-ajalla.<\/p>\n<p>Koulumme <a href=\"http:\/\/keskipalokankoulu.net\/ops\/220-2\/\"><b>vanhempainyhdistys<\/b><\/a> on koulun kehitt\u00e4misess\u00e4 keskeisess\u00e4 roolissa. Voit ottaa vanhempainyhdistyksen puheenjohtajaan yhteytt\u00e4 kehitt\u00e4misidean suhteen.<\/p>\n","protected":false},"excerpt":{"rendered":"<p>Koulun itsearviointi on koko ty\u00f6yhteis\u00f6n tai sen yksitt\u00e4isen j\u00e4senen omaan toimintaansa kohdistamaa arviointia. Se on koulun toimintaymp\u00e4rist\u00f6n, opetuksen, tavoitteiden ja oppilaan oppimisen jatkuvaa arviointia. Emme usko, ett\u00e4 j\u00e4yk\u00e4t mittarit auttavat parhaiten kehitt\u00e4m\u00e4\u00e4n toimintaa &#8211; pahimmillaan ne vain opettavat toimimaan arviointimittarin toivomalla tavalla. hankimme tietoa siit\u00e4, mit\u00e4 meid\u00e4n on syyt\u00e4 kehitt\u00e4\u00e4 pohdimme kehitt\u00e4mismenetelmi\u00e4 ja otamme mallia &hellip; <a href=\"https:\/\/keskipalokankoulu.net\/ops\/kehittaminen-ja-arviointi\/\" class=\"more-link\">Continue reading <span class=\"screen-reader-text\">Kehitt\u00e4minen ja arviointi<\/span> <span class=\"meta-nav\">&rarr;<\/span><\/a><\/p>\n","protected":false},"author":2,"featured_media":0,"parent":0,"menu_order":0,"comment_status":"closed","ping_status":"closed","template":"","meta":{"footnotes":""},"class_list":["post-200","page","type-page","status-publish","hentry"],"_links":{"self":[{"href":"https:\/\/keskipalokankoulu.net\/ops\/wp-json\/wp\/v2\/pages\/200","targetHints":{"allow":["GET"]}}],"collection":[{"href":"https:\/\/keskipalokankoulu.net\/ops\/wp-json\/wp\/v2\/pages"}],"about":[{"href":"https:\/\/keskipalokankoulu.net\/ops\/wp-json\/wp\/v2\/types\/page"}],"author":[{"embeddable":true,"href":"https:\/\/keskipalokankoulu.net\/ops\/wp-json\/wp\/v2\/users\/2"}],"replies":[{"embeddable":true,"href":"https:\/\/keskipalokankoulu.net\/ops\/wp-json\/wp\/v2\/comments?post=200"}],"version-history":[{"count":4,"href":"https:\/\/keskipalokankoulu.net\/ops\/wp-json\/wp\/v2\/pages\/200\/revisions"}],"predecessor-version":[{"id":539,"href":"https:\/\/keskipalokankoulu.net\/ops\/wp-json\/wp\/v2\/pages\/200\/revisions\/539"}],"wp:attachment":[{"href":"https:\/\/keskipalokankoulu.net\/ops\/wp-json\/wp\/v2\/media?parent=200"}],"curies":[{"name":"wp","href":"https:\/\/api.w.org\/{rel}","templated":true}]}}