{"id":197,"date":"2015-10-11T17:08:02","date_gmt":"2015-10-11T17:08:02","guid":{"rendered":"http:\/\/keskipalokankoulu.net\/ops\/?page_id=197"},"modified":"2023-02-10T10:25:22","modified_gmt":"2023-02-10T10:25:22","slug":"tiedottaminen","status":"publish","type":"page","link":"https:\/\/keskipalokankoulu.net\/ops\/tiedottaminen\/","title":{"rendered":"Tiedottaminen"},"content":{"rendered":"<h3>Arjen tiedotus<\/h3>\n<p><a href=\"https:\/\/wilma.jkl.fi\/\">Wilma<\/a>-j\u00e4rjestelm\u00e4 on ensisijainen tiedotuskanava kodin ja koulun v\u00e4lill\u00e4.<\/p>\n<p>Luokanopettaja on ensisijainen tiedottaja kodin ja koulun v\u00e4lill\u00e4.\u00a0Luokanopettaja k\u00e4ytt\u00e4\u00e4 tiedotukseen Wilmaa, s\u00e4hk\u00f6postia, kirjallisia viestej\u00e4, tekstiviestej\u00e4, Pedanet-j\u00e4rjestelm\u00e4\u00e4 ja puheluita.<\/p>\n<h3>Luokkien vanhempainillat<\/h3>\n<p>Opettaja sopii vanhempainillassa luokan tiedotusk\u00e4yt\u00e4nt\u00f6jen periaatteet. Opettaja sopii vanhempien kanssa mm. sen, mink\u00e4laisissa tilanteissa h\u00e4n ottaa yhteytt\u00e4 kotiin samana p\u00e4iv\u00e4n\u00e4, mill\u00e4 tavoin huoltajat ilmoittavat oppilaan sairaspoissaolon, l\u00e4ksyjen merkitsemisen periaatteet ja muut luokan omat k\u00e4yt\u00e4nn\u00f6t.<\/p>\n<p>Luokkakohtaisia vanhempainiltoja on v\u00e4hint\u00e4\u00e4n yksi lukuvuodessa.<\/p>\n<h3>Tiedotuslehti<\/h3>\n<p>Lukuvuoden alussa jokaiseen kotiin jaetaan \u201d\u00c4lytaulu\u201d \u2013syystiedote. Se sis\u00e4lt\u00e4\u00e4 lukuvuosikalenterin ja koulun yhteystiedot. Tiedote on tarkoitettu s\u00e4ilytett\u00e4v\u00e4ksi koko lukukauden ajan.<\/p>\n<h3>Muut tiedotteet<\/h3>\n<p>Koulu tiedottaa toiminnastaan tarvittaessa my\u00f6s erillisill\u00e4 tiedotteilla. N\u00e4m\u00e4 tiedotteet jaetaan perheen nuorimmalle oppilaalle. Tiedotteisiin, joissa ilmoitetaan muuttuneesta ty\u00f6ajasta tai muista koulunk\u00e4ynnin kannalta merkitt\u00e4vist\u00e4 asioista, pyydet\u00e4\u00e4n huoltajan allekirjoitus.<\/p>\n<h3>Verkkotiedottaminen<\/h3>\n<p>Tiedotuslehti ja tiedotteet tulevat my\u00f6s koulun verkkosivulle <a href=\"http:\/\/www.keskipalokankoulu.net\/\">www.keskipalokankoulu.net<\/a> . Verkkosivuilla ilmoitetaan my\u00f6s tulevan lukukauden <a href=\"https:\/\/peda.net\/jyvaskyla\/keski-palokankoulu\/tyoaika\">ty\u00f6- ja loma-ajoista<\/a> siin\u00e4 vaiheessa, kun Jyv\u00e4skyl\u00e4n kaupungin sivistyslautakunta tekee niist\u00e4 p\u00e4\u00e4t\u00f6ksen.<\/p>\n<h3>Koulun yhteiset vanhempainillat<\/h3>\n<p>Koulu j\u00e4rjest\u00e4\u00e4 <a href=\"http:\/\/keskipalokankoulu.net\/ops\/kodin-ja-koulun-yhteistyo\/\">vanhempainiltoja<\/a> tarvittaessa. Koulu tekee yhteisty\u00f6t\u00e4 erilaisten vanhempainiltojen j\u00e4rjest\u00e4misess\u00e4 my\u00f6s <a href=\"http:\/\/keskipalokankoulu.net\/ops\/220-2\/\">vanhempainyhdistyksen<\/a> kanssa.<\/p>\n<h3>Koulun sis\u00e4inen tiedottaminen<\/h3>\n<p>Koulun kuulutusj\u00e4rjestelm\u00e4\u00e4 k\u00e4ytet\u00e4\u00e4n ensisijaisesti h\u00e4t\u00e4kuulutuksiin ja muihin poikkeuksellisen kiireellisiin tiedottamistarpeisiin. Ensisijainen koulun sis\u00e4isen tiedottamisen kanava on Info-TV.<\/p>\n","protected":false},"excerpt":{"rendered":"<p>Arjen tiedotus Wilma-j\u00e4rjestelm\u00e4 on ensisijainen tiedotuskanava kodin ja koulun v\u00e4lill\u00e4. Luokanopettaja on ensisijainen tiedottaja kodin ja koulun v\u00e4lill\u00e4.\u00a0Luokanopettaja k\u00e4ytt\u00e4\u00e4 tiedotukseen Wilmaa, s\u00e4hk\u00f6postia, kirjallisia viestej\u00e4, tekstiviestej\u00e4, Pedanet-j\u00e4rjestelm\u00e4\u00e4 ja puheluita. Luokkien vanhempainillat Opettaja sopii vanhempainillassa luokan tiedotusk\u00e4yt\u00e4nt\u00f6jen periaatteet. Opettaja sopii vanhempien kanssa mm. sen, mink\u00e4laisissa tilanteissa h\u00e4n ottaa yhteytt\u00e4 kotiin samana p\u00e4iv\u00e4n\u00e4, mill\u00e4 tavoin huoltajat ilmoittavat oppilaan &hellip; <a href=\"https:\/\/keskipalokankoulu.net\/ops\/tiedottaminen\/\" class=\"more-link\">Continue reading <span class=\"screen-reader-text\">Tiedottaminen<\/span> <span class=\"meta-nav\">&rarr;<\/span><\/a><\/p>\n","protected":false},"author":2,"featured_media":0,"parent":0,"menu_order":0,"comment_status":"closed","ping_status":"closed","template":"","meta":{"footnotes":""},"class_list":["post-197","page","type-page","status-publish","hentry"],"_links":{"self":[{"href":"https:\/\/keskipalokankoulu.net\/ops\/wp-json\/wp\/v2\/pages\/197","targetHints":{"allow":["GET"]}}],"collection":[{"href":"https:\/\/keskipalokankoulu.net\/ops\/wp-json\/wp\/v2\/pages"}],"about":[{"href":"https:\/\/keskipalokankoulu.net\/ops\/wp-json\/wp\/v2\/types\/page"}],"author":[{"embeddable":true,"href":"https:\/\/keskipalokankoulu.net\/ops\/wp-json\/wp\/v2\/users\/2"}],"replies":[{"embeddable":true,"href":"https:\/\/keskipalokankoulu.net\/ops\/wp-json\/wp\/v2\/comments?post=197"}],"version-history":[{"count":4,"href":"https:\/\/keskipalokankoulu.net\/ops\/wp-json\/wp\/v2\/pages\/197\/revisions"}],"predecessor-version":[{"id":1102,"href":"https:\/\/keskipalokankoulu.net\/ops\/wp-json\/wp\/v2\/pages\/197\/revisions\/1102"}],"wp:attachment":[{"href":"https:\/\/keskipalokankoulu.net\/ops\/wp-json\/wp\/v2\/media?parent=197"}],"curies":[{"name":"wp","href":"https:\/\/api.w.org\/{rel}","templated":true}]}}