{"id":189,"date":"2015-10-11T16:55:45","date_gmt":"2015-10-11T16:55:45","guid":{"rendered":"http:\/\/keskipalokankoulu.net\/ops\/?page_id=189"},"modified":"2024-01-24T14:56:31","modified_gmt":"2024-01-24T14:56:31","slug":"seuraamukset-saantojen-rikkomisesta","status":"publish","type":"page","link":"https:\/\/keskipalokankoulu.net\/ops\/seuraamukset-saantojen-rikkomisesta\/","title":{"rendered":"Kurinpitokeinot ja turvaamistoimenpiteet perusopetuksessa"},"content":{"rendered":"<p>Keltataustainen teksti ja kuvat ovat osa Jyv\u00e4skyl\u00e4n kaupungin virallisia koulujen j\u00e4rjestyss\u00e4\u00e4nt\u00f6j\u00e4.<\/p>\n<table style=\"background: #ffff66;\" border=\"0\">\n<tbody>\n<tr>\n<td>\n<p style=\"background: #ffff66;\">Opetukseen osallistuvalla on oikeus turvalliseen opiskeluymp\u00e4rist\u00f6\u00f6n, jossa ty\u00f6rauha ja opiskelun esteet\u00f6n sujuminen on varmistettu. Ty\u00f6rauhaan voidaan vaikuttaa monilla koulun keinoilla, joista keskeisi\u00e4 ovat opettajan antama ohjaus ja palaute, yhteisty\u00f6 sek\u00e4 yhteinen vastuunotto ja huolenpito. Pedagogisia ratkaisuja kehitt\u00e4m\u00e4ll\u00e4 sek\u00e4 luottamuksen ja v\u00e4litt\u00e4misen ilmapiiri\u00e4 vahvistamalla luodaan edellytykset hyv\u00e4n ty\u00f6rauhan rakentumiselle.<\/p>\n<p style=\"background: #ffff66;\">Opetusta h\u00e4iritsev\u00e4lle, muuten koulun j\u00e4rjestyst\u00e4 rikkovalle tai vilpillisesti menetelleelle oppilaalle voidaan m\u00e4\u00e4r\u00e4t\u00e4 perusopetuslaissa s\u00e4\u00e4detty kurinpitorangaistus tai ojentaa h\u00e4nt\u00e4 perusopetuslaissa tarkoitetuilla tavoilla. Oppilaita kohtaan voidaan k\u00e4ytt\u00e4\u00e4 vain perusopetuslaissa s\u00e4\u00e4dettyj\u00e4 turvaamistoimenpiteit\u00e4.<\/p>\n<h4 style=\"background: #ffff66;\">Kurinpitokeinot ja muut seuraamukset perusopetuksessa<\/h4>\n<p style=\"background: #ffff66;\">Lis\u00e4tietoja:<\/p>\n<ul>\n<li><a href=\"https:\/\/www.oph.fi\/fi\/koulutus-ja-tutkinnot\/kurinpitokeinot-ja-turvaamistoimenpiteet-perusopetuksessa\" target=\"_blank\" rel=\"noopener\">Kasvatuskeskustelu<\/a><\/li>\n<li><a href=\"https:\/\/www.oph.fi\/fi\/koulutus-ja-tutkinnot\/kurinpitokeinot-ja-turvaamistoimenpiteet-perusopetuksessa#anchor-siivousvelvoite-perusopetuslaki-35-SS-4-mom\" target=\"_blank\" rel=\"noopener\">Siivousvelvoite<\/a><\/li>\n<li><a href=\"https:\/\/www.oph.fi\/fi\/koulutus-ja-tutkinnot\/kurinpitokeinot-ja-turvaamistoimenpiteet-perusopetuksessa#anchor-oppilaan-maaraaminen-poistumaan-perusopetuslaki-36-SS-2-mom-36-a-SS-1-mom-36-h-SS-perusopetusasetus-18-SS-\" target=\"_blank\" rel=\"noopener\">Oppilaan m\u00e4\u00e4r\u00e4\u00e4minen poistumaan<\/a><\/li>\n<li><a href=\"https:\/\/www.oph.fi\/fi\/koulutus-ja-tutkinnot\/kurinpitokeinot-ja-turvaamistoimenpiteet-perusopetuksessa#anchor-oppilaan-opetukseen-osallistumisen-epaaminen-perusopetuslaki-36-SS-3-mom-36-a-1-mom-36-h-SS-perusopetusasetus-18-SS\">Oppilaan opetuksen osallistumisen ep\u00e4\u00e4minen<\/a><\/li>\n<li><a href=\"https:\/\/www.oph.fi\/fi\/koulutus-ja-tutkinnot\/kurinpitokeinot-ja-turvaamistoimenpiteet-perusopetuksessa#anchor-oppilaan-maaraaminen-tekemaan-kotitehtaviaan-perusopetuslaki-36-SS-4-mom-36-a-SS-1-mom-perusopetusasetus-18-SS\" target=\"_blank\" rel=\"noopener\">Oppilaan m\u00e4\u00e4r\u00e4\u00e4minen tekem\u00e4\u00e4n kotiteht\u00e4vi\u00e4\u00e4n<\/a><\/li>\n<li><a href=\"https:\/\/www.oph.fi\/fi\/koulutus-ja-tutkinnot\/kurinpitokeinot-ja-turvaamistoimenpiteet-perusopetuksessa#anchor-jalki-istunto-perusopetuslaki-36-SS-1-mom-5-mom-ja-6-mom-36-a-SS-1-mom-perusopetusasetus-18-SS\" target=\"_blank\" rel=\"noopener\">J\u00e4lki-istunto<\/a><\/li>\n<li><a href=\"https:\/\/www.oph.fi\/fi\/koulutus-ja-tutkinnot\/kurinpitokeinot-ja-turvaamistoimenpiteet-perusopetuksessa#anchor-kirjallinen-varoitus-perusopetuslaki-36-SS-1-mom-36-a-SS-1-mom-ja-7-mom-36-h-SS\" target=\"_blank\" rel=\"noopener\">Kirjallinen varoitus<\/a><\/li>\n<li><a href=\"https:\/\/www.oph.fi\/fi\/koulutus-ja-tutkinnot\/kurinpitokeinot-ja-turvaamistoimenpiteet-perusopetuksessa#anchor-maaraaikainen-erottaminen-perusopetuslaki-36-SS-1-mom-36-a-SS-36-h-SS\" target=\"_blank\" rel=\"noopener\">M\u00e4\u00e4r\u00e4aikainen erottaminen<\/a><\/li>\n<\/ul>\n<h4>Turvaamistoimenpiteet perusopetuksessa<\/h4>\n<p>Lis\u00e4tietoja:<\/p>\n<ul>\n<li><a href=\"https:\/\/www.oph.fi\/fi\/koulutus-ja-tutkinnot\/kurinpitokeinot-ja-turvaamistoimenpiteet-perusopetuksessa#anchor-turvaamistoimenpiteet-perusopetuslaki-36-b-SS\" target=\"_blank\" rel=\"noopener\">H\u00e4iritsev\u00e4n ja turvallisuutta vaarantavan oppilaan poistaminen tilasta<\/a><\/li>\n<li><a href=\"https:\/\/www.oph.fi\/fi\/koulutus-ja-tutkinnot\/kurinpitokeinot-ja-turvaamistoimenpiteet-perusopetuksessa#anchor-esineiden-tai-aineiden-haltuunotto-perusopetuslaki-36-d-SS\" target=\"_blank\" rel=\"noopener\">Esineiden tai aineiden haltuunotto<\/a><\/li>\n<li><a href=\"https:\/\/www.oph.fi\/fi\/koulutus-ja-tutkinnot\/kurinpitokeinot-ja-turvaamistoimenpiteet-perusopetuksessa#anchor-tavaroiden-tarkastaminen-perusopetuslaki-36-e-SS-ja-36-f-SS\" target=\"_blank\" rel=\"noopener\">Tavaroiden tarkastaminen<\/a><\/li>\n<li><a href=\"https:\/\/peda.net\/opetussuunnitelma\/ksops\/jyvaskyla\/luku5\/5-3\" target=\"_blank\" rel=\"noopener\">Suunnitelma oppilaiden v\u00e4kivallalta, kiusaamiselta ja h\u00e4irinn\u00e4lt\u00e4 suojaamiseksi<\/a><\/li>\n<\/ul>\n<p>Mik\u00e4li koululla on lastensuojelulain 25 \u00a7:n edellytt\u00e4m\u00e4ll\u00e4 tavalla huoli lapsesta, koulu on velvollinen tekem\u00e4\u00e4n lastensuojeluilmoituksen.<\/p>\n<h4>Vaaralliset aineet ja esineet<\/h4>\n<p style=\"background: #ffff66;\">Kaikenlaisten vaarallisten aineiden ja esineiden tuominen kouluun on kielletty\u00e4 esimerkiksi\u00a0veitset, aseet, laserosoittimet, huumausaineet ja alkoholi. Tupakkatuotteiden osalta toimitaan tupakkalain mukaan.<\/p>\n<p style=\"background: #ffff66;\">Mik\u00e4li oppilas rikkoo t\u00e4t\u00e4 s\u00e4\u00e4nt\u00f6\u00e4,\u00a0koulu on kaikissa tapauksissa yhteydess\u00e4 huoltajaan.<\/p>\n<p style=\"background: #ffff66;\">Mik\u00e4li oppilaan havaitaan olevan p\u00e4ihtyneen\u00e4 koulussa, koulu huolehtii h\u00e4nen turvallisuudestaan ja huoltajaa velvoitetaan noutamaan oppilas kotiin.<\/p>\n<p style=\"background: #ffff66;\">Aseiden ja huumeiden havaitsemisesta koulu on yhteydess\u00e4 poliisiin.<\/p>\n<p><a href=\"http:\/\/keskipalokankoulu.net\/ops\/wp-content\/uploads\/2018\/11\/s\u00e4\u00e4nn\u00f6t-k\u00e4yt\u00f6s.png\"><img loading=\"lazy\" decoding=\"async\" class=\"aligncenter size-full wp-image-674\" src=\"http:\/\/keskipalokankoulu.net\/ops\/wp-content\/uploads\/2018\/11\/s\u00e4\u00e4nn\u00f6t-k\u00e4yt\u00f6s.png\" alt=\"\" width=\"2048\" height=\"1536\" srcset=\"https:\/\/keskipalokankoulu.net\/ops\/wp-content\/uploads\/2018\/11\/s\u00e4\u00e4nn\u00f6t-k\u00e4yt\u00f6s.png 2048w, https:\/\/keskipalokankoulu.net\/ops\/wp-content\/uploads\/2018\/11\/s\u00e4\u00e4nn\u00f6t-k\u00e4yt\u00f6s-300x225.png 300w, https:\/\/keskipalokankoulu.net\/ops\/wp-content\/uploads\/2018\/11\/s\u00e4\u00e4nn\u00f6t-k\u00e4yt\u00f6s-768x576.png 768w, https:\/\/keskipalokankoulu.net\/ops\/wp-content\/uploads\/2018\/11\/s\u00e4\u00e4nn\u00f6t-k\u00e4yt\u00f6s-1024x768.png 1024w\" sizes=\"auto, (max-width: 2048px) 100vw, 2048px\" \/><\/a><a href=\"http:\/\/keskipalokankoulu.net\/ops\/wp-content\/uploads\/2018\/11\/s\u00e4\u00e4nn\u00f6t-aine.png\"><img loading=\"lazy\" decoding=\"async\" class=\"aligncenter size-full wp-image-673\" src=\"http:\/\/keskipalokankoulu.net\/ops\/wp-content\/uploads\/2018\/11\/s\u00e4\u00e4nn\u00f6t-aine.png\" alt=\"\" width=\"2048\" height=\"1536\" srcset=\"https:\/\/keskipalokankoulu.net\/ops\/wp-content\/uploads\/2018\/11\/s\u00e4\u00e4nn\u00f6t-aine.png 2048w, https:\/\/keskipalokankoulu.net\/ops\/wp-content\/uploads\/2018\/11\/s\u00e4\u00e4nn\u00f6t-aine-300x225.png 300w, https:\/\/keskipalokankoulu.net\/ops\/wp-content\/uploads\/2018\/11\/s\u00e4\u00e4nn\u00f6t-aine-768x576.png 768w, https:\/\/keskipalokankoulu.net\/ops\/wp-content\/uploads\/2018\/11\/s\u00e4\u00e4nn\u00f6t-aine-1024x768.png 1024w\" sizes=\"auto, (max-width: 2048px) 100vw, 2048px\" \/><\/a><a href=\"http:\/\/keskipalokankoulu.net\/ops\/wp-content\/uploads\/2018\/11\/s\u00e4\u00e4nn\u00f6t-tarkastaminen.png\"><img loading=\"lazy\" decoding=\"async\" class=\"aligncenter size-full wp-image-672\" src=\"http:\/\/keskipalokankoulu.net\/ops\/wp-content\/uploads\/2018\/11\/s\u00e4\u00e4nn\u00f6t-tarkastaminen.png\" alt=\"\" width=\"2048\" height=\"1536\" srcset=\"https:\/\/keskipalokankoulu.net\/ops\/wp-content\/uploads\/2018\/11\/s\u00e4\u00e4nn\u00f6t-tarkastaminen.png 2048w, https:\/\/keskipalokankoulu.net\/ops\/wp-content\/uploads\/2018\/11\/s\u00e4\u00e4nn\u00f6t-tarkastaminen-300x225.png 300w, https:\/\/keskipalokankoulu.net\/ops\/wp-content\/uploads\/2018\/11\/s\u00e4\u00e4nn\u00f6t-tarkastaminen-768x576.png 768w, https:\/\/keskipalokankoulu.net\/ops\/wp-content\/uploads\/2018\/11\/s\u00e4\u00e4nn\u00f6t-tarkastaminen-1024x768.png 1024w\" sizes=\"auto, (max-width: 2048px) 100vw, 2048px\" \/><\/a><a href=\"http:\/\/keskipalokankoulu.net\/ops\/wp-content\/uploads\/2018\/11\/s\u00e4\u00e4nn\u00f6t-tarkastaminen-2.png\"><img loading=\"lazy\" decoding=\"async\" class=\"aligncenter size-full wp-image-671\" src=\"http:\/\/keskipalokankoulu.net\/ops\/wp-content\/uploads\/2018\/11\/s\u00e4\u00e4nn\u00f6t-tarkastaminen-2.png\" alt=\"\" width=\"2048\" height=\"1536\" srcset=\"https:\/\/keskipalokankoulu.net\/ops\/wp-content\/uploads\/2018\/11\/s\u00e4\u00e4nn\u00f6t-tarkastaminen-2.png 2048w, https:\/\/keskipalokankoulu.net\/ops\/wp-content\/uploads\/2018\/11\/s\u00e4\u00e4nn\u00f6t-tarkastaminen-2-300x225.png 300w, https:\/\/keskipalokankoulu.net\/ops\/wp-content\/uploads\/2018\/11\/s\u00e4\u00e4nn\u00f6t-tarkastaminen-2-768x576.png 768w, https:\/\/keskipalokankoulu.net\/ops\/wp-content\/uploads\/2018\/11\/s\u00e4\u00e4nn\u00f6t-tarkastaminen-2-1024x768.png 1024w\" sizes=\"auto, (max-width: 2048px) 100vw, 2048px\" \/><\/a><\/td>\n<\/tr>\n<\/tbody>\n<\/table>\n","protected":false},"excerpt":{"rendered":"<p>Keltataustainen teksti ja kuvat ovat osa Jyv\u00e4skyl\u00e4n kaupungin virallisia koulujen j\u00e4rjestyss\u00e4\u00e4nt\u00f6j\u00e4. Opetukseen osallistuvalla on oikeus turvalliseen opiskeluymp\u00e4rist\u00f6\u00f6n, jossa ty\u00f6rauha ja opiskelun esteet\u00f6n sujuminen on varmistettu. Ty\u00f6rauhaan voidaan vaikuttaa monilla koulun keinoilla, joista keskeisi\u00e4 ovat opettajan antama ohjaus ja palaute, yhteisty\u00f6 sek\u00e4 yhteinen vastuunotto ja huolenpito. Pedagogisia ratkaisuja kehitt\u00e4m\u00e4ll\u00e4 sek\u00e4 luottamuksen ja v\u00e4litt\u00e4misen ilmapiiri\u00e4 vahvistamalla luodaan &hellip; <a href=\"https:\/\/keskipalokankoulu.net\/ops\/seuraamukset-saantojen-rikkomisesta\/\" class=\"more-link\">Continue reading <span class=\"screen-reader-text\">Kurinpitokeinot ja turvaamistoimenpiteet perusopetuksessa<\/span> <span class=\"meta-nav\">&rarr;<\/span><\/a><\/p>\n","protected":false},"author":2,"featured_media":0,"parent":0,"menu_order":0,"comment_status":"closed","ping_status":"closed","template":"","meta":{"footnotes":""},"class_list":["post-189","page","type-page","status-publish","hentry"],"_links":{"self":[{"href":"https:\/\/keskipalokankoulu.net\/ops\/wp-json\/wp\/v2\/pages\/189","targetHints":{"allow":["GET"]}}],"collection":[{"href":"https:\/\/keskipalokankoulu.net\/ops\/wp-json\/wp\/v2\/pages"}],"about":[{"href":"https:\/\/keskipalokankoulu.net\/ops\/wp-json\/wp\/v2\/types\/page"}],"author":[{"embeddable":true,"href":"https:\/\/keskipalokankoulu.net\/ops\/wp-json\/wp\/v2\/users\/2"}],"replies":[{"embeddable":true,"href":"https:\/\/keskipalokankoulu.net\/ops\/wp-json\/wp\/v2\/comments?post=189"}],"version-history":[{"count":9,"href":"https:\/\/keskipalokankoulu.net\/ops\/wp-json\/wp\/v2\/pages\/189\/revisions"}],"predecessor-version":[{"id":1201,"href":"https:\/\/keskipalokankoulu.net\/ops\/wp-json\/wp\/v2\/pages\/189\/revisions\/1201"}],"wp:attachment":[{"href":"https:\/\/keskipalokankoulu.net\/ops\/wp-json\/wp\/v2\/media?parent=189"}],"curies":[{"name":"wp","href":"https:\/\/api.w.org\/{rel}","templated":true}]}}