{"id":186,"date":"2015-10-11T16:54:12","date_gmt":"2015-10-11T16:54:12","guid":{"rendered":"http:\/\/keskipalokankoulu.net\/ops\/?page_id=186"},"modified":"2025-10-08T07:26:13","modified_gmt":"2025-10-08T07:26:13","slug":"mobiililaitteet","status":"publish","type":"page","link":"https:\/\/keskipalokankoulu.net\/ops\/mobiililaitteet\/","title":{"rendered":"Mobiililaitteet"},"content":{"rendered":"<p>Keltataustainen teksti on osa Jyv\u00e4skyl\u00e4n kaupungin virallisia koulujen j\u00e4rjestyss\u00e4\u00e4nt\u00f6j\u00e4.<\/p>\n<p style=\"background: #ffff66;\">Jyv\u00e4skyl\u00e4n perusopetuksen koulujen j\u00e4rjestyss\u00e4\u00e4nt\u00f6j\u00e4 on p\u00e4ivitetty uuden lain mukaiseksi. Ajalla 1.8.-31.12.2025<\/p>\n<p><a href=\"https:\/\/www.oph.fi\/fi\/uutiset\/2025\/lakimuutokset-voimaan-elokuussa-kouluille-yhtenaiset-saannot-puhelinten-kayttoon\">Opetushallituksen verkkosivut mobiililaitteiden k\u00e4ytt\u00f6\u00f6n liittyen<\/a><\/p>\n<table style=\"background: #ffff66;\" border=\"1\">\n<tbody>\n<tr>\n<td><b>Oppilaan<\/b>\u00a0vastuu<\/td>\n<td style=\"background: white;\"><b>Koulun<\/b>\u00a0vastuu<\/td>\n<td style=\"background: white;\"><b>Kodin (huoltajien)<\/b>\u00a0vastuu<\/td>\n<\/tr>\n<tr>\n<td width=\"33%\">\n<ul>\n<li>oppilas ei saa k\u00e4ytt\u00e4\u00e4 puhelinta tai muuta mobiililaitetta oppitunnin aikana, paitsi opettajan luvalla oppimistarkoitukseen tai rehtorin\/opettajan luvalla henkil\u00f6kohtaiseen terveydenhoitoon taikka perusopetuslain 31 \u00a7:ss\u00e4 tarkoitettuna apuv\u00e4lineen\u00e4.<\/li>\n<li>Oppilas ei saa k\u00e4ytt\u00e4\u00e4 tai pit\u00e4\u00e4 esill\u00e4 luvatta mobiililaitteita oppituntien, muun opetussuunnitelman mukaisen opetuksen ja ruokailun aikana.<\/li>\n<li>Oppilas pit\u00e4\u00e4 huolen, etteiv\u00e4t mobiililaitteet h\u00e4iritse koulup\u00e4iv\u00e4n aikana.<\/li>\n<li>Jos opettaja antaa luvan, oppilas voi k\u00e4ytt\u00e4\u00e4 mobiililaitetta oppitunneilla oppimistarkoitukseen opettajan ohjeiden mukaan<\/li>\n<\/ul>\n<\/td>\n<td style=\"background: white;\" width=\"34%\">\n<ul>\n<li>asiallisen k\u00e4nnyk\u00e4nk\u00e4yt\u00f6n opettaminen<\/li>\n<li>s\u00e4\u00e4nt\u00f6jen noudattamisen valvominen<\/li>\n<li>Luvattomasta k\u00e4nnyk\u00e4n k\u00e4yt\u00f6st\u00e4 oppilaalle voidaan m\u00e4\u00e4r\u00e4t\u00e4 seuraamuksena kasvatuskeskustelu tai j\u00e4lki-istunto. Laitteen takavarikointi on mahdollista perusopetuslain antamissa puitteissa.<\/li>\n<\/ul>\n<\/td>\n<td style=\"background: white;\" width=\"34%\">\n<ul>\n<li>opettaa asiallista k\u00e4nnyk\u00e4nk\u00e4ytt\u00f6\u00e4 kuten virtuaalinen koskemattomuus (esim. some-kiusaaminen ja luvattomien tietojen levitt\u00e4minen).<\/li>\n<\/ul>\n<ul>\n<li>tiedostaa, ett\u00e4 koulu ei korvaa kouluun\u00a0tuoduille arvoesineille aiheutuneita vahinkoja.<\/li>\n<\/ul>\n<\/td>\n<\/tr>\n<\/tbody>\n<\/table>\n<p>&nbsp;<\/p>\n","protected":false},"excerpt":{"rendered":"<p>Keltataustainen teksti on osa Jyv\u00e4skyl\u00e4n kaupungin virallisia koulujen j\u00e4rjestyss\u00e4\u00e4nt\u00f6j\u00e4. Jyv\u00e4skyl\u00e4n perusopetuksen koulujen j\u00e4rjestyss\u00e4\u00e4nt\u00f6j\u00e4 on p\u00e4ivitetty uuden lain mukaiseksi. Ajalla 1.8.-31.12.2025 Opetushallituksen verkkosivut mobiililaitteiden k\u00e4ytt\u00f6\u00f6n liittyen Oppilaan\u00a0vastuu Koulun\u00a0vastuu Kodin (huoltajien)\u00a0vastuu oppilas ei saa k\u00e4ytt\u00e4\u00e4 puhelinta tai muuta mobiililaitetta oppitunnin aikana, paitsi opettajan luvalla oppimistarkoitukseen tai rehtorin\/opettajan luvalla henkil\u00f6kohtaiseen terveydenhoitoon taikka perusopetuslain 31 \u00a7:ss\u00e4 tarkoitettuna apuv\u00e4lineen\u00e4. Oppilas &hellip; <a href=\"https:\/\/keskipalokankoulu.net\/ops\/mobiililaitteet\/\" class=\"more-link\">Continue reading <span class=\"screen-reader-text\">Mobiililaitteet<\/span> <span class=\"meta-nav\">&rarr;<\/span><\/a><\/p>\n","protected":false},"author":2,"featured_media":0,"parent":0,"menu_order":0,"comment_status":"closed","ping_status":"closed","template":"","meta":{"footnotes":""},"class_list":["post-186","page","type-page","status-publish","hentry"],"_links":{"self":[{"href":"https:\/\/keskipalokankoulu.net\/ops\/wp-json\/wp\/v2\/pages\/186","targetHints":{"allow":["GET"]}}],"collection":[{"href":"https:\/\/keskipalokankoulu.net\/ops\/wp-json\/wp\/v2\/pages"}],"about":[{"href":"https:\/\/keskipalokankoulu.net\/ops\/wp-json\/wp\/v2\/types\/page"}],"author":[{"embeddable":true,"href":"https:\/\/keskipalokankoulu.net\/ops\/wp-json\/wp\/v2\/users\/2"}],"replies":[{"embeddable":true,"href":"https:\/\/keskipalokankoulu.net\/ops\/wp-json\/wp\/v2\/comments?post=186"}],"version-history":[{"count":11,"href":"https:\/\/keskipalokankoulu.net\/ops\/wp-json\/wp\/v2\/pages\/186\/revisions"}],"predecessor-version":[{"id":1348,"href":"https:\/\/keskipalokankoulu.net\/ops\/wp-json\/wp\/v2\/pages\/186\/revisions\/1348"}],"wp:attachment":[{"href":"https:\/\/keskipalokankoulu.net\/ops\/wp-json\/wp\/v2\/media?parent=186"}],"curies":[{"name":"wp","href":"https:\/\/api.w.org\/{rel}","templated":true}]}}