{"id":183,"date":"2015-10-11T16:51:18","date_gmt":"2015-10-11T16:51:18","guid":{"rendered":"http:\/\/keskipalokankoulu.net\/ops\/?page_id=183"},"modified":"2025-01-08T12:13:09","modified_gmt":"2025-01-08T12:13:09","slug":"omat-ja-yhteiset-valineet","status":"publish","type":"page","link":"https:\/\/keskipalokankoulu.net\/ops\/omat-ja-yhteiset-valineet\/","title":{"rendered":"Omat ja yhteiset v\u00e4lineet"},"content":{"rendered":"<p>Keltataustainen teksti on osa Jyv\u00e4skyl\u00e4n kaupungin virallisia koulujen j\u00e4rjestyss\u00e4\u00e4nt\u00f6j\u00e4.<\/p>\n<table style=\"background: #ffff66;\" border=\"0\">\n<tbody>\n<tr>\n<td>\n<ul>\n<li>Oppilas saa koulussa k\u00e4ytt\u00f6\u00f6ns\u00e4 oppikirjoja, jotka ovat koulun omaisuutta. Mahdolliset ty\u00f6kirjat j\u00e4\u00e4v\u00e4t oppilaalle.<\/li>\n<li>Oppilaan <strong>pukeutumisen<\/strong> tulee olla tarkoituksenmukaista (esim. liikunnan, k\u00e4sity\u00f6n ja kotitalouden tunneilla).<\/li>\n<\/ul>\n<\/td>\n<\/tr>\n<\/tbody>\n<\/table>\n<table style=\"background: #ffff66;\" border=\"1\" width=\"100%\">\n<tbody>\n<tr>\n<td width=\"33%\"><b>Oppilaan<\/b> vastuu<\/td>\n<td width=\"34%\"><b>Koulun<\/b> vastuu<\/td>\n<td style=\"background: white;\" width=\"33%\"><b>Kodin<\/b> (huoltajien) vastuu<\/td>\n<\/tr>\n<tr>\n<td width=\"33%\">\n<ul>\n<li>omista tavaroista huolehtiminen<\/li>\n<li>yhteisist\u00e4 tavaroista huolehtiminen<\/li>\n<li>kouluymp\u00e4rist\u00f6n pit\u00e4minen siistin\u00e4 ja viihtyis\u00e4n\u00e4. Oppilas on velvollinen vahingon korvaamiseen, likaamansa ta ep\u00e4j\u00e4rjestyksen saattamansa koulun omaisuuden puhdistamiseen ja j\u00e4rjest\u00e4miseen. Vahingonkorvauslain mukaan oppilas (my\u00f6s alaik\u00e4inen) vastaa vahingoittamastaan esineest\u00e4.<\/li>\n<li>toisen omaisuuden rauhaan j\u00e4tt\u00e4minen<\/li>\n<li>Kaikenlaisten vaarallisten esineiden ja aineiden\u00a0tuominen kouluun on kielletty\u00e4 (esimerkiksi\u00a0veitset, aseet, laserosoittimet, huumausaineet, alkoholi, tupakkatuotteet).<\/li>\n<\/ul>\n<\/td>\n<td width=\"34%\">\n<ul>\n<li>ty\u00f6skentelyss\u00e4 tarvittavien tarvikkeiden ja v\u00e4lineiden antaminen tai lainaaminen oppilaille<\/li>\n<li>tavaroista huolehtimisen opettaminen<\/li>\n<li>huoltajille tiedottaminen siit\u00e4, miten v\u00e4lineist\u00e4 huolehtiminen sujuu oppilaalta<\/li>\n<\/ul>\n<\/td>\n<td style=\"background: white;\" width=\"33%\">\n<ul>\n<li>sen valvominen, ett\u00e4 oppilas ei ota tarpeettomia, kiellettyj\u00e4 tai vaarallisia tavaroita kouluun.<\/li>\n<li>sen tiedostaminen, ett\u00e4 koulu ei vastaa oppilaan mukana olevista tavaroista\u00a0 (esim.\u00a0 katoamistilanteessa koulu ei korvaa kadonnutta omaisuutta)<\/li>\n<li>oppilaan v\u00e4lineiden (esim. liikuntav\u00e4lineet) kunnosta huolehtiminen<\/li>\n<\/ul>\n<\/td>\n<\/tr>\n<\/tbody>\n<\/table>\n","protected":false},"excerpt":{"rendered":"<p>Keltataustainen teksti on osa Jyv\u00e4skyl\u00e4n kaupungin virallisia koulujen j\u00e4rjestyss\u00e4\u00e4nt\u00f6j\u00e4. Oppilas saa koulussa k\u00e4ytt\u00f6\u00f6ns\u00e4 oppikirjoja, jotka ovat koulun omaisuutta. Mahdolliset ty\u00f6kirjat j\u00e4\u00e4v\u00e4t oppilaalle. Oppilaan pukeutumisen tulee olla tarkoituksenmukaista (esim. liikunnan, k\u00e4sity\u00f6n ja kotitalouden tunneilla). Oppilaan vastuu Koulun vastuu Kodin (huoltajien) vastuu omista tavaroista huolehtiminen yhteisist\u00e4 tavaroista huolehtiminen kouluymp\u00e4rist\u00f6n pit\u00e4minen siistin\u00e4 ja viihtyis\u00e4n\u00e4. Oppilas on velvollinen vahingon &hellip; <a href=\"https:\/\/keskipalokankoulu.net\/ops\/omat-ja-yhteiset-valineet\/\" class=\"more-link\">Continue reading <span class=\"screen-reader-text\">Omat ja yhteiset v\u00e4lineet<\/span> <span class=\"meta-nav\">&rarr;<\/span><\/a><\/p>\n","protected":false},"author":2,"featured_media":0,"parent":0,"menu_order":0,"comment_status":"closed","ping_status":"closed","template":"","meta":{"footnotes":""},"class_list":["post-183","page","type-page","status-publish","hentry"],"_links":{"self":[{"href":"https:\/\/keskipalokankoulu.net\/ops\/wp-json\/wp\/v2\/pages\/183","targetHints":{"allow":["GET"]}}],"collection":[{"href":"https:\/\/keskipalokankoulu.net\/ops\/wp-json\/wp\/v2\/pages"}],"about":[{"href":"https:\/\/keskipalokankoulu.net\/ops\/wp-json\/wp\/v2\/types\/page"}],"author":[{"embeddable":true,"href":"https:\/\/keskipalokankoulu.net\/ops\/wp-json\/wp\/v2\/users\/2"}],"replies":[{"embeddable":true,"href":"https:\/\/keskipalokankoulu.net\/ops\/wp-json\/wp\/v2\/comments?post=183"}],"version-history":[{"count":5,"href":"https:\/\/keskipalokankoulu.net\/ops\/wp-json\/wp\/v2\/pages\/183\/revisions"}],"predecessor-version":[{"id":1277,"href":"https:\/\/keskipalokankoulu.net\/ops\/wp-json\/wp\/v2\/pages\/183\/revisions\/1277"}],"wp:attachment":[{"href":"https:\/\/keskipalokankoulu.net\/ops\/wp-json\/wp\/v2\/media?parent=183"}],"curies":[{"name":"wp","href":"https:\/\/api.w.org\/{rel}","templated":true}]}}