{"id":180,"date":"2015-10-11T16:50:08","date_gmt":"2015-10-11T16:50:08","guid":{"rendered":"http:\/\/keskipalokankoulu.net\/ops\/?page_id=180"},"modified":"2025-08-27T08:22:40","modified_gmt":"2025-08-27T08:22:40","slug":"kiusaaminen","status":"publish","type":"page","link":"https:\/\/keskipalokankoulu.net\/ops\/kiusaaminen\/","title":{"rendered":"Kiusaaminen"},"content":{"rendered":"<p>Kiusaaminen on kielletty\u00e4, mutta sit\u00e4 tapahtuu. Kiusaamista ei saa koskaan hyv\u00e4ksy\u00e4. Koulukiusaaminen on sit\u00e4, ett\u00e4 yht\u00e4 tai useampaa oppilasta kiusataan usein ja jatkuvasti. Kiusaaja loukkaa tahallaan kiusattua ja aiheuttaa toiselle mielipahaa tai vammoja.<\/p>\n<p>On hyv\u00e4 muistaa, ett\u00e4 yksitt\u00e4iset <b>riitatilanteet<\/b> eiv\u00e4t ole v\u00e4ltt\u00e4m\u00e4tt\u00e4 koulukiusaamista ja eri ihmiset saattavat <b>kokea<\/b> kiusaamisen eri tavalla. Vastaavasti <strong>rikoslain alaiset asiat<\/strong> (esim. pahoinpitely) eiv\u00e4t ole koulun selvitett\u00e4viss\u00e4, vaan ne kuuluvat poliisille.<\/p>\n<p>Keski-Palokan koulu k\u00e4ytt\u00e4\u00e4 Jyv\u00e4skyl\u00e4n kaupungin <a href=\"https:\/\/peda.net\/jyvaskyla\/poske\/opspedagogisetmateriaalit\/kiusaamisen-vastainen-toimintamalli\"><strong>Kiusaamisen vastaista toimintamallia.\u00a0<\/strong><\/a>Kaupungin mallissa k\u00e4ytet\u00e4\u00e4n k\u00e4sitteit\u00e4 seuraavasti:<\/p>\n<p>\u25a0 <b>V\u00e4kivalta<\/b> on vallan tai fyysisen voiman tahallista k\u00e4ytt\u00f6\u00e4 tai sill\u00e4 uhkaamista. V\u00e4kivalta voi olla henkist\u00e4, fyysist\u00e4, sosiaalista, seksuaalista tai digitaalista.<\/p>\n<p>\u25a0 <b>Kiusaaminen<\/b> on toistuvaa, tahallista toisen ihmisen henkist\u00e4, fyysist\u00e4 tai sosiaalista vahingoittamista kasvotusten tai digitaalisessa ymp\u00e4rist\u00f6ss\u00e4. Kiusatuksi joutuneen on usein vaikea puolustautua.<\/p>\n<p>\u25a0 <b>H\u00e4irint\u00e4<\/b> on k\u00e4ytt\u00e4ytymist\u00e4, jolla sanoin tai teoin loukataan, uhataan, n\u00f6yryytet\u00e4\u00e4n tai halvennetaan toista.<\/p>\n<p>\u25a0 <b>Syrjint\u00e4<\/b> tarkoittaa, ett\u00e4 jotakuta kohdellaan huonommin kuin muita jonkin henkil\u00f6kohtaisen ominaisuuden, kuten ihonv\u00e4rin, seksuaalisen suuntautumisen, sukupuolen, uskonnon tai vammaisuuden vuoksi.<\/p>\n<p>Pyrimme <strong>ennaltaehk\u00e4isem\u00e4\u00e4n<\/strong> v\u00e4kivaltaa, kiusaamista, h\u00e4irint\u00e4\u00e4 ja syrjint\u00e4\u00e4 mm. seuraavasti:<\/p>\n<ul>\n<li>Opettelemme tunne- ja vuorovaikutustaitoja s\u00e4\u00e4nn\u00f6llisesti<\/li>\n<li>Yhteis\u00f6llisyytt\u00e4 tuetaan koulun yhteisill\u00e4 tapahtumilla ja kilpailuilla<\/li>\n<li>Ohjatut kaveriv\u00e4lk\u00e4t ja ryhm\u00e4ytysp\u00e4iv\u00e4t<\/li>\n<li>Ryhm\u00e4ytymist\u00e4 tukevat luokkaty\u00f6skentelyt (esim. 5.luokkalaisille Salatut el\u00e4m\u00e4ntaidot)<\/li>\n<li>S\u00e4\u00e4nn\u00f6lliset ilmapiirikyselyt luokissa (n. 4 krt\/lukuvuosi)<\/li>\n<li>Selke\u00e4t yhteiset s\u00e4\u00e4nn\u00f6t<\/li>\n<li>Yhteinen puuttumisen malli<\/li>\n<\/ul>\n<p>&nbsp;<\/p>\n<p><a href=\"https:\/\/keskipalokankoulu.net\/ops\/wp-content\/uploads\/2025\/08\/KP_VKHS.png\"><img loading=\"lazy\" decoding=\"async\" class=\"aligncenter size-full wp-image-1299\" src=\"https:\/\/keskipalokankoulu.net\/ops\/wp-content\/uploads\/2025\/08\/KP_VKHS.png\" alt=\"\" width=\"522\" height=\"721\" srcset=\"https:\/\/keskipalokankoulu.net\/ops\/wp-content\/uploads\/2025\/08\/KP_VKHS.png 522w, https:\/\/keskipalokankoulu.net\/ops\/wp-content\/uploads\/2025\/08\/KP_VKHS-217x300.png 217w\" sizes=\"auto, (max-width: 522px) 100vw, 522px\" \/><\/a><\/p>\n<p>&nbsp;<\/p>\n","protected":false},"excerpt":{"rendered":"<p>Kiusaaminen on kielletty\u00e4, mutta sit\u00e4 tapahtuu. Kiusaamista ei saa koskaan hyv\u00e4ksy\u00e4. Koulukiusaaminen on sit\u00e4, ett\u00e4 yht\u00e4 tai useampaa oppilasta kiusataan usein ja jatkuvasti. Kiusaaja loukkaa tahallaan kiusattua ja aiheuttaa toiselle mielipahaa tai vammoja. On hyv\u00e4 muistaa, ett\u00e4 yksitt\u00e4iset riitatilanteet eiv\u00e4t ole v\u00e4ltt\u00e4m\u00e4tt\u00e4 koulukiusaamista ja eri ihmiset saattavat kokea kiusaamisen eri tavalla. Vastaavasti rikoslain alaiset asiat &hellip; <a href=\"https:\/\/keskipalokankoulu.net\/ops\/kiusaaminen\/\" class=\"more-link\">Continue reading <span class=\"screen-reader-text\">Kiusaaminen<\/span> <span class=\"meta-nav\">&rarr;<\/span><\/a><\/p>\n","protected":false},"author":2,"featured_media":0,"parent":0,"menu_order":0,"comment_status":"closed","ping_status":"closed","template":"","meta":{"footnotes":""},"class_list":["post-180","page","type-page","status-publish","hentry"],"_links":{"self":[{"href":"https:\/\/keskipalokankoulu.net\/ops\/wp-json\/wp\/v2\/pages\/180","targetHints":{"allow":["GET"]}}],"collection":[{"href":"https:\/\/keskipalokankoulu.net\/ops\/wp-json\/wp\/v2\/pages"}],"about":[{"href":"https:\/\/keskipalokankoulu.net\/ops\/wp-json\/wp\/v2\/types\/page"}],"author":[{"embeddable":true,"href":"https:\/\/keskipalokankoulu.net\/ops\/wp-json\/wp\/v2\/users\/2"}],"replies":[{"embeddable":true,"href":"https:\/\/keskipalokankoulu.net\/ops\/wp-json\/wp\/v2\/comments?post=180"}],"version-history":[{"count":7,"href":"https:\/\/keskipalokankoulu.net\/ops\/wp-json\/wp\/v2\/pages\/180\/revisions"}],"predecessor-version":[{"id":1300,"href":"https:\/\/keskipalokankoulu.net\/ops\/wp-json\/wp\/v2\/pages\/180\/revisions\/1300"}],"wp:attachment":[{"href":"https:\/\/keskipalokankoulu.net\/ops\/wp-json\/wp\/v2\/media?parent=180"}],"curies":[{"name":"wp","href":"https:\/\/api.w.org\/{rel}","templated":true}]}}