{"id":172,"date":"2015-10-11T16:44:59","date_gmt":"2015-10-11T16:44:59","guid":{"rendered":"http:\/\/keskipalokankoulu.net\/ops\/?page_id=172"},"modified":"2015-10-11T16:44:59","modified_gmt":"2015-10-11T16:44:59","slug":"sisalla-liikkuminen","status":"publish","type":"page","link":"https:\/\/keskipalokankoulu.net\/ops\/sisalla-liikkuminen\/","title":{"rendered":"Sis\u00e4ll\u00e4 liikkuminen"},"content":{"rendered":"<p>&nbsp;<\/p>\n<table border=\"1\" width=\"100%\">\n<tbody>\n<tr>\n<td width=\"33%\"><b>Oppilaan<\/b> vastuu<\/td>\n<td width=\"33%\"><b>Kodin<\/b> (huoltajien) vastuu<\/td>\n<td width=\"34%\"><b>Koulun<\/b> vastuu<\/td>\n<\/tr>\n<tr>\n<td width=\"33%\">\n<ul>\n<li>kenkien ottaminen pois jalasta ulko-ovella ja niiden kuljettaminen paikoilleen<\/li>\n<li>Pipot, lippalakit ja hatut ovat ulkovaatteita. Ne otetaan pois p\u00e4\u00e4st\u00e4 viimeist\u00e4\u00e4n naulakolla.<\/li>\n<li>liikkuminen rauhallisesti k\u00e4velem\u00e4ll\u00e4<\/li>\n<li>ripe\u00e4 v\u00e4litunnille l\u00e4hteminen<\/li>\n<li>aikuisten tervehtiminen<\/li>\n<\/ul>\n<\/td>\n<td width=\"33%\">\n<ul>\n<li>k\u00e4yt\u00f6stapojen opettaminen yhdess\u00e4 koulun kanssa (mm. p\u00e4\u00e4hineen ottaminen pois p\u00e4\u00e4st\u00e4 sis\u00e4tiloissa)<\/li>\n<\/ul>\n<\/td>\n<td width=\"34%\">\n<ul>\n<li>k\u00e4yt\u00f6stapojen opettaminen yhdess\u00e4 kodin kanssa<\/li>\n<li>turvallisuudesta huolehtiminen siirtym\u00e4tilanteissa opastamalla ja valvomalla<\/li>\n<\/ul>\n<p>&nbsp;<\/td>\n<\/tr>\n<\/tbody>\n<\/table>\n","protected":false},"excerpt":{"rendered":"<p>&nbsp; Oppilaan vastuu Kodin (huoltajien) vastuu Koulun vastuu kenkien ottaminen pois jalasta ulko-ovella ja niiden kuljettaminen paikoilleen Pipot, lippalakit ja hatut ovat ulkovaatteita. Ne otetaan pois p\u00e4\u00e4st\u00e4 viimeist\u00e4\u00e4n naulakolla. liikkuminen rauhallisesti k\u00e4velem\u00e4ll\u00e4 ripe\u00e4 v\u00e4litunnille l\u00e4hteminen aikuisten tervehtiminen k\u00e4yt\u00f6stapojen opettaminen yhdess\u00e4 koulun kanssa (mm. p\u00e4\u00e4hineen ottaminen pois p\u00e4\u00e4st\u00e4 sis\u00e4tiloissa) k\u00e4yt\u00f6stapojen opettaminen yhdess\u00e4 kodin kanssa turvallisuudesta huolehtiminen &hellip; <a href=\"https:\/\/keskipalokankoulu.net\/ops\/sisalla-liikkuminen\/\" class=\"more-link\">Continue reading <span class=\"screen-reader-text\">Sis\u00e4ll\u00e4 liikkuminen<\/span> <span class=\"meta-nav\">&rarr;<\/span><\/a><\/p>\n","protected":false},"author":2,"featured_media":0,"parent":0,"menu_order":0,"comment_status":"closed","ping_status":"closed","template":"","meta":{"footnotes":""},"class_list":["post-172","page","type-page","status-publish","hentry"],"_links":{"self":[{"href":"https:\/\/keskipalokankoulu.net\/ops\/wp-json\/wp\/v2\/pages\/172","targetHints":{"allow":["GET"]}}],"collection":[{"href":"https:\/\/keskipalokankoulu.net\/ops\/wp-json\/wp\/v2\/pages"}],"about":[{"href":"https:\/\/keskipalokankoulu.net\/ops\/wp-json\/wp\/v2\/types\/page"}],"author":[{"embeddable":true,"href":"https:\/\/keskipalokankoulu.net\/ops\/wp-json\/wp\/v2\/users\/2"}],"replies":[{"embeddable":true,"href":"https:\/\/keskipalokankoulu.net\/ops\/wp-json\/wp\/v2\/comments?post=172"}],"version-history":[{"count":1,"href":"https:\/\/keskipalokankoulu.net\/ops\/wp-json\/wp\/v2\/pages\/172\/revisions"}],"predecessor-version":[{"id":173,"href":"https:\/\/keskipalokankoulu.net\/ops\/wp-json\/wp\/v2\/pages\/172\/revisions\/173"}],"wp:attachment":[{"href":"https:\/\/keskipalokankoulu.net\/ops\/wp-json\/wp\/v2\/media?parent=172"}],"curies":[{"name":"wp","href":"https:\/\/api.w.org\/{rel}","templated":true}]}}