{"id":169,"date":"2015-10-11T16:43:59","date_gmt":"2015-10-11T16:43:59","guid":{"rendered":"http:\/\/keskipalokankoulu.net\/ops\/?page_id=169"},"modified":"2024-01-02T11:58:34","modified_gmt":"2024-01-02T11:58:34","slug":"valitunnit","status":"publish","type":"page","link":"https:\/\/keskipalokankoulu.net\/ops\/valitunnit\/","title":{"rendered":"V\u00e4litunnit"},"content":{"rendered":"<p><strong>Koulu alkaa<\/strong> klo 8.00, 9.00 tai 10.10 ja <strong>p\u00e4\u00e4ttyy<\/strong> 12.00, 13.00, 14.00 tai 15.00.<\/p>\n<p><strong>Oppitunnit<\/strong> siis 8.00 &#8211; 8.45, 9.00 &#8211; 9.45, 10.10 &#8211; 10-55 *, 11.15 &#8211; 12.00 *, 12.15 &#8211; 13.00, 13.15 &#8211; 14.00, 14.15 &#8211; 15.00. (*<strong>ruokailu<\/strong> v\u00e4lill\u00e4 10.10 &#8211; 12.00 erillisen aikataulun mukaan. T\u00e4m\u00e4 osaltaan vaikuttaa v\u00e4litunnin eli ruokatauon ajankohtaan.)<\/p>\n<p>Koulup\u00e4iv\u00e4n lopussa <strong>kaksoistunti<\/strong> voidaan pit\u00e4\u00e4 kaupungin ohjeistuksen mukaisesti ilman v\u00e4lituntia, mik\u00e4li asiasta on informoitu huoltajia hyviss\u00e4 ajoin.<\/p>\n<p>Kiinte\u00e4t v\u00e4litunnit ovat <b>valvottuja<\/b>. <b>V\u00e4lituntivalvojat<\/b> k\u00e4ytt\u00e4v\u00e4t keltaista <b>huomioliivi\u00e4<\/b>.<\/p>\n<p>Kire\u00e4ll\u00e4kin <b>pakkasella<\/b> ulkoillaan. Tarvittaessa opettaja voi lyhent\u00e4\u00e4 v\u00e4lituntia.<\/p>\n<table border=\"1\" width=\"100%\">\n<tbody>\n<tr>\n<td width=\"66%\"><b>Oppilaan<\/b> vastuu<\/td>\n<td width=\"34%\"><b>Kodin<\/b> (huoltajien) vastuu<\/td>\n<\/tr>\n<tr>\n<td rowspan=\"3\" width=\"66%\">\n<ul>\n<li>ripe\u00e4 siirtyminen v\u00e4litunnille<\/li>\n<li>v\u00e4litunnin viett\u00e4minen ulkona, ellei opettaja sateen tai kire\u00e4n\u00a0pakkasen vuoksi anna lupaa toimia toisin<\/li>\n<li>v\u00e4lituntialueella pysyminen\n<ul>\n<li>koulun alapiha (parkkipaikan puoli) ja p\u00e4\u00e4dyt eiv\u00e4t kuulu v\u00e4lituntialueeseen, my\u00f6sk\u00e4\u00e4n liikuntahallin takaosa ei ole v\u00e4lituntialuetta<\/li>\n<li>frisbeegolfrata on v\u00e4lituntialuetta frisbeegolfaajille<\/li>\n<\/ul>\n<\/li>\n<\/ul>\n<h5><span style=\"font-family: Verdana;\">Toisen ja ymp\u00e4rist\u00f6n huomioon ottaminen<\/span><\/h5>\n<ul>\n<li>tappeleminen, t\u00f6niminen ja \u00e4rsytt\u00e4minen eiv\u00e4t kuulu yhteisiin rauhanomaisiin leikkeihin<\/li>\n<li>toisten v\u00e4lituntileikkien kunnioittaminen ja rauhaan j\u00e4tt\u00e4minen<\/li>\n<li>lumipallojen, kivien, keppien tms. heitteleminen on kielletty\u00e4<\/li>\n<li>huolehditaan ymp\u00e4rist\u00f6st\u00e4, istutetut kasvit ja puut j\u00e4tet\u00e4\u00e4n rauhaan<\/li>\n<\/ul>\n<h5><span style=\"font-family: Verdana;\">Pelit ja leikit<\/span><\/h5>\n<ul>\n<li><strong>pallopelit<\/strong>:\n<ul>\n<li>Jalkapalloa pelataan vain kent\u00e4ll\u00e4.<\/li>\n<li>Saman luokan pelaajat voivat varata vain yhden maalin, pelataan siis yhden maalin peli\u00e4.<\/li>\n<li>mailapelej\u00e4 pelataan vain niille sovitulla alueella<\/li>\n<\/ul>\n<\/li>\n<li><strong>liukum\u00e4ki- ja hiihtomaas\u00e4\u00e4nn\u00f6t:<\/strong>\n<ul>\n<li>lasketaan vain valvotusta m\u00e4est\u00e4<\/li>\n<li>yl\u00f6s kuljetaan valvojan osoittamaa reitti\u00e4<\/li>\n<li>lasketaan istualtaan<\/li>\n<li>m\u00e4ess\u00e4 ei viivytell\u00e4<\/li>\n<li>toisen p\u00e4\u00e4lle ei ole lupa laskea<\/li>\n<li>muissa laskijoissa ei saa roikkua<\/li>\n<li>voltteja ei saa tehd\u00e4<\/li>\n<\/ul>\n<\/li>\n<li><strong>keinus\u00e4\u00e4nn\u00f6t:<\/strong>\n<ul>\n<li>enint\u00e4\u00e4n kaksi oppilasta keinussa yht\u00e4 aikaa<\/li>\n<li>jonotus turvallisen v\u00e4limatkan p\u00e4\u00e4ss\u00e4<\/li>\n<li>jos keinuihin on jonoa, keinumisaika noin kaksi minuuttia<\/li>\n<\/ul>\n<\/li>\n<li><strong>kiipeilytelines\u00e4\u00e4nn\u00f6t:<\/strong>\n<ul>\n<li>voltteja ei saa tehd\u00e4<\/li>\n<li>annetaan toisille kiipeilyrauha<\/li>\n<li>aidat, pallosein\u00e4t ja puut eiv\u00e4t ole kiipeilypaikkoja<span style=\"font-size: small;\"><br \/>\n<\/span><\/li>\n<\/ul>\n<\/li>\n<\/ul>\n<h5><strong>Sis\u00e4\u00e4ntulo v\u00e4litunnin loputtua<\/strong><\/h5>\n<ul>\n<li>kellon soitua tai sovittuun aikaan tullaan oman luokan jonoon. Sis\u00e4lle siirryt\u00e4\u00e4n valvojan ohjeiden mukaan.<\/li>\n<li>talvella enimm\u00e4t lumet puistellaan ja harjataan pois ennen sis\u00e4\u00e4ntuloa<\/li>\n<li>keng\u00e4t pyyhit\u00e4\u00e4n hyvin ja otetaan jo aulassa pois jalasta<\/li>\n<\/ul>\n<\/td>\n<td width=\"34%\">\n<ul>\n<li>koulun v\u00e4lituntis\u00e4\u00e4nt\u00f6ihin tutustuminen yhdess\u00e4 lapsen kanssa<\/li>\n<li>s\u00e4\u00e4nt\u00f6jen merkityksest\u00e4 ja turvallisuudesta keskusteleminen<\/li>\n<\/ul>\n<\/td>\n<\/tr>\n<tr>\n<td width=\"34%\"><b>Koulun<\/b> vastuu<\/td>\n<\/tr>\n<tr>\n<td width=\"34%\">\n<ul>\n<li>riitt\u00e4v\u00e4st\u00e4 v\u00e4lituntivalvonnasta huolehtiminen niin, ett\u00e4 v\u00e4litunti on mahdollisimman turvallinen<\/li>\n<li>ryhm\u00e4ss\u00e4 toimimisen opettaminen<\/li>\n<li>v\u00e4lituntik\u00e4yt\u00e4nt\u00f6jen kehitt\u00e4minen<\/li>\n<\/ul>\n<\/td>\n<\/tr>\n<\/tbody>\n<\/table>\n","protected":false},"excerpt":{"rendered":"<p>Koulu alkaa klo 8.00, 9.00 tai 10.10 ja p\u00e4\u00e4ttyy 12.00, 13.00, 14.00 tai 15.00. Oppitunnit siis 8.00 &#8211; 8.45, 9.00 &#8211; 9.45, 10.10 &#8211; 10-55 *, 11.15 &#8211; 12.00 *, 12.15 &#8211; 13.00, 13.15 &#8211; 14.00, 14.15 &#8211; 15.00. (*ruokailu v\u00e4lill\u00e4 10.10 &#8211; 12.00 erillisen aikataulun mukaan. T\u00e4m\u00e4 osaltaan vaikuttaa v\u00e4litunnin eli ruokatauon ajankohtaan.) Koulup\u00e4iv\u00e4n &hellip; <a href=\"https:\/\/keskipalokankoulu.net\/ops\/valitunnit\/\" class=\"more-link\">Continue reading <span class=\"screen-reader-text\">V\u00e4litunnit<\/span> <span class=\"meta-nav\">&rarr;<\/span><\/a><\/p>\n","protected":false},"author":2,"featured_media":0,"parent":0,"menu_order":0,"comment_status":"closed","ping_status":"closed","template":"","meta":{"footnotes":""},"class_list":["post-169","page","type-page","status-publish","hentry"],"_links":{"self":[{"href":"https:\/\/keskipalokankoulu.net\/ops\/wp-json\/wp\/v2\/pages\/169","targetHints":{"allow":["GET"]}}],"collection":[{"href":"https:\/\/keskipalokankoulu.net\/ops\/wp-json\/wp\/v2\/pages"}],"about":[{"href":"https:\/\/keskipalokankoulu.net\/ops\/wp-json\/wp\/v2\/types\/page"}],"author":[{"embeddable":true,"href":"https:\/\/keskipalokankoulu.net\/ops\/wp-json\/wp\/v2\/users\/2"}],"replies":[{"embeddable":true,"href":"https:\/\/keskipalokankoulu.net\/ops\/wp-json\/wp\/v2\/comments?post=169"}],"version-history":[{"count":5,"href":"https:\/\/keskipalokankoulu.net\/ops\/wp-json\/wp\/v2\/pages\/169\/revisions"}],"predecessor-version":[{"id":1192,"href":"https:\/\/keskipalokankoulu.net\/ops\/wp-json\/wp\/v2\/pages\/169\/revisions\/1192"}],"wp:attachment":[{"href":"https:\/\/keskipalokankoulu.net\/ops\/wp-json\/wp\/v2\/media?parent=169"}],"curies":[{"name":"wp","href":"https:\/\/api.w.org\/{rel}","templated":true}]}}