{"id":163,"date":"2015-10-11T16:41:49","date_gmt":"2015-10-11T16:41:49","guid":{"rendered":"http:\/\/keskipalokankoulu.net\/ops\/?page_id=163"},"modified":"2018-12-11T09:14:37","modified_gmt":"2018-12-11T09:14:37","slug":"kotitehtavat","status":"publish","type":"page","link":"https:\/\/keskipalokankoulu.net\/ops\/kotitehtavat\/","title":{"rendered":"Velvollisuus suorittaa teht\u00e4v\u00e4t tunnollisesti"},"content":{"rendered":"<p>Keltataustainen teksti on osa Jyv\u00e4skyl\u00e4n kaupungin virallisia koulujen j\u00e4rjestyss\u00e4\u00e4nt\u00f6j\u00e4.<\/p>\n<table style=\"background: #ffff66;\" border=\"1\" width=\"100%\">\n<tbody>\n<tr>\n<td width=\"33%\"><b>Oppilaan<\/b> vastuu<\/td>\n<td width=\"34%\"><b>Koulun<\/b> vastuu<\/td>\n<td style=\"background: white;\" width=\"33%\"><b>Kodin<\/b> (huoltajien) vastuu<\/td>\n<\/tr>\n<tr>\n<td width=\"33%\">\n<ul>\n<li><span style=\"font-family: Verdana;\">kotiteht\u00e4vien selke\u00e4 merkitseminen<\/span><\/li>\n<li><span style=\"font-family: Verdana;\">tarvittavien kirjojen, vihkojen ja viestien mukaan ottaminen kotiin ja kouluun<\/span><\/li>\n<li><span style=\"font-family: Verdana;\">annetuista l\u00e4ksyist\u00e4 ja muista teht\u00e4vist\u00e4 huolehtiminen<\/span><\/li>\n<\/ul>\n<p>&nbsp;<\/td>\n<td width=\"34%\">\n<ul>\n<li>riitt\u00e4v\u00e4n selke\u00e4 teht\u00e4vien antaminen<\/li>\n<li><span style=\"font-family: Verdana;\">m\u00e4\u00e4r\u00e4lt\u00e4\u00e4n sopivan kotiteht\u00e4v\u00e4n antaminen<\/span><\/li>\n<li><span style=\"font-family: Verdana;\">kotiteht\u00e4vien tekemisen tarkkaileminen<\/span><\/li>\n<li><span style=\"font-family: Verdana;\">huoltajalle tiedottaminen siit\u00e4, miten kotiteht\u00e4v\u00e4t sujuvat<\/span><\/li>\n<li><span style=\"font-family: Verdana;\">tarvittaessa antaa riitt\u00e4v\u00e4\u00e4 tukea teht\u00e4vien tekemiseen<\/span><\/li>\n<\/ul>\n<\/td>\n<td style=\"background: white;\" width=\"33%\">\n<ul>\n<li>rauhallisen paikan j\u00e4rjest\u00e4minen l\u00e4ksyjen tekemiseen<\/li>\n<li>tarvittaessa&nbsp; teht\u00e4vien tekemisen aloittamisen ja niihin keskittymisen tukeminen<\/li>\n<li>huolehtiminen&nbsp; siit\u00e4, ett\u00e4 lapselle j\u00e4\u00e4 riitt\u00e4v\u00e4 aika kotiteht\u00e4vien tekemiseen<\/li>\n<li>kotiteht\u00e4vien tekemisen valvominen<\/li>\n<li>opettajalle kertominen, mik\u00e4li oppilaan ty\u00f6m\u00e4\u00e4r\u00e4 vaikuttaa liian isolta tai liian pienelt\u00e4<\/li>\n<li>koulusta tulleiden viestien kuittaaminen<\/li>\n<\/ul>\n<\/td>\n<\/tr>\n<\/tbody>\n<\/table>\n<table style=\"background: #ffff66;\" border=\"0\">\n<tbody>\n<tr>\n<td>\n<ul>\n<li>Oppilaat saapuvat oppitunneille t\u00e4sm\u00e4llisesti tarvittavat ty\u00f6v\u00e4lineet mukanaan ja teht\u00e4v\u00e4t tehtyin\u00e4.<\/li>\n<li>Hakemuksen poissaolosta ennakkoon tekee huoltaja ja my\u00f6nt\u00e4\u00e4 luokanopettaja\/valvoja (1-5 p\u00e4iv\u00e4\u00e4) tai rehtori (6 p\u00e4iv\u00e4\u00e4 tai enemm\u00e4n). Opettajan antamien kouluteht\u00e4vien suorittamisen sopiminen kirjataan hakemukseen. Teht\u00e4vien tekemisen ohjauksesta huolehtii huoltaja poissaolon aikana.<\/li>\n<\/ul>\n<\/td>\n<\/tr>\n<\/tbody>\n<\/table>\n","protected":false},"excerpt":{"rendered":"<p>Keltataustainen teksti on osa Jyv\u00e4skyl\u00e4n kaupungin virallisia koulujen j\u00e4rjestyss\u00e4\u00e4nt\u00f6j\u00e4. Oppilaan vastuu Koulun vastuu Kodin (huoltajien) vastuu kotiteht\u00e4vien selke\u00e4 merkitseminen tarvittavien kirjojen, vihkojen ja viestien mukaan ottaminen kotiin ja kouluun annetuista l\u00e4ksyist\u00e4 ja muista teht\u00e4vist\u00e4 huolehtiminen &nbsp; riitt\u00e4v\u00e4n selke\u00e4 teht\u00e4vien antaminen m\u00e4\u00e4r\u00e4lt\u00e4\u00e4n sopivan kotiteht\u00e4v\u00e4n antaminen kotiteht\u00e4vien tekemisen tarkkaileminen huoltajalle tiedottaminen siit\u00e4, miten kotiteht\u00e4v\u00e4t sujuvat tarvittaessa antaa &hellip; <a href=\"https:\/\/keskipalokankoulu.net\/ops\/kotitehtavat\/\" class=\"more-link\">Continue reading <span class=\"screen-reader-text\">Velvollisuus suorittaa teht\u00e4v\u00e4t tunnollisesti<\/span> <span class=\"meta-nav\">&rarr;<\/span><\/a><\/p>\n","protected":false},"author":2,"featured_media":0,"parent":0,"menu_order":0,"comment_status":"closed","ping_status":"closed","template":"","meta":{"footnotes":""},"class_list":["post-163","page","type-page","status-publish","hentry"],"_links":{"self":[{"href":"https:\/\/keskipalokankoulu.net\/ops\/wp-json\/wp\/v2\/pages\/163","targetHints":{"allow":["GET"]}}],"collection":[{"href":"https:\/\/keskipalokankoulu.net\/ops\/wp-json\/wp\/v2\/pages"}],"about":[{"href":"https:\/\/keskipalokankoulu.net\/ops\/wp-json\/wp\/v2\/types\/page"}],"author":[{"embeddable":true,"href":"https:\/\/keskipalokankoulu.net\/ops\/wp-json\/wp\/v2\/users\/2"}],"replies":[{"embeddable":true,"href":"https:\/\/keskipalokankoulu.net\/ops\/wp-json\/wp\/v2\/comments?post=163"}],"version-history":[{"count":4,"href":"https:\/\/keskipalokankoulu.net\/ops\/wp-json\/wp\/v2\/pages\/163\/revisions"}],"predecessor-version":[{"id":748,"href":"https:\/\/keskipalokankoulu.net\/ops\/wp-json\/wp\/v2\/pages\/163\/revisions\/748"}],"wp:attachment":[{"href":"https:\/\/keskipalokankoulu.net\/ops\/wp-json\/wp\/v2\/media?parent=163"}],"curies":[{"name":"wp","href":"https:\/\/api.w.org\/{rel}","templated":true}]}}