{"id":157,"date":"2015-10-11T16:39:15","date_gmt":"2015-10-11T16:39:15","guid":{"rendered":"http:\/\/keskipalokankoulu.net\/ops\/?page_id=157"},"modified":"2018-11-07T09:15:28","modified_gmt":"2018-11-07T09:15:28","slug":"kayttaytyminen","status":"publish","type":"page","link":"https:\/\/keskipalokankoulu.net\/ops\/kayttaytyminen\/","title":{"rendered":"K\u00e4ytt\u00e4ytyminen"},"content":{"rendered":"<p>&nbsp;<\/p>\n<p>Keltataustainen teksti on osa Jyv\u00e4skyl\u00e4n kaupungin virallisia koulujen j\u00e4rjestyss\u00e4\u00e4nt\u00f6j\u00e4.<\/p>\n<table style=\"background: #ffff66;\" border=\"1\">\n<tbody>\n<tr>\n<td><b>Oppilaan<\/b>\u00a0vastuu<\/td>\n<td><b>Koulun<\/b>\u00a0vastuu<\/td>\n<td style=\"background: white;\"><b>Kodin (huoltajien)<\/b>\u00a0vastuu<\/td>\n<\/tr>\n<tr>\n<td>\n<ul>\n<li style=\"list-style-type: none;\">\n<ul>\n<li>asiallinen k\u00e4ytt\u00e4ytyminen ja hyv\u00e4n ilmapiirin aktiivinen yll\u00e4pito:\u00a0k\u00e4ytt\u00e4yty\u00e4 muita ihmisi\u00e4 kohtaan kunnioittavasti ja ihmisoikeuksia noudattaen<\/li>\n<li>ohjeiden kuunteleminen ja noudattaminen<\/li>\n<li>vastuun ottaminen tekemisist\u00e4\u00e4n ja toisten kunnioittaminen<\/li>\n<li>rehellisyys<\/li>\n<li>tervehtiminen<\/li>\n<li>kiitt\u00e4minen, anteeksi pyyt\u00e4minen ja antaminen, riitojen sopiminen<\/li>\n<li>toisten huomioon ottaminen ja auttaminen<\/li>\n<li>sovituista ajoista kiinnipit\u00e4minen ja t\u00e4sm\u00e4llisyys<\/li>\n<li>noudattaa valokuvien ja videoiden julkaisemista s\u00e4\u00e4dettyj\u00e4 m\u00e4\u00e4r\u00e4yksi\u00e4 internetiss\u00e4, sosiaalisessa mediassa ja julkisilla paikoilla<\/li>\n<\/ul>\n<p>OPH ohje:\u00a0<a href=\"https:\/\/peda.net\/jyvaskyla\/ict\/ohjeet\/tablet-kayttosaannot\/oph-ohje:file\/download\/b1bef6f52ff406dd746a75b396ba329d0320d595\/183993_tietokoneen_kannykan_ja_muiden_mobiililaitteiden_kayttoon_liittyvista_oikeuk.pdf\" target=\"_blank\" rel=\"noopener\">Tietokoneen, k\u00e4nnyk\u00e4n ja muiden mobiililaitteiden k\u00e4ytt\u00f6\u00f6n liittyvist\u00e4 oikeuksista\u00a0ja velvollisuuksista<\/a><\/li>\n<\/ul>\n<\/td>\n<td>\n<ul>\n<li>hyv\u00e4n k\u00e4ytt\u00e4ytymisen opettaminen ja vaatiminen yhdess\u00e4 kotien kanssa<\/li>\n<li>ryhm\u00e4ss\u00e4 toimimisen opettaminen<\/li>\n<li>k\u00e4ytt\u00e4ytymiss\u00e4\u00e4nn\u00f6ist\u00e4 tiedottaminen<\/li>\n<li>yhteydenpito tarvittaessa kotiin<\/li>\n<li>k\u00e4ytt\u00e4ytymisen arvioiminen<\/li>\n<li>taata fyysinen, psyykkinen ja virtuaalinen koskemattomuus<\/li>\n<\/ul>\n<\/td>\n<td style=\"background: white;\">Huoltajalla on p\u00e4\u00e4vastuu lapsen kasvatuksesta.<\/p>\n<ul>\n<li>hyv\u00e4n k\u00e4ytt\u00e4ytymisen opettaminen ja vaatiminen yhdess\u00e4 koulun kanssa<\/li>\n<li>aikuisen esimerkin n\u00e4ytt\u00e4minen<\/li>\n<li>yhteydenpito tarvittaessa kouluun<\/li>\n<\/ul>\n<\/td>\n<\/tr>\n<\/tbody>\n<\/table>\n","protected":false},"excerpt":{"rendered":"<p>&nbsp; Keltataustainen teksti on osa Jyv\u00e4skyl\u00e4n kaupungin virallisia koulujen j\u00e4rjestyss\u00e4\u00e4nt\u00f6j\u00e4. Oppilaan\u00a0vastuu Koulun\u00a0vastuu Kodin (huoltajien)\u00a0vastuu asiallinen k\u00e4ytt\u00e4ytyminen ja hyv\u00e4n ilmapiirin aktiivinen yll\u00e4pito:\u00a0k\u00e4ytt\u00e4yty\u00e4 muita ihmisi\u00e4 kohtaan kunnioittavasti ja ihmisoikeuksia noudattaen ohjeiden kuunteleminen ja noudattaminen vastuun ottaminen tekemisist\u00e4\u00e4n ja toisten kunnioittaminen rehellisyys tervehtiminen kiitt\u00e4minen, anteeksi pyyt\u00e4minen ja antaminen, riitojen sopiminen toisten huomioon ottaminen ja auttaminen sovituista ajoista kiinnipit\u00e4minen &hellip; <a href=\"https:\/\/keskipalokankoulu.net\/ops\/kayttaytyminen\/\" class=\"more-link\">Continue reading <span class=\"screen-reader-text\">K\u00e4ytt\u00e4ytyminen<\/span> <span class=\"meta-nav\">&rarr;<\/span><\/a><\/p>\n","protected":false},"author":2,"featured_media":0,"parent":0,"menu_order":0,"comment_status":"closed","ping_status":"closed","template":"","meta":{"footnotes":""},"class_list":["post-157","page","type-page","status-publish","hentry"],"_links":{"self":[{"href":"https:\/\/keskipalokankoulu.net\/ops\/wp-json\/wp\/v2\/pages\/157","targetHints":{"allow":["GET"]}}],"collection":[{"href":"https:\/\/keskipalokankoulu.net\/ops\/wp-json\/wp\/v2\/pages"}],"about":[{"href":"https:\/\/keskipalokankoulu.net\/ops\/wp-json\/wp\/v2\/types\/page"}],"author":[{"embeddable":true,"href":"https:\/\/keskipalokankoulu.net\/ops\/wp-json\/wp\/v2\/users\/2"}],"replies":[{"embeddable":true,"href":"https:\/\/keskipalokankoulu.net\/ops\/wp-json\/wp\/v2\/comments?post=157"}],"version-history":[{"count":3,"href":"https:\/\/keskipalokankoulu.net\/ops\/wp-json\/wp\/v2\/pages\/157\/revisions"}],"predecessor-version":[{"id":665,"href":"https:\/\/keskipalokankoulu.net\/ops\/wp-json\/wp\/v2\/pages\/157\/revisions\/665"}],"wp:attachment":[{"href":"https:\/\/keskipalokankoulu.net\/ops\/wp-json\/wp\/v2\/media?parent=157"}],"curies":[{"name":"wp","href":"https:\/\/api.w.org\/{rel}","templated":true}]}}