{"id":154,"date":"2015-10-11T16:38:27","date_gmt":"2015-10-11T16:38:27","guid":{"rendered":"http:\/\/keskipalokankoulu.net\/ops\/?page_id=154"},"modified":"2018-11-08T12:41:24","modified_gmt":"2018-11-08T12:41:24","slug":"koulumatka","status":"publish","type":"page","link":"https:\/\/keskipalokankoulu.net\/ops\/koulumatka\/","title":{"rendered":"Koulumatka"},"content":{"rendered":"<p>Keltataustainen teksti on osa Jyv\u00e4skyl\u00e4n kaupungin virallisia koulujen j\u00e4rjestyss\u00e4\u00e4nt\u00f6j\u00e4.<\/p>\n<p>Suosittelemme, ett\u00e4 oppilaat tulevat py\u00f6r\u00e4ll\u00e4 kouluun vasta toisen luokan kev\u00e4\u00e4ll\u00e4 j\u00e4rjestett\u00e4v\u00e4n py\u00f6r\u00e4ilytestin ja vanhempien arvion j\u00e4lkeen.<\/p>\n<table border=\"1\" width=\"100%\">\n<tbody>\n<tr>\n<td style=\"background: #ffff66;\" width=\"33%\"><b>Oppilaan<\/b> vastuu<\/td>\n<td style=\"background: #ffff66;\" width=\"33%\"><b>Koulun\u00a0<\/b>vastuu<\/td>\n<td width=\"34%\"><b>Kodin<\/b> (huoltajien) vastuu<\/td>\n<\/tr>\n<tr>\n<td width=\"33%\">\n<ul>\n<li>\n<p style=\"background: #ffff66;\">liikennes\u00e4\u00e4nt\u00f6jen noudattaminen: mm. kyp\u00e4r\u00e4n k\u00e4ytt\u00f6 polkupy\u00f6r\u00e4ilt\u00e4ess\u00e4, heijastimen k\u00e4ytt\u00f6<\/p>\n<\/li>\n<li>\n<p style=\"background: #ffff66;\">kulkeminen sovittua reitti\u00e4 suoraan koulusta kotiin ja kotoa kouluun, ellei huoltajan kanssa ole sovittu toisin<\/p>\n<\/li>\n<li>\n<p style=\"background: #ffff66;\">asiallinen k\u00e4ytt\u00e4ytyminen my\u00f6s koulumatkalla ja koulukuljetuksessa<\/p>\n<\/li>\n<\/ul>\n<ul>\n<li>py\u00f6r\u00e4n pys\u00e4k\u00f6inti siistiin riviin asvaltille, ei nurmikoille.<\/li>\n<li>(kyp\u00e4r\u00e4 on syyt\u00e4 tuoda kouluun sis\u00e4lle p\u00e4iv\u00e4n ajaksi)<\/li>\n<\/ul>\n<\/td>\n<td style=\"background: #ffff66;\" width=\"33%\">\n<ul>\n<li>Koulun opettajan tai rehtorin tulee ilmoittaa tietoonsa tulleesta koulussa tai koulumatkalla tapahtuneesta h\u00e4irinn\u00e4st\u00e4, kiusaamisesta tai v\u00e4kivallasta niihin syyllistyneen ja niiden kohteena olevan oppilaan huoltajalle tai muulle lailliselle edustajalle.<\/li>\n<li>Koulumatkat eiv\u00e4t ole koulun vastuulla, mutta kuuluvat vakuutuksen piiriin.<\/li>\n<\/ul>\n<\/td>\n<td width=\"34%\">\n<ul>\n<li>turvallisen koulureitin opettaminen ja kulkemisen harjoitteleminen oppilaan kanssa<\/li>\n<li>opastaa lasta kulkemaan suoraan koulusta kotiin<\/li>\n<li>oppilaan ajotaidon arvioiminen &#8211; onko ajotaito niin hyv\u00e4, ett\u00e4 oppilas voi kulkea liikenteess\u00e4 py\u00f6r\u00e4ll\u00e4<\/li>\n<li>v\u00e4lineist\u00e4 huolehtiminen: polkupy\u00f6r\u00e4n kunto, heijastimen hankkiminen<\/li>\n<li>polkupy\u00f6r\u00e4kyp\u00e4r\u00e4n ja heijastimen k\u00e4yt\u00f6n opettaminen ja valvonta yhdess\u00e4 koulun kanssa<\/li>\n<li>ongelmatilanteisiin puuttuminen (esim. kiusaaminen)<\/li>\n<\/ul>\n<p>&nbsp;<\/td>\n<\/tr>\n<\/tbody>\n<\/table>\n<p>&nbsp;<\/p>\n<h4>K\u00e4ytt\u00e4ytyminen koulukuljetuksessa<\/h4>\n<table id=\"table1\" border=\"1\" width=\"100%\">\n<tbody>\n<tr>\n<td width=\"33%\"><b>Oppilaan<\/b> vastuu<\/td>\n<td width=\"33%\"><b>Kodin<\/b> (huoltajien) vastuu<\/td>\n<td width=\"34%\"><b>Kaupungin<\/b> vastuu<\/td>\n<\/tr>\n<tr>\n<td width=\"33%\">asiallinen k\u00e4ytt\u00e4ytyminen pys\u00e4kill\u00e4<\/p>\n<ul>\n<li>jonottaminen etuilematta ja t\u00f6nim\u00e4tt\u00e4<\/li>\n<li>pysyminen turvallisella odotusalueella<\/li>\n<\/ul>\n<p>asiallinen k\u00e4ytt\u00e4ytyminen linja-autossa<\/p>\n<ul>\n<li>rauhallinen siirtyminen omalle paikalle tai auton ollessa t\u00e4ynn\u00e4 k\u00e4yt\u00e4v\u00e4n takaosaan<\/li>\n<li>pysyminen omalla paikallaan koko matkan ajan<\/li>\n<li>ei t\u00f6nimist\u00e4, huutelemista, turhaa pys\u00e4ytyspainikkeen painamista<\/li>\n<\/ul>\n<p>rauhallinen poistuminen linja-autosta poistumispys\u00e4kill\u00e4<\/p>\n<p>linja-autokortin huolellinen s\u00e4ilytt\u00e4minen<\/td>\n<td width=\"33%\">\n<ul>\n<li>s\u00e4\u00e4nt\u00f6jen kertaaminen oppilaan kanssa<\/li>\n<li>mahdollisuuksien mukaan pys\u00e4kkik\u00e4ytt\u00e4ytymisen seuraaminen<\/li>\n<li>lapsen jututtaminen siit\u00e4, miten koulumatkat ovat sujuneet<\/li>\n<li>aikuisena ep\u00e4asialliseen k\u00e4ytt\u00e4ytymiseen puuttuminen esim. kotipys\u00e4kill\u00e4 tai autossa<\/li>\n<li>yhteydenotto kouluun silloin, jos huomaa kuljetuksessa ongelmia.<\/li>\n<\/ul>\n<\/td>\n<td width=\"34%\">\n<ul>\n<li>pys\u00e4kkij\u00e4rjestelyiden turvallisuus<\/li>\n<li>liikenn\u00f6itsij\u00f6iden toiminnan valvonta<\/li>\n<\/ul>\n<p>&nbsp;<\/p>\n<p><b>Koulun<\/b> vastuu<\/p>\n<ul>\n<li>kuljetusj\u00e4rjestelyist\u00e4 tiedottaminen<\/li>\n<li>koulukuljetusk\u00e4yt\u00e4nt\u00f6jen opettaminen oppilaille<\/li>\n<li>tietoon tulleiden kiusaamis- ym. tapausten kertominen huoltajille<\/li>\n<li>yhteydenpito liikenn\u00f6itsij\u00f6ihin ongelmien ratkaisemiseksi<\/li>\n<\/ul>\n<p>&nbsp;<\/td>\n<\/tr>\n<\/tbody>\n<\/table>\n<p>&nbsp;<\/p>\n","protected":false},"excerpt":{"rendered":"<p>Keltataustainen teksti on osa Jyv\u00e4skyl\u00e4n kaupungin virallisia koulujen j\u00e4rjestyss\u00e4\u00e4nt\u00f6j\u00e4. Suosittelemme, ett\u00e4 oppilaat tulevat py\u00f6r\u00e4ll\u00e4 kouluun vasta toisen luokan kev\u00e4\u00e4ll\u00e4 j\u00e4rjestett\u00e4v\u00e4n py\u00f6r\u00e4ilytestin ja vanhempien arvion j\u00e4lkeen. Oppilaan vastuu Koulun\u00a0vastuu Kodin (huoltajien) vastuu liikennes\u00e4\u00e4nt\u00f6jen noudattaminen: mm. kyp\u00e4r\u00e4n k\u00e4ytt\u00f6 polkupy\u00f6r\u00e4ilt\u00e4ess\u00e4, heijastimen k\u00e4ytt\u00f6 kulkeminen sovittua reitti\u00e4 suoraan koulusta kotiin ja kotoa kouluun, ellei huoltajan kanssa ole sovittu toisin asiallinen &hellip; <a href=\"https:\/\/keskipalokankoulu.net\/ops\/koulumatka\/\" class=\"more-link\">Continue reading <span class=\"screen-reader-text\">Koulumatka<\/span> <span class=\"meta-nav\">&rarr;<\/span><\/a><\/p>\n","protected":false},"author":2,"featured_media":0,"parent":0,"menu_order":0,"comment_status":"closed","ping_status":"closed","template":"","meta":{"footnotes":""},"class_list":["post-154","page","type-page","status-publish","hentry"],"_links":{"self":[{"href":"https:\/\/keskipalokankoulu.net\/ops\/wp-json\/wp\/v2\/pages\/154","targetHints":{"allow":["GET"]}}],"collection":[{"href":"https:\/\/keskipalokankoulu.net\/ops\/wp-json\/wp\/v2\/pages"}],"about":[{"href":"https:\/\/keskipalokankoulu.net\/ops\/wp-json\/wp\/v2\/types\/page"}],"author":[{"embeddable":true,"href":"https:\/\/keskipalokankoulu.net\/ops\/wp-json\/wp\/v2\/users\/2"}],"replies":[{"embeddable":true,"href":"https:\/\/keskipalokankoulu.net\/ops\/wp-json\/wp\/v2\/comments?post=154"}],"version-history":[{"count":4,"href":"https:\/\/keskipalokankoulu.net\/ops\/wp-json\/wp\/v2\/pages\/154\/revisions"}],"predecessor-version":[{"id":685,"href":"https:\/\/keskipalokankoulu.net\/ops\/wp-json\/wp\/v2\/pages\/154\/revisions\/685"}],"wp:attachment":[{"href":"https:\/\/keskipalokankoulu.net\/ops\/wp-json\/wp\/v2\/media?parent=154"}],"curies":[{"name":"wp","href":"https:\/\/api.w.org\/{rel}","templated":true}]}}