{"id":143,"date":"2015-10-11T16:30:20","date_gmt":"2015-10-11T16:30:20","guid":{"rendered":"http:\/\/keskipalokankoulu.net\/ops\/?page_id=143"},"modified":"2019-01-29T11:49:46","modified_gmt":"2019-01-29T11:49:46","slug":"terapiapalvelut","status":"publish","type":"page","link":"https:\/\/keskipalokankoulu.net\/ops\/terapiapalvelut\/","title":{"rendered":"Terapiapalvelut"},"content":{"rendered":"<p>Koululla ei ole omia terapeutteja eik\u00e4 terapiapalvelua. Kouluaikana oppilas voi sopimuksen mukaan k\u00e4yd\u00e4 ulkopuolisissa terapiapalveluissa. Erikseen sovittaessa terapia voidaan toteuttaa my\u00f6s koulun tiloissa. Koulussa ei ole kuitenkaan varsinaisia terapiatiloja (terapiasali jne).<\/p>\n<p>&nbsp;<\/p>\n<p><a href=\"https:\/\/www.jyvaskyla.fi\/sosiaalipalvelut\/perheet\">Tarkempaa tietoa lasten, nuorten ja perheiden palveluista<\/a><\/p>\n","protected":false},"excerpt":{"rendered":"<p>Koululla ei ole omia terapeutteja eik\u00e4 terapiapalvelua. Kouluaikana oppilas voi sopimuksen mukaan k\u00e4yd\u00e4 ulkopuolisissa terapiapalveluissa. Erikseen sovittaessa terapia voidaan toteuttaa my\u00f6s koulun tiloissa. Koulussa ei ole kuitenkaan varsinaisia terapiatiloja (terapiasali jne). &nbsp; Tarkempaa tietoa lasten, nuorten ja perheiden palveluista<\/p>\n","protected":false},"author":2,"featured_media":0,"parent":0,"menu_order":0,"comment_status":"closed","ping_status":"closed","template":"","meta":{"footnotes":""},"class_list":["post-143","page","type-page","status-publish","hentry"],"_links":{"self":[{"href":"https:\/\/keskipalokankoulu.net\/ops\/wp-json\/wp\/v2\/pages\/143","targetHints":{"allow":["GET"]}}],"collection":[{"href":"https:\/\/keskipalokankoulu.net\/ops\/wp-json\/wp\/v2\/pages"}],"about":[{"href":"https:\/\/keskipalokankoulu.net\/ops\/wp-json\/wp\/v2\/types\/page"}],"author":[{"embeddable":true,"href":"https:\/\/keskipalokankoulu.net\/ops\/wp-json\/wp\/v2\/users\/2"}],"replies":[{"embeddable":true,"href":"https:\/\/keskipalokankoulu.net\/ops\/wp-json\/wp\/v2\/comments?post=143"}],"version-history":[{"count":3,"href":"https:\/\/keskipalokankoulu.net\/ops\/wp-json\/wp\/v2\/pages\/143\/revisions"}],"predecessor-version":[{"id":792,"href":"https:\/\/keskipalokankoulu.net\/ops\/wp-json\/wp\/v2\/pages\/143\/revisions\/792"}],"wp:attachment":[{"href":"https:\/\/keskipalokankoulu.net\/ops\/wp-json\/wp\/v2\/media?parent=143"}],"curies":[{"name":"wp","href":"https:\/\/api.w.org\/{rel}","templated":true}]}}