{"id":140,"date":"2015-10-11T16:29:07","date_gmt":"2015-10-11T16:29:07","guid":{"rendered":"http:\/\/keskipalokankoulu.net\/ops\/?page_id=140"},"modified":"2024-01-19T06:47:42","modified_gmt":"2024-01-19T06:47:42","slug":"psykologin-ja-kuraattorin-palvelut","status":"publish","type":"page","link":"https:\/\/keskipalokankoulu.net\/ops\/psykologin-ja-kuraattorin-palvelut\/","title":{"rendered":"Psykologin ja kuraattorin palvelut"},"content":{"rendered":"<h4><i>eli koulun psykososiaalinen ty\u00f6<\/i><\/h4>\n<h3>Koulupsykologi<\/h3>\n<p>Koulupsykologin ty\u00f6 suuntautuu p\u00e4\u00e4asiassa <b>lapsen oppimiseen ja koulunk\u00e4yntiin liittyvien asioiden selvittelyyn ja tukemiseen<\/b>. Ty\u00f6n tavoitteena on edist\u00e4\u00e4 oppilaan tervett\u00e4 kasvua ja kehityst\u00e4. Koulupsykologin ty\u00f6h\u00f6n kuuluvat mm. <b>ohjaus ja neuvonta, keskusteluavun tarjoaminen ja oppimisvaikeuksien arviointi.<\/b> Koulupsykologi ty\u00f6skentelee yhteisty\u00f6ss\u00e4 oppilaiden, vanhempien ja koulun ty\u00f6ntekij\u00f6iden kanssa. Kuka tahansa edell\u00e4 mainituista voi ottaa yhteytt\u00e4 koulupsykologiin, jos lapsen tilanne askarruttaa. Koulupsykologi ohjaa tarvittaessa my\u00f6s muiden tutkimus-, hoito- ja kuntoutuspalvelujen pariin. Keskustelut koulupsykologin kanssa ovat <b>luottamuksellisia<\/b>. Koulupsykologi kuuluu koulun oppilashuoltoryhm\u00e4\u00e4n.<\/p>\n<p>&nbsp;<\/p>\n<h3>Koulukuraattori<\/h3>\n<p>Koulukuraattority\u00f6n tavoitteena on oppilaan <b>koulunk\u00e4ynnin tukeminen ja sosiaalisen hyvinvoinnin edist\u00e4minen koulussa<\/b>. Koulukuraattoriin voi ottaa yhteytt\u00e4 mm. koulunk\u00e4yntiin, kasvuun ja kehitykseen, perhetilanteeseen ja kaveripiiriin liittyviss\u00e4 asioissa. Yhteytt\u00e4 voi ottaa oppilas itse, vanhemmat tai opettaja. Keskustelut kuraattorin kanssa ovat <b>luottamuksellisia<\/b>. Kuraattori osallistuu tarpeen mukaan oppilaan ja vanhempien kanssa kouluneuvotteluihin. Tarvittaessa kuraattori ohjaa oppilaan muihin lapsille ja nuorille tarjolla oleviin palveluihin ja tekee yhteisty\u00f6t\u00e4 n\u00e4iden tahojen kanssa. Koulukuraattori kuuluu koulun oppilashuoltoryhm\u00e4\u00e4n.<\/p>\n<p>Keski-Palokan koululla toimivan psykologin ja kuraattorin <b>yhteystiedot<\/b> l\u00f6yd\u00e4t <a href=\"https:\/\/peda.net\/jyvaskyla\/keski-palokankoulu\/yhteystiedot\">yhteystiedoista<\/a>. Muissa kuin koulunk\u00e4yntiin liittyviss\u00e4 asioissa voit halutessasi ottaa yhteytt\u00e4 my\u00f6s <a href=\"http:\/\/www.jyvaskyla.fi\/perheneuvola\"><b>perheneuvolaan<\/b><\/a>.<\/p>\n","protected":false},"excerpt":{"rendered":"<p>eli koulun psykososiaalinen ty\u00f6 Koulupsykologi Koulupsykologin ty\u00f6 suuntautuu p\u00e4\u00e4asiassa lapsen oppimiseen ja koulunk\u00e4yntiin liittyvien asioiden selvittelyyn ja tukemiseen. Ty\u00f6n tavoitteena on edist\u00e4\u00e4 oppilaan tervett\u00e4 kasvua ja kehityst\u00e4. Koulupsykologin ty\u00f6h\u00f6n kuuluvat mm. ohjaus ja neuvonta, keskusteluavun tarjoaminen ja oppimisvaikeuksien arviointi. Koulupsykologi ty\u00f6skentelee yhteisty\u00f6ss\u00e4 oppilaiden, vanhempien ja koulun ty\u00f6ntekij\u00f6iden kanssa. Kuka tahansa edell\u00e4 mainituista voi ottaa yhteytt\u00e4 &hellip; <a href=\"https:\/\/keskipalokankoulu.net\/ops\/psykologin-ja-kuraattorin-palvelut\/\" class=\"more-link\">Continue reading <span class=\"screen-reader-text\">Psykologin ja kuraattorin palvelut<\/span> <span class=\"meta-nav\">&rarr;<\/span><\/a><\/p>\n","protected":false},"author":2,"featured_media":0,"parent":0,"menu_order":0,"comment_status":"closed","ping_status":"closed","template":"","meta":{"footnotes":""},"class_list":["post-140","page","type-page","status-publish","hentry"],"_links":{"self":[{"href":"https:\/\/keskipalokankoulu.net\/ops\/wp-json\/wp\/v2\/pages\/140","targetHints":{"allow":["GET"]}}],"collection":[{"href":"https:\/\/keskipalokankoulu.net\/ops\/wp-json\/wp\/v2\/pages"}],"about":[{"href":"https:\/\/keskipalokankoulu.net\/ops\/wp-json\/wp\/v2\/types\/page"}],"author":[{"embeddable":true,"href":"https:\/\/keskipalokankoulu.net\/ops\/wp-json\/wp\/v2\/users\/2"}],"replies":[{"embeddable":true,"href":"https:\/\/keskipalokankoulu.net\/ops\/wp-json\/wp\/v2\/comments?post=140"}],"version-history":[{"count":4,"href":"https:\/\/keskipalokankoulu.net\/ops\/wp-json\/wp\/v2\/pages\/140\/revisions"}],"predecessor-version":[{"id":1196,"href":"https:\/\/keskipalokankoulu.net\/ops\/wp-json\/wp\/v2\/pages\/140\/revisions\/1196"}],"wp:attachment":[{"href":"https:\/\/keskipalokankoulu.net\/ops\/wp-json\/wp\/v2\/media?parent=140"}],"curies":[{"name":"wp","href":"https:\/\/api.w.org\/{rel}","templated":true}]}}