{"id":133,"date":"2015-10-11T16:23:51","date_gmt":"2015-10-11T16:23:51","guid":{"rendered":"http:\/\/keskipalokankoulu.net\/ops\/?page_id=133"},"modified":"2026-04-07T09:55:57","modified_gmt":"2026-04-07T09:55:57","slug":"koulunkaynnin-ohjaajan-palvelut","status":"publish","type":"page","link":"https:\/\/keskipalokankoulu.net\/ops\/koulunkaynnin-ohjaajan-palvelut\/","title":{"rendered":"Koulunk\u00e4ynnin ohjaajan palvelut"},"content":{"rendered":"<p>Koulumme <b>koulunk\u00e4ynnin ohjaajat <\/b>yhteystietoineen l\u00f6ytyv\u00e4t <a href=\"https:\/\/peda.net\/jyvaskyla\/keski-palokankoulu\/yhteystiedot\">yhteystiedot<\/a> -sivulta. My\u00f6s erilaisia harjoitteluja suorittavat opiskelijat jne. voivat avustaa kouluty\u00f6ss\u00e4.<\/p>\n<p><b>Palvelu suunnataan ensisijaisesti niihin luokkiin, joissa oppilailla\/oppilaalla on erityisen tuen tarvetta.<\/b> Luokan erityisopettaja arvioi luokan koulunk\u00e4ynnin ohjaajan tarpeen. Ohjaajien esimiehen\u00e4 toimiva apulaisjohtaja hyv\u00e4ksyy ohjaajien ty\u00f6j\u00e4rjestykset opettajia ja ohjaajia kuultuaan. Ohjaajien luokkiin sijoittuminen p\u00e4\u00e4tet\u00e4\u00e4n yhdess\u00e4 lukuvuoden alussa ja tarkistetaan lukuvuoden aikana tilanteiden muuttuessa tai noin kuuden viikon v\u00e4lein.<\/p>\n<p>L\u00e4\u00e4k\u00e4rin tai psykologin kirjoittama lausunto avustajatarpeesta ei automaattisesti takaa sit\u00e4, ett\u00e4 oppilas saa ohjaajan palveluita.<\/p>\n<p>Haluamme rakentaa koulunk\u00e4ynnin ohjaajien ja harjoittelijoiden <b>ty\u00f6nkuvat<\/b> niin, ett\u00e4 jokaisen koulutus, vahvuudet ja kokemus voisivat n\u00e4ky\u00e4 h\u00e4nen toimenkuvassaan.<\/p>\n","protected":false},"excerpt":{"rendered":"<p>Koulumme koulunk\u00e4ynnin ohjaajat yhteystietoineen l\u00f6ytyv\u00e4t yhteystiedot -sivulta. My\u00f6s erilaisia harjoitteluja suorittavat opiskelijat jne. voivat avustaa kouluty\u00f6ss\u00e4. Palvelu suunnataan ensisijaisesti niihin luokkiin, joissa oppilailla\/oppilaalla on erityisen tuen tarvetta. Luokan erityisopettaja arvioi luokan koulunk\u00e4ynnin ohjaajan tarpeen. Ohjaajien esimiehen\u00e4 toimiva apulaisjohtaja hyv\u00e4ksyy ohjaajien ty\u00f6j\u00e4rjestykset opettajia ja ohjaajia kuultuaan. Ohjaajien luokkiin sijoittuminen p\u00e4\u00e4tet\u00e4\u00e4n yhdess\u00e4 lukuvuoden alussa ja tarkistetaan lukuvuoden &hellip; <a href=\"https:\/\/keskipalokankoulu.net\/ops\/koulunkaynnin-ohjaajan-palvelut\/\" class=\"more-link\">Continue reading <span class=\"screen-reader-text\">Koulunk\u00e4ynnin ohjaajan palvelut<\/span> <span class=\"meta-nav\">&rarr;<\/span><\/a><\/p>\n","protected":false},"author":2,"featured_media":0,"parent":0,"menu_order":0,"comment_status":"closed","ping_status":"closed","template":"","meta":{"footnotes":""},"class_list":["post-133","page","type-page","status-publish","hentry"],"_links":{"self":[{"href":"https:\/\/keskipalokankoulu.net\/ops\/wp-json\/wp\/v2\/pages\/133","targetHints":{"allow":["GET"]}}],"collection":[{"href":"https:\/\/keskipalokankoulu.net\/ops\/wp-json\/wp\/v2\/pages"}],"about":[{"href":"https:\/\/keskipalokankoulu.net\/ops\/wp-json\/wp\/v2\/types\/page"}],"author":[{"embeddable":true,"href":"https:\/\/keskipalokankoulu.net\/ops\/wp-json\/wp\/v2\/users\/2"}],"replies":[{"embeddable":true,"href":"https:\/\/keskipalokankoulu.net\/ops\/wp-json\/wp\/v2\/comments?post=133"}],"version-history":[{"count":6,"href":"https:\/\/keskipalokankoulu.net\/ops\/wp-json\/wp\/v2\/pages\/133\/revisions"}],"predecessor-version":[{"id":1374,"href":"https:\/\/keskipalokankoulu.net\/ops\/wp-json\/wp\/v2\/pages\/133\/revisions\/1374"}],"wp:attachment":[{"href":"https:\/\/keskipalokankoulu.net\/ops\/wp-json\/wp\/v2\/media?parent=133"}],"curies":[{"name":"wp","href":"https:\/\/api.w.org\/{rel}","templated":true}]}}