{"id":129,"date":"2015-10-11T16:20:28","date_gmt":"2015-10-11T16:20:28","guid":{"rendered":"http:\/\/keskipalokankoulu.net\/ops\/?page_id=129"},"modified":"2026-04-07T09:50:56","modified_gmt":"2026-04-07T09:50:56","slug":"tehostettu-ja-erityinen-tuki","status":"publish","type":"page","link":"https:\/\/keskipalokankoulu.net\/ops\/tehostettu-ja-erityinen-tuki\/","title":{"rendered":"Ryhm\u00e4kohtainen ja oppilaskohtainen tuki"},"content":{"rendered":"<p>Perusopetuksen tuen uudistus (perusopetuslain uudistus) astui voimaan 1.8.2025. Uudistus luopui aiemmasta kolmiportaisesta tuesta, jatkossa annetaan ryhm\u00e4kohtaista ja oppilaskohtaista tukea.<\/p>\n<p>Jyv\u00e4skyl\u00e4n kaupungin linjaukset on kuvattu sivulla <a href=\"https:\/\/peda.net\/jyvaskyla\/poske\/oppimisenjakoulunkaynnintuki\">https:\/\/peda.net\/jyvaskyla\/poske\/oppimisenjakoulunkaynnintuki<\/a><\/p>\n<p><b>Keski-Palokan koulun tukij\u00e4rjestelyt<\/b><\/p>\n<p><strong>Ryhm\u00e4kohtainen tuki<\/strong> koskee kaikkia oppilaita. Pyrimme siihen, ett\u00e4 ryhm\u00e4kohtainen tuki olisi niin vahvaa, ett\u00e4 sill\u00e4 mahdollisimman moni oppilas pystyisi oppimaan ja etenem\u00e4\u00e4n opinnoissaan. Mik\u00e4li ryhm\u00e4kohtainen tuki ei ole oppilaan tarpeisiin n\u00e4hden riitt\u00e4v\u00e4\u00e4, oppilaalle annetaan <strong>oppilaskohtaista<\/strong> tukea.<\/p>\n<p>Oppilaan ja luokan tarvitsemaa<b> tuen m\u00e4\u00e4r\u00e4\u00e4 ja laajuutta arvioivat luokkaa opettavat opettajat <\/b>yhdess\u00e4 jatkuvasti. Samoin yksitt\u00e4isen oppilaan kohdalla havainnointi, arviointi ja p\u00e4ivitt\u00e4iset tukitoimet toteutetaan opettajien ja koulunk\u00e4ynnin ohjaajien\/avustajien v\u00e4lisen yhteisty\u00f6n keinoilla. Jatkuvaan arviointiin pohjautuva tuen m\u00e4\u00e4r\u00e4 ja laatu voivat vaihdella eri luokkien v\u00e4lill\u00e4, samoin se voi vaihdella lukuvuoden sis\u00e4ll\u00e4 huomattavastikin.<\/p>\n<p>Tukea oppimiseen voi koulussamme saada omassa l<b>uokassa, pienryhmiss\u00e4 tai yksil\u00f6llisesti<\/b>. My\u00f6s rinnakkaisluokkien v\u00e4lisi\u00e4 <b>ryhmittelyj\u00e4<\/b> k\u00e4ytet\u00e4\u00e4n eriytt\u00e4miseen esim. \u00e4idinkieless\u00e4 ja matematiikassa. Koulussa on ollut jo useita vuosia laajasti k\u00e4yt\u00f6ss\u00e4 <b>yhteisopetuksen<\/b> tukimuoto, joka tarkoittaa sit\u00e4, ett\u00e4 luokanopettaja ja erityisopettaja opettavat samassa tilassa kaikkia luokan oppilaita. Erityisopettajien ty\u00f6njako on kuvattu <a href=\"https:\/\/peda.net\/jyvaskyla\/keski-palokankoulu\/yhteystiedot\">henkil\u00f6kunta<\/a> -sivulla.<\/p>\n<p>Kahden aikuisen ty\u00f6skentely samojen oppilaiden kanssa on osoittautunut hyv\u00e4ksi keinoksi edist\u00e4\u00e4 oppilaiden yhteenkuuluvaisuutta ja vastuuntuntoa. Opettajille se on antanut mahdollisuuden suunnitella, toteuttaa ja arvioida oppimista ja koulunk\u00e4ynti\u00e4 toisaalta yksitt\u00e4isen oppilaan tuen tarpeiden n\u00e4k\u00f6kulmasta, toisaalta koko luokan huolenpidon n\u00e4k\u00f6kulmasta.<\/p>\n<p><a href=\"https:\/\/eperusteet.opintopolku.fi\/#\/fi\/perusopetus\/419550\/tekstikappale\/430064\">Perusopetuksen opetussuunnitelman perusteet 2014: Oppimisen ja koulunk\u00e4ynnin tuki<\/a><\/p>\n","protected":false},"excerpt":{"rendered":"<p>Perusopetuksen tuen uudistus (perusopetuslain uudistus) astui voimaan 1.8.2025. Uudistus luopui aiemmasta kolmiportaisesta tuesta, jatkossa annetaan ryhm\u00e4kohtaista ja oppilaskohtaista tukea. Jyv\u00e4skyl\u00e4n kaupungin linjaukset on kuvattu sivulla https:\/\/peda.net\/jyvaskyla\/poske\/oppimisenjakoulunkaynnintuki Keski-Palokan koulun tukij\u00e4rjestelyt Ryhm\u00e4kohtainen tuki koskee kaikkia oppilaita. Pyrimme siihen, ett\u00e4 ryhm\u00e4kohtainen tuki olisi niin vahvaa, ett\u00e4 sill\u00e4 mahdollisimman moni oppilas pystyisi oppimaan ja etenem\u00e4\u00e4n opinnoissaan. Mik\u00e4li ryhm\u00e4kohtainen tuki &hellip; <a href=\"https:\/\/keskipalokankoulu.net\/ops\/tehostettu-ja-erityinen-tuki\/\" class=\"more-link\">Continue reading <span class=\"screen-reader-text\">Ryhm\u00e4kohtainen ja oppilaskohtainen tuki<\/span> <span class=\"meta-nav\">&rarr;<\/span><\/a><\/p>\n","protected":false},"author":2,"featured_media":0,"parent":0,"menu_order":0,"comment_status":"closed","ping_status":"closed","template":"","meta":{"footnotes":""},"class_list":["post-129","page","type-page","status-publish","hentry"],"_links":{"self":[{"href":"https:\/\/keskipalokankoulu.net\/ops\/wp-json\/wp\/v2\/pages\/129","targetHints":{"allow":["GET"]}}],"collection":[{"href":"https:\/\/keskipalokankoulu.net\/ops\/wp-json\/wp\/v2\/pages"}],"about":[{"href":"https:\/\/keskipalokankoulu.net\/ops\/wp-json\/wp\/v2\/types\/page"}],"author":[{"embeddable":true,"href":"https:\/\/keskipalokankoulu.net\/ops\/wp-json\/wp\/v2\/users\/2"}],"replies":[{"embeddable":true,"href":"https:\/\/keskipalokankoulu.net\/ops\/wp-json\/wp\/v2\/comments?post=129"}],"version-history":[{"count":10,"href":"https:\/\/keskipalokankoulu.net\/ops\/wp-json\/wp\/v2\/pages\/129\/revisions"}],"predecessor-version":[{"id":1373,"href":"https:\/\/keskipalokankoulu.net\/ops\/wp-json\/wp\/v2\/pages\/129\/revisions\/1373"}],"wp:attachment":[{"href":"https:\/\/keskipalokankoulu.net\/ops\/wp-json\/wp\/v2\/media?parent=129"}],"curies":[{"name":"wp","href":"https:\/\/api.w.org\/{rel}","templated":true}]}}