{"id":126,"date":"2015-10-11T16:12:16","date_gmt":"2015-10-11T16:12:16","guid":{"rendered":"http:\/\/keskipalokankoulu.net\/ops\/?page_id=126"},"modified":"2024-09-13T12:18:07","modified_gmt":"2024-09-13T12:18:07","slug":"terveydenhuolto","status":"publish","type":"page","link":"https:\/\/keskipalokankoulu.net\/ops\/terveydenhuolto\/","title":{"rendered":"Terveydenhuolto"},"content":{"rendered":"<p>Terveydenhoitaja on koululla arkip\u00e4ivisin.\u00a0Vastaanotto ilman ajanvarausta ma-pe klo 10\u201311 (Muina aikoina vain ajanvarauksella)<\/p>\n<p>Kouluterveydenhuolto on lakis\u00e4\u00e4teist\u00e4 ja maksutonta terveydenhuoltoa kaikille peruskoululaisille. Kouluterveydenhuollon tavoitteena on koko kouluyhteis\u00f6n hyvinvoinnin ja oppilaiden terveyden edist\u00e4minen sek\u00e4 terveen kasvun ja kehityksen tukeminen. Ty\u00f6t\u00e4 tehd\u00e4\u00e4n luottamuksellisesti yhdess\u00e4 oppilaiden, huoltajien, opettajien ja muun oppilashuollon henkil\u00f6st\u00f6n kanssa. Kouluterveydenhuollossa terveydenhoitaja tapaa oppilaat vuosittain. Lis\u00e4ksi l\u00e4\u00e4k\u00e4ri tapaa kaikki oppilaat 1., 5. ja 8.lk:lla. Vanhemmat kutsutaan 1., 5. ja 8.lk tarkastuksiin ja ovat tervetulleita aina halutessaan mukaan muihinkin tarkastuksiin.<\/p>\n<p>Tarvittaessa j\u00e4rjestet\u00e4\u00e4n lapsen tai nuoren terveydentilaan liittyvi\u00e4 yksil\u00f6llisen tarpeen mukaisia seurantak\u00e4yntej\u00e4, jotka suunnitellaan aina yhdess\u00e4 l\u00e4\u00e4k\u00e4rin tai terveydenhoitajan kanssa.\u00a0<strong>Huoltajien on kuitenkin itse hoidettava ajanvaraus n\u00e4ihin seurantak\u00e4ynteihin sovittuna ja suunniteltuna ajankohtana.\u00a0<\/strong>Ajanvarauksen voi tehd\u00e4 s\u00e4hk\u00f6isesti kouluterveydenhuollon verkkopalveluiden\u00a0kautta tai olemalla yhteydess\u00e4 oman koulun terveydenhoitajaan puhelimitse.<\/p>\n<p>Kouluterveydenhuollossa jatketaan neuvolassa aloitettua kansallista rokotusohjelmaa. Kouluik\u00e4isen rokotusohjelmaan kuuluvat 5. ja 6. luokan tarkastuksessa annettava HPV-rokote sek\u00e4 8. luokan terveystarkastuksessa tehostettava j\u00e4ykk\u00e4kouristus-kurkkum\u00e4t\u00e4-hinkuysk\u00e4 rokote. Kouluterveydenhuollossa rokotetaan vuosittaiset kausi-influenssarokotteet riskiryhmiin kuuluville lapsille ja nuorille.<\/p>\n<p>Sairaanhoito ei sis\u00e4lly kouluterveydenhuoltoon, vaan sairaanhoidolliset asiat hoidetaan omalla terveysasemalla. <strong>Vapaa-ajalla sattuneet tapaturmat, infektiotaudit ja pitk\u00e4aikaiset sairaudet tulee hoitaa omalla terveysasemalla. <\/strong><\/p>\n<p>Koulup\u00e4iv\u00e4n aikana sattuneissa tapaturmissa tai sairastumisissa otetaan yhteytt\u00e4 huoltajiin. T\u00e4m\u00e4n vuoksi on t\u00e4rke\u00e4\u00e4, ett\u00e4 koululla on huoltajien ajantasaiset yhteystiedot ja ett\u00e4 huoltajat ovat tallentaneet opettajan ja opiskeluhuollon toimijoiden puhelinnumerot omaan puhelimeensa. L\u00e4\u00e4k\u00e4rin ensiapua vaativat koulutapaturmat hoidetaan omalla terveysasemalla. Oppilaan kuljetuksista vastaavat ensisijaisesti huoltajat. Koulu vastaa oppilaasta, kunnes huoltajiin on saatu yhteytt\u00e4 ja jatkotoimenpiteist\u00e4 sovittu.<\/p>\n<p>Mik\u00e4li perheell\u00e4 her\u00e4\u00e4 huoli lapsen koulunk\u00e4yntiin tai hyvinvointiin liittyen, toivomme perheen ottavan yhteytt\u00e4 matalla kynnyksell\u00e4. Terveydenhoitaja osallistuu koulun yhteis\u00f6llisiin ja tarvittaessa yksil\u00f6llisiin oppilashuollollisiin tapaamisiin. Yksil\u00f6llisiss\u00e4 oppilashuollollisissa tapaamisissa mietit\u00e4\u00e4n yhdess\u00e4 perheen kanssa mahdollisia tukitoimia oppilaalle, jotta koulunk\u00e4ynti olisi sujuvaa ja mielek\u00e4st\u00e4.<\/p>\n<p>Lis\u00e4tietoa <a href=\"https:\/\/hyvaks.fi\/palvelumme\/kouluterveydenhuolto\">hyvinvointialueen kouluterveydenhoito -sivulta<\/a><\/p>\n<p>&nbsp;<\/p>\n\n\n<p><\/p>\n\n\n\n<p><\/p>\n\n\n\n<p><\/p>\n","protected":false},"excerpt":{"rendered":"<p>Terveydenhoitaja on koululla arkip\u00e4ivisin.\u00a0Vastaanotto ilman ajanvarausta ma-pe klo 10\u201311 (Muina aikoina vain ajanvarauksella) Kouluterveydenhuolto on lakis\u00e4\u00e4teist\u00e4 ja maksutonta terveydenhuoltoa kaikille peruskoululaisille. Kouluterveydenhuollon tavoitteena on koko kouluyhteis\u00f6n hyvinvoinnin ja oppilaiden terveyden edist\u00e4minen sek\u00e4 terveen kasvun ja kehityksen tukeminen. Ty\u00f6t\u00e4 tehd\u00e4\u00e4n luottamuksellisesti yhdess\u00e4 oppilaiden, huoltajien, opettajien ja muun oppilashuollon henkil\u00f6st\u00f6n kanssa. Kouluterveydenhuollossa terveydenhoitaja tapaa oppilaat vuosittain. Lis\u00e4ksi &hellip; <a href=\"https:\/\/keskipalokankoulu.net\/ops\/terveydenhuolto\/\" class=\"more-link\">Continue reading <span class=\"screen-reader-text\">Terveydenhuolto<\/span> <span class=\"meta-nav\">&rarr;<\/span><\/a><\/p>\n","protected":false},"author":2,"featured_media":0,"parent":0,"menu_order":0,"comment_status":"closed","ping_status":"closed","template":"","meta":{"footnotes":""},"class_list":["post-126","page","type-page","status-publish","hentry"],"_links":{"self":[{"href":"https:\/\/keskipalokankoulu.net\/ops\/wp-json\/wp\/v2\/pages\/126","targetHints":{"allow":["GET"]}}],"collection":[{"href":"https:\/\/keskipalokankoulu.net\/ops\/wp-json\/wp\/v2\/pages"}],"about":[{"href":"https:\/\/keskipalokankoulu.net\/ops\/wp-json\/wp\/v2\/types\/page"}],"author":[{"embeddable":true,"href":"https:\/\/keskipalokankoulu.net\/ops\/wp-json\/wp\/v2\/users\/2"}],"replies":[{"embeddable":true,"href":"https:\/\/keskipalokankoulu.net\/ops\/wp-json\/wp\/v2\/comments?post=126"}],"version-history":[{"count":19,"href":"https:\/\/keskipalokankoulu.net\/ops\/wp-json\/wp\/v2\/pages\/126\/revisions"}],"predecessor-version":[{"id":1259,"href":"https:\/\/keskipalokankoulu.net\/ops\/wp-json\/wp\/v2\/pages\/126\/revisions\/1259"}],"wp:attachment":[{"href":"https:\/\/keskipalokankoulu.net\/ops\/wp-json\/wp\/v2\/media?parent=126"}],"curies":[{"name":"wp","href":"https:\/\/api.w.org\/{rel}","templated":true}]}}