{"id":120,"date":"2015-10-11T16:05:13","date_gmt":"2015-10-11T16:05:13","guid":{"rendered":"http:\/\/keskipalokankoulu.net\/ops\/?page_id=120"},"modified":"2025-08-04T05:56:27","modified_gmt":"2025-08-04T05:56:27","slug":"kuljetus","status":"publish","type":"page","link":"https:\/\/keskipalokankoulu.net\/ops\/kuljetus\/","title":{"rendered":"Kuljetus"},"content":{"rendered":"<p>Koulukuljetukset j\u00e4rjestet\u00e4\u00e4n Sivistyslautakunnan hyv\u00e4ksym\u00e4n <a href=\"http:\/\/keskipalokankoulu.net\/ops\/wp-content\/uploads\/2015\/10\/Oppilaskuljetuss\u00e4\u00e4nt\u00f6-2014.pdf\">Oppilaskuljetuss\u00e4\u00e4nn\u00f6n<\/a><a href=\"http:\/\/www.keskipalokankoulu.net\/Oppilaskuljetuss%C3%A4%C3%A4nt%C3%B6%202014.PDF\" target=\"_blank\" rel=\"noopener noreferrer\">\u00a0<\/a>mukaisesti (Sivistyslautakunta 63\u00a7, 11.6.2014).<\/p>\n<p><a href=\"https:\/\/keskipalokankoulu.net\/ops\/wp-content\/uploads\/2025\/08\/kuljetuskooste-2025-2026.pdf\">kuljetuskooste 2025-2026<\/a><\/p>\n<p>Oppilas on oikeutettu koulukuljetukseen, mik\u00e4li<\/p>\n<ul>\n<li>1.-2. luokan oppilaan koulumatka ylitt\u00e4\u00e4 3,5 km<\/li>\n<li>3.-6. luokan oppilaan koulumatka ylitt\u00e4\u00e4 5 km<\/li>\n<li>terveydelliset syyt vaativat sit\u00e4 (p\u00e4\u00e4t\u00f6ksen pohjaksi tarvitaan asiantuntijalausunto: l\u00e4\u00e4k\u00e4rintodistus tai esim. psykologin lausunto)<\/li>\n<li>osa oppilaan koulumatkasta on vaaralliseksi m\u00e4\u00e4ritelty\u00e4 tieosuutta. Oppilaan koulumatkan arviointi liian vaikeaksi tai rasittavaksi, oppilaan ik\u00e4 ja terveys huomioon ottaen, tehd\u00e4\u00e4n asiantuntijalausuntojen perusteella lukuvuodeksi kerrallaan. Koulumatkan vaarallisuuden arvioinnissa k\u00e4ytet\u00e4\u00e4n apuna Koululiituohjelmistoa. Keski-Palokan koulun osalta t\u00e4ll\u00e4 hetkell\u00e4 vaarallisiksi tulkitaan:\n<ul>\n<li>E4-tie (oppilas ei saa ylitt\u00e4\u00e4 eik\u00e4 kulkea tien suunnassa)<\/li>\n<li>Saarenmaantie Elovainiontiest\u00e4 eteenp\u00e4in (oppilas saa kuitenkin kulkea linja-autopys\u00e4kille, ellei ylityskohta tai kulkukohta ole erityisen vaarallinen<\/li>\n<\/ul>\n<\/li>\n<\/ul>\n<p>Koulukuljetus j\u00e4rjestet\u00e4\u00e4n <strong>koulumatkan pituuden perusteella ilman erillist\u00e4 hakemusta<\/strong>. Muusta syyst\u00e4 (koulumatkan rasittavuus tai vaativuus, tien vaarallisuus tai koulumatkaan k\u00e4ytett\u00e4v\u00e4 aika) koulumatkaetuutta tai sen muutosta tulee huoltajan hakea erillisell\u00e4 hakemuksella. Kaupunki ei ole viel\u00e4 julkaissut hakulomaketta, joten <strong>huoltaja voi anoa kuljetusoikeutta vapaamuotoisesti rehtorilta esim. Wilma viestill\u00e4 tai kirjallisesti. <\/strong>P\u00e4\u00e4t\u00f6s tehd\u00e4\u00e4n enint\u00e4\u00e4n vuodeksi kerrallaan.<\/p>\n<p>Oppilaalla on oikeus koulukuljetukseen vain siihen <b>osoitteeseen, jossa h\u00e4n on kirjoilla.<\/b><\/p>\n<p>Mik\u00e4li oppilas <b>h\u00e4vitt\u00e4\u00e4 tai turmelee<\/b> linja-autokortin, h\u00e4nen t\u00e4ytyy ilmoittaa asiasta v\u00e4litt\u00f6m\u00e4sti koulusihteerille. Uuden kortin lunastaminen maksaa 3,5 euroa.<\/p>\n<p>Oppilaat, joilla ei ole kuljetusoikeutta, voivat halutessaan lunastaa matkahuollosta lukukausikortin. Ostaessa tarvitaan koulun antama todistus.<\/p>\n<p><b>Taksikuljetusyritt\u00e4j\u00e4n\u00e4 <\/b>toimii Jyv\u00e4sseudun taksiautot Oy, yhteyshenkil\u00f6n\u00e4 <b>Joonatan Kirvem\u00e4ki 050 411 3290.<\/b><b><\/b><\/p>\n<p>L\u00e4ht\u00f6paikka on kotia l\u00e4hinn\u00e4 sijaitseva tai erikseen sovittu linja-autopys\u00e4kki. Mik\u00e4li ko. tie on m\u00e4\u00e4ritelty vaaralliseksi, l\u00e4ht\u00f6paikka on turvalliseksi katsottu tienhaara. Koulun j\u00e4lkeen taksia odotetaan rauhallisesti taksin l\u00e4ht\u00f6paikalla.<\/p>\n<p>Mik\u00e4li koulup\u00e4iv\u00e4n pituus muuttuu, koulu ilmoittaa muutoksen taksille. <b>Huoltajan on ilmoitettava suoraan\u00a0 MunSchool-j\u00e4rjestelm\u00e4\u00e4n, mik\u00e4li oppilas on sairastunut tai ei\u00a0 muusta syyst\u00e4 tarvitse tilap\u00e4isesti taksikuljetusta.<\/b>\u00a0 Oppilaan huoltajalla on velvollisuus korvata turhasta taksiajosta koituneet kustannukset. Huoltajien t\u00e4ytyy ilmoittaa kouluun ja taksille my\u00f6s siit\u00e4, jos kuljetusoikeutettu oppilas osallistuu iltap\u00e4iv\u00e4toimintaan.<\/p>\n<p>Koulukuljetus ja sen odottaminen ovat kouluaikaa, eli koulun s\u00e4\u00e4nn\u00f6t ovat voimassa my\u00f6s koulukuljetuksessa.<\/p>\n","protected":false},"excerpt":{"rendered":"<p>Koulukuljetukset j\u00e4rjestet\u00e4\u00e4n Sivistyslautakunnan hyv\u00e4ksym\u00e4n Oppilaskuljetuss\u00e4\u00e4nn\u00f6n\u00a0mukaisesti (Sivistyslautakunta 63\u00a7, 11.6.2014). kuljetuskooste 2025-2026 Oppilas on oikeutettu koulukuljetukseen, mik\u00e4li 1.-2. luokan oppilaan koulumatka ylitt\u00e4\u00e4 3,5 km 3.-6. luokan oppilaan koulumatka ylitt\u00e4\u00e4 5 km terveydelliset syyt vaativat sit\u00e4 (p\u00e4\u00e4t\u00f6ksen pohjaksi tarvitaan asiantuntijalausunto: l\u00e4\u00e4k\u00e4rintodistus tai esim. psykologin lausunto) osa oppilaan koulumatkasta on vaaralliseksi m\u00e4\u00e4ritelty\u00e4 tieosuutta. Oppilaan koulumatkan arviointi liian vaikeaksi tai &hellip; <a href=\"https:\/\/keskipalokankoulu.net\/ops\/kuljetus\/\" class=\"more-link\">Continue reading <span class=\"screen-reader-text\">Kuljetus<\/span> <span class=\"meta-nav\">&rarr;<\/span><\/a><\/p>\n","protected":false},"author":2,"featured_media":0,"parent":0,"menu_order":0,"comment_status":"closed","ping_status":"closed","template":"","meta":{"footnotes":""},"class_list":["post-120","page","type-page","status-publish","hentry"],"_links":{"self":[{"href":"https:\/\/keskipalokankoulu.net\/ops\/wp-json\/wp\/v2\/pages\/120","targetHints":{"allow":["GET"]}}],"collection":[{"href":"https:\/\/keskipalokankoulu.net\/ops\/wp-json\/wp\/v2\/pages"}],"about":[{"href":"https:\/\/keskipalokankoulu.net\/ops\/wp-json\/wp\/v2\/types\/page"}],"author":[{"embeddable":true,"href":"https:\/\/keskipalokankoulu.net\/ops\/wp-json\/wp\/v2\/users\/2"}],"replies":[{"embeddable":true,"href":"https:\/\/keskipalokankoulu.net\/ops\/wp-json\/wp\/v2\/comments?post=120"}],"version-history":[{"count":23,"href":"https:\/\/keskipalokankoulu.net\/ops\/wp-json\/wp\/v2\/pages\/120\/revisions"}],"predecessor-version":[{"id":1293,"href":"https:\/\/keskipalokankoulu.net\/ops\/wp-json\/wp\/v2\/pages\/120\/revisions\/1293"}],"wp:attachment":[{"href":"https:\/\/keskipalokankoulu.net\/ops\/wp-json\/wp\/v2\/media?parent=120"}],"curies":[{"name":"wp","href":"https:\/\/api.w.org\/{rel}","templated":true}]}}