{"id":114,"date":"2015-10-11T15:58:39","date_gmt":"2015-10-11T15:58:39","guid":{"rendered":"http:\/\/keskipalokankoulu.net\/ops\/?page_id=114"},"modified":"2025-08-27T08:30:39","modified_gmt":"2025-08-27T08:30:39","slug":"oppimisen_arviointi","status":"publish","type":"page","link":"https:\/\/keskipalokankoulu.net\/ops\/oppimisen_arviointi\/","title":{"rendered":"Oppimisen arviointi"},"content":{"rendered":"<p>Noudatamme <a href=\"https:\/\/www.tavoitteet.fi\/fi\/jyvaskyla\/opetussuunnitelma\/22644783\/arviointi\/\">Jyv\u00e4skyl\u00e4n kaupungin opetussuunnitelman arviointilukua<\/a> oppilasarvioinnissa.<\/p>\n<p><strong>Arviointikeskustelut<\/strong> sijoittuvat koulussamme p\u00e4\u00e4s\u00e4\u00e4nt\u00f6isesti joulu-tammikuuhun.<\/p>\n<p><a href=\"https:\/\/eperusteet.opintopolku.fi\/#\/fi\/perusopetus\/419550\/tekstikappale\/429583\">Perusopetuksen opetussuunnitelman perusteet 2014: Arviointi<\/a><\/p>\n","protected":false},"excerpt":{"rendered":"<p>Noudatamme Jyv\u00e4skyl\u00e4n kaupungin opetussuunnitelman arviointilukua oppilasarvioinnissa. Arviointikeskustelut sijoittuvat koulussamme p\u00e4\u00e4s\u00e4\u00e4nt\u00f6isesti joulu-tammikuuhun. Perusopetuksen opetussuunnitelman perusteet 2014: Arviointi<\/p>\n","protected":false},"author":2,"featured_media":0,"parent":0,"menu_order":0,"comment_status":"closed","ping_status":"closed","template":"","meta":{"footnotes":""},"class_list":["post-114","page","type-page","status-publish","hentry"],"_links":{"self":[{"href":"https:\/\/keskipalokankoulu.net\/ops\/wp-json\/wp\/v2\/pages\/114","targetHints":{"allow":["GET"]}}],"collection":[{"href":"https:\/\/keskipalokankoulu.net\/ops\/wp-json\/wp\/v2\/pages"}],"about":[{"href":"https:\/\/keskipalokankoulu.net\/ops\/wp-json\/wp\/v2\/types\/page"}],"author":[{"embeddable":true,"href":"https:\/\/keskipalokankoulu.net\/ops\/wp-json\/wp\/v2\/users\/2"}],"replies":[{"embeddable":true,"href":"https:\/\/keskipalokankoulu.net\/ops\/wp-json\/wp\/v2\/comments?post=114"}],"version-history":[{"count":10,"href":"https:\/\/keskipalokankoulu.net\/ops\/wp-json\/wp\/v2\/pages\/114\/revisions"}],"predecessor-version":[{"id":1302,"href":"https:\/\/keskipalokankoulu.net\/ops\/wp-json\/wp\/v2\/pages\/114\/revisions\/1302"}],"wp:attachment":[{"href":"https:\/\/keskipalokankoulu.net\/ops\/wp-json\/wp\/v2\/media?parent=114"}],"curies":[{"name":"wp","href":"https:\/\/api.w.org\/{rel}","templated":true}]}}