{"id":110,"date":"2015-10-11T15:53:22","date_gmt":"2015-10-11T15:53:22","guid":{"rendered":"http:\/\/keskipalokankoulu.net\/ops\/?page_id=110"},"modified":"2025-09-01T09:26:03","modified_gmt":"2025-09-01T09:26:03","slug":"kerhot","status":"publish","type":"page","link":"https:\/\/keskipalokankoulu.net\/ops\/kerhot\/","title":{"rendered":"Harrastustoiminta"},"content":{"rendered":"<p>Keski-Palokan koulussa j\u00e4rjestet\u00e4\u00e4n harrastustoimintaa. Harrastustoiminnan j\u00e4rjest\u00e4mislaajuus riippuu saatavasta rahoituksesta. Suuri osa harrastustoiminnasta j\u00e4rjestet\u00e4\u00e4n yhdess\u00e4 Keski-Palokan koulun vanhempainyhdistys ry:n kanssa.<\/p>\n<p>J\u00e4rjestett\u00e4vist\u00e4 harrastetoiminnoista tiedotetaan huoltajille Wilman kautta.<\/p>\n<p>Harrastustoiminta kouluissa starttaa syyskuussa 16.9. alkavalla viikolla. Harrastusryhm\u00e4t j\u00e4rjestet\u00e4\u00e4n koulup\u00e4ivien yhteydess\u00e4 joko ennen koulup\u00e4iv\u00e4\u00e4 tai koulup\u00e4iv\u00e4n j\u00e4lkeen. Kouluissa tapahtuva harrastustoiminta on maksutonta ja osa\u00a0<a id=\"menurljv\" class=\"fui-Link ___1rxvrpe f2hkw1w f3rmtva f1ewtqcl fyind8e f1k6fduh f1w7gpdv fk6fouc fjoy568 figsok6 f1hu3pq6 f11qmguv f19f4twv f1tyq0we f1g0x7ka fhxju0i f1qch9an f1cnd47f fqv5qza f1vmzxwi f1o700av f13mvf36 f1cmlufx f9n3di6 f1ids18y f1tx3yz7 f1deo86v f1eh06m1 f1iescvh fhgqx19 f1olyrje f1p93eir f1nev41a f1h8hb77 f1lqvz6u f10aw75t fsle3fq f17ae5zn\" title=\"https:\/\/www.jyvaskyla.fi\/kaupunki-ja-paatoksenteko\/strategia-ja-kehittaminen\/hankkeet\/harrastamisen-suomen-malli\" href=\"https:\/\/www.jyvaskyla.fi\/kaupunki-ja-paatoksenteko\/strategia-ja-kehittaminen\/hankkeet\/harrastamisen-suomen-malli\" target=\"_blank\" rel=\"noreferrer noopener\" aria-label=\"Linkki Harrastamisen Suomen mallia\">Harrastamisen Suomen mallia<\/a>. Jyv\u00e4skyl\u00e4n kaupunki tarjoaa maksutonta vapaa-ajantoimintaa kouluilla tapahtuvan harrastustoiminnan lis\u00e4ksi my\u00f6s esimerkiksi nuoriso- ja liikuntatiloilla.\u00a0\u00a0<\/p>\n<p>Jos lapselta tai nuorelta puuttuu harrastus ja sen l\u00f6yt\u00e4miseen kaipaa apua, niin voi ottaa yhteytt\u00e4 allekirjoittaneeseen harrastusohjaajaan, joka voi auttaa oman harrastuksen l\u00f6ytymisess\u00e4.\u00a0<\/p>\n<p>Kouluissa j\u00e4rjestett\u00e4v\u00e4 harrastustoiminta kokoontuu p\u00e4\u00e4s\u00e4\u00e4nt\u00f6isesti\u00a0<strong>syyslukukaudella 8.9.\u20135.12.2025 ja kev\u00e4\u00e4ll\u00e4 12.1.\u20138.5.2026. <\/strong>Ryhmi\u00e4 ei j\u00e4rjestet\u00e4 koulujen loma-aikoina eik\u00e4 pyhin\u00e4. Koulujen loma-aikoina tapahtuva toiminta kootaan\u00a0<a id=\"menurlk1\" class=\"fui-Link ___1rxvrpe f2hkw1w f3rmtva f1ewtqcl fyind8e f1k6fduh f1w7gpdv fk6fouc fjoy568 figsok6 f1hu3pq6 f11qmguv f19f4twv f1tyq0we f1g0x7ka fhxju0i f1qch9an f1cnd47f fqv5qza f1vmzxwi f1o700av f13mvf36 f1cmlufx f9n3di6 f1ids18y f1tx3yz7 f1deo86v f1eh06m1 f1iescvh fhgqx19 f1olyrje f1p93eir f1nev41a f1h8hb77 f1lqvz6u f10aw75t fsle3fq f17ae5zn\" title=\"https:\/\/www.jyvaskyla.fi\/harrastukset\/lomalokki\" href=\"https:\/\/www.jyvaskyla.fi\/harrastukset\/lomalokki\" target=\"_blank\" rel=\"noreferrer noopener\" aria-label=\"Linkki Lomalokkiin\">Lomalokkiin<\/a>.\u00a0\u00a0<\/p>\n<p>Harrastustoiminta kootaan elo-syyskuun vaihteessa<a id=\"menurlk3\" class=\"fui-Link ___1rxvrpe f2hkw1w f3rmtva f1ewtqcl fyind8e f1k6fduh f1w7gpdv fk6fouc fjoy568 figsok6 f1hu3pq6 f11qmguv f19f4twv f1tyq0we f1g0x7ka fhxju0i f1qch9an f1cnd47f fqv5qza f1vmzxwi f1o700av f13mvf36 f1cmlufx f9n3di6 f1ids18y f1tx3yz7 f1deo86v f1eh06m1 f1iescvh fhgqx19 f1olyrje f1p93eir f1nev41a f1h8hb77 f1lqvz6u f10aw75t fsle3fq f17ae5zn\" title=\"http:\/\/www.jyvaskyla.fi\/harrastuslaturi\" href=\"http:\/\/www.jyvaskyla.fi\/harrastuslaturi\" target=\"_blank\" rel=\"noreferrer noopener\" aria-label=\"Linkki \u00a0HarrastusLaturiin\">\u00a0HarrastusLaturiin<\/a>. HarrastusLaturi on s\u00e4hk\u00f6inen kalenteri, jonka kautta p\u00e4\u00e4see etsim\u00e4\u00e4n kaupungin j\u00e4rjest\u00e4mi\u00e4 maksuttomia harrastuksia eri-ik\u00e4isille lapsille ja nuorille. Suositus on, ett\u00e4 jokainen lapsi tai nuori ilmoittautuisi ensisijaisesti vain yhteen ryhm\u00e4\u00e4n, jotta harrastuspaikkoja j\u00e4isi mahdollisimman monelle osallistujalle. Kannattaa tsekata oman koulun ryhmien lis\u00e4ksi my\u00f6s muualla tarjottava toiminta. Ryhm\u00e4t ovat avoimia kaikille, my\u00f6s yli koulurajojen. Ryhmi\u00e4 voi selailla kalenterissa mm. kaupunginosan tai kohdei\u00e4n mukaan. HarrastusLaturista l\u00f6ytyy my\u00f6s lasten ja perheiden\u00a0<a id=\"menurlk5\" class=\"fui-Link ___1rxvrpe f2hkw1w f3rmtva f1ewtqcl fyind8e f1k6fduh f1w7gpdv fk6fouc fjoy568 figsok6 f1hu3pq6 f11qmguv f19f4twv f1tyq0we f1g0x7ka fhxju0i f1qch9an f1cnd47f fqv5qza f1vmzxwi f1o700av f13mvf36 f1cmlufx f9n3di6 f1ids18y f1tx3yz7 f1deo86v f1eh06m1 f1iescvh fhgqx19 f1olyrje f1p93eir f1nev41a f1h8hb77 f1lqvz6u f10aw75t fsle3fq f17ae5zn\" title=\"http:\/\/www.jyvaskyla.fi\/liikuntaveturi\" href=\"http:\/\/www.jyvaskyla.fi\/liikuntaveturi\" target=\"_blank\" rel=\"noreferrer noopener\" aria-label=\"Linkki LiikuntaVeturin\">LiikuntaVeturin<\/a>\u00a0ja 13\u201319-vuotiaiden\u00a0<a id=\"menurlk7\" class=\"fui-Link ___1rxvrpe f2hkw1w f3rmtva f1ewtqcl fyind8e f1k6fduh f1w7gpdv fk6fouc fjoy568 figsok6 f1hu3pq6 f11qmguv f19f4twv f1tyq0we f1g0x7ka fhxju0i f1qch9an f1cnd47f fqv5qza f1vmzxwi f1o700av f13mvf36 f1cmlufx f9n3di6 f1ids18y f1tx3yz7 f1deo86v f1eh06m1 f1iescvh fhgqx19 f1olyrje f1p93eir f1nev41a f1h8hb77 f1lqvz6u f10aw75t fsle3fq f17ae5zn\" title=\"http:\/\/www.jyvaskyla.fi\/liikuntalaturi\" href=\"http:\/\/www.jyvaskyla.fi\/liikuntalaturi\" target=\"_blank\" rel=\"noreferrer noopener\" aria-label=\"Linkki LiikuntaLaturin\">LiikuntaLaturin<\/a>\u00a0ryhm\u00e4t sek\u00e4 erityist\u00e4 tukea tarvitseville lapsille suunnattua harrastustoimintaa.\u00a0<\/p>\n<p>Ryhmiin on p\u00e4\u00e4s\u00e4\u00e4nt\u00f6isesti\u00a0<strong>ennakkoilmoittautuminen<\/strong>, mik\u00e4 tapahtuu my\u00f6skin\u00a0<strong>HarrastusLaturin kautta keskiviikkona 3.9. klo 18.00 alkaen.<\/strong>\u00a0Ilmoittautumisryhmiss\u00e4 paikka perutaan s\u00e4hk\u00f6postiin tulleen vahvistusviestin kautta. Paikan peruminen on t\u00e4rke\u00e4\u00e4, koska mahdollinen jonossa olija saa vasta sen j\u00e4lkeen paikan. Mik\u00e4li osallistuja ei ota osaa harrastukseen kolmella per\u00e4tt\u00e4isell\u00e4 viikolla eik\u00e4 ilmoita, ett\u00e4 haluaisi kuitenkin jatkaa ryhm\u00e4ss\u00e4, niin voidaan h\u00e4nen ilmoittautumisensa poistaa. N\u00e4in ryhm\u00e4\u00e4n saadaan nostettua mahdollinen jonossa olija mukaan.\u00a0 Yksitt\u00e4isist\u00e4 poissaoloista ei tarvitse ilmoittaa.\u00a0<\/p>\n<p>&nbsp;<\/p>\n<p><strong><u>KESKI-PALOKAN\u00a0RYHM\u00c4T:<\/u><\/strong><\/p>\n<p><strong>MAANANTAI<\/strong><\/p>\n<p>B\u00e4ndikerho 4.-6. lk Keski-Palokka\u00a0(Musiikkiluokka) klo 14:15-15:15\u00a0<\/p>\n<p><strong>TIISTAI<\/strong><\/p>\n<p>Puuhakerho 1.-3. lk Keski-Palokka (huom! mik\u00e4 luokan numero?) klo 13-14<\/p>\n<p>Monitoimi 3.-6. lk Keski-Palokka (liikkasali) klo 14:15-15:15<\/p>\n<p>Palloilu 1.-3. lk Keski-Palokka (liikkasali) klo 14-15<\/p>\n<p>Cheerleading 1.-3. lk Keski-Palokka (liikkasali) klo 15-16<\/p>\n<p><strong>PERJANTAI<\/strong><\/p>\n<p>Mailapelit, 3.-6.lk, Keski-Palokka (liikkasali) klo 14-15<\/p>\n<p>Temppuilu, 1.-2.lk, Palokan voimisteluhalli klo 13:15-14:15<\/p>\n<p>Parkour ja akrobatia, 3.-6.lk, Palokan voimisteluhalli klo 14:15-15:15<\/p>\n<p>&nbsp;<\/p>\n<p>Johanna Karhunen, Palokan alueen harrastusohjaaja ja kouluPT, 040 669 7364,\u00a0 johanna.karhunen@jyvaskyla.fi<\/p>\n<p>Samuli Pentinniemi, muut kerhot<\/p>\n<p><b><span data-contrast=\"none\">Jyv\u00e4skyl\u00e4n kaupungin liikunta-, kulttuuri- ja nuorisopalvelujen ryhm\u00e4t<\/span><\/b><\/p>\n<p><a href=\"https:\/\/eperusteet.opintopolku.fi\/#\/fi\/perusopetus\/419550\/tekstikappale\/429581\"><span data-contrast=\"none\">Perusopetuksen opetussuunnitelman perusteet 2014: Opetuksen ja kasvatuksen tavoitteita tukeva muu toiminta<\/span><\/a><span data-ccp-props=\"{&quot;134233117&quot;:false,&quot;134233118&quot;:false,&quot;201341983&quot;:0,&quot;335559738&quot;:0,&quot;335559739&quot;:360,&quot;335559740&quot;:259}\">\u00a0<\/span><\/p>\n<p><span data-ccp-props=\"{&quot;201341983&quot;:0,&quot;335559739&quot;:160,&quot;335559740&quot;:259}\">\u00a0<\/span><\/p>\n\n\n<p><\/p>\n","protected":false},"excerpt":{"rendered":"<p>Keski-Palokan koulussa j\u00e4rjestet\u00e4\u00e4n harrastustoimintaa. Harrastustoiminnan j\u00e4rjest\u00e4mislaajuus riippuu saatavasta rahoituksesta. Suuri osa harrastustoiminnasta j\u00e4rjestet\u00e4\u00e4n yhdess\u00e4 Keski-Palokan koulun vanhempainyhdistys ry:n kanssa. J\u00e4rjestett\u00e4vist\u00e4 harrastetoiminnoista tiedotetaan huoltajille Wilman kautta. Harrastustoiminta kouluissa starttaa syyskuussa 16.9. alkavalla viikolla. Harrastusryhm\u00e4t j\u00e4rjestet\u00e4\u00e4n koulup\u00e4ivien yhteydess\u00e4 joko ennen koulup\u00e4iv\u00e4\u00e4 tai koulup\u00e4iv\u00e4n j\u00e4lkeen. Kouluissa tapahtuva harrastustoiminta on maksutonta ja osa\u00a0Harrastamisen Suomen mallia. Jyv\u00e4skyl\u00e4n kaupunki tarjoaa maksutonta &hellip; <a href=\"https:\/\/keskipalokankoulu.net\/ops\/kerhot\/\" class=\"more-link\">Continue reading <span class=\"screen-reader-text\">Harrastustoiminta<\/span> <span class=\"meta-nav\">&rarr;<\/span><\/a><\/p>\n","protected":false},"author":2,"featured_media":0,"parent":0,"menu_order":0,"comment_status":"closed","ping_status":"closed","template":"","meta":{"footnotes":""},"class_list":["post-110","page","type-page","status-publish","hentry"],"_links":{"self":[{"href":"https:\/\/keskipalokankoulu.net\/ops\/wp-json\/wp\/v2\/pages\/110","targetHints":{"allow":["GET"]}}],"collection":[{"href":"https:\/\/keskipalokankoulu.net\/ops\/wp-json\/wp\/v2\/pages"}],"about":[{"href":"https:\/\/keskipalokankoulu.net\/ops\/wp-json\/wp\/v2\/types\/page"}],"author":[{"embeddable":true,"href":"https:\/\/keskipalokankoulu.net\/ops\/wp-json\/wp\/v2\/users\/2"}],"replies":[{"embeddable":true,"href":"https:\/\/keskipalokankoulu.net\/ops\/wp-json\/wp\/v2\/comments?post=110"}],"version-history":[{"count":24,"href":"https:\/\/keskipalokankoulu.net\/ops\/wp-json\/wp\/v2\/pages\/110\/revisions"}],"predecessor-version":[{"id":1305,"href":"https:\/\/keskipalokankoulu.net\/ops\/wp-json\/wp\/v2\/pages\/110\/revisions\/1305"}],"wp:attachment":[{"href":"https:\/\/keskipalokankoulu.net\/ops\/wp-json\/wp\/v2\/media?parent=110"}],"curies":[{"name":"wp","href":"https:\/\/api.w.org\/{rel}","templated":true}]}}