{"id":107,"date":"2015-10-11T15:51:35","date_gmt":"2015-10-11T15:51:35","guid":{"rendered":"http:\/\/keskipalokankoulu.net\/ops\/?page_id=107"},"modified":"2019-01-28T12:10:48","modified_gmt":"2019-01-28T12:10:48","slug":"juhlat-ja-tapahtumat","status":"publish","type":"page","link":"https:\/\/keskipalokankoulu.net\/ops\/juhlat-ja-tapahtumat\/","title":{"rendered":"Juhlat ja tapahtumat"},"content":{"rendered":"<p>Koulun teht\u00e4v\u00e4 on tutustuttaa oppilaat <b>suomalaiseen kulttuuriin<\/b> ja opettaa heid\u00e4t arvostamaan sit\u00e4.<\/p>\n<p>Juhlat ovat <b>osa tapakasvatusta.<\/b> Juhlien valmistelu, juhlassa k\u00e4ytt\u00e4ytyminen, ohjelman suorittaminen ja esiintyj\u00e4n tyyliin sopiva kannustaminen kuuluvat koulun tapakasvatustavoitteisiin. Keskeinen tavoite juhlien j\u00e4rjest\u00e4misess\u00e4 on my\u00f6s eurooppalaisen &#8211; suomalaisen &#8211; keskisuomalaisen ja palokkalaisen<b> identiteetin vahvistaminen<\/b>.<\/p>\n<p>Juhlan ja sen valmistelun vuoksi tuntijakoa sovelletaan eheytt\u00e4v\u00e4sti ja ty\u00f6j\u00e4rjestysaikataulut voivat poiketa merkitt\u00e4v\u00e4stikin oppilaan normaalista lukuj\u00e4rjestyksest\u00e4.<\/p>\n<p>Koulun<b> juhlat p\u00e4\u00e4tet\u00e4\u00e4n <\/b>vuosisuunnitelmassa ja niist\u00e4 ilmoitetaan koulutiedote \u00c4lytaulussa tai muissa tiedotteissa.<\/p>\n","protected":false},"excerpt":{"rendered":"<p>Koulun teht\u00e4v\u00e4 on tutustuttaa oppilaat suomalaiseen kulttuuriin ja opettaa heid\u00e4t arvostamaan sit\u00e4. Juhlat ovat osa tapakasvatusta. Juhlien valmistelu, juhlassa k\u00e4ytt\u00e4ytyminen, ohjelman suorittaminen ja esiintyj\u00e4n tyyliin sopiva kannustaminen kuuluvat koulun tapakasvatustavoitteisiin. Keskeinen tavoite juhlien j\u00e4rjest\u00e4misess\u00e4 on my\u00f6s eurooppalaisen &#8211; suomalaisen &#8211; keskisuomalaisen ja palokkalaisen identiteetin vahvistaminen. Juhlan ja sen valmistelun vuoksi tuntijakoa sovelletaan eheytt\u00e4v\u00e4sti ja ty\u00f6j\u00e4rjestysaikataulut &hellip; <a href=\"https:\/\/keskipalokankoulu.net\/ops\/juhlat-ja-tapahtumat\/\" class=\"more-link\">Continue reading <span class=\"screen-reader-text\">Juhlat ja tapahtumat<\/span> <span class=\"meta-nav\">&rarr;<\/span><\/a><\/p>\n","protected":false},"author":2,"featured_media":0,"parent":0,"menu_order":0,"comment_status":"closed","ping_status":"closed","template":"","meta":{"footnotes":""},"class_list":["post-107","page","type-page","status-publish","hentry"],"_links":{"self":[{"href":"https:\/\/keskipalokankoulu.net\/ops\/wp-json\/wp\/v2\/pages\/107","targetHints":{"allow":["GET"]}}],"collection":[{"href":"https:\/\/keskipalokankoulu.net\/ops\/wp-json\/wp\/v2\/pages"}],"about":[{"href":"https:\/\/keskipalokankoulu.net\/ops\/wp-json\/wp\/v2\/types\/page"}],"author":[{"embeddable":true,"href":"https:\/\/keskipalokankoulu.net\/ops\/wp-json\/wp\/v2\/users\/2"}],"replies":[{"embeddable":true,"href":"https:\/\/keskipalokankoulu.net\/ops\/wp-json\/wp\/v2\/comments?post=107"}],"version-history":[{"count":2,"href":"https:\/\/keskipalokankoulu.net\/ops\/wp-json\/wp\/v2\/pages\/107\/revisions"}],"predecessor-version":[{"id":772,"href":"https:\/\/keskipalokankoulu.net\/ops\/wp-json\/wp\/v2\/pages\/107\/revisions\/772"}],"wp:attachment":[{"href":"https:\/\/keskipalokankoulu.net\/ops\/wp-json\/wp\/v2\/media?parent=107"}],"curies":[{"name":"wp","href":"https:\/\/api.w.org\/{rel}","templated":true}]}}