{"id":104,"date":"2015-10-11T15:49:47","date_gmt":"2015-10-11T15:49:47","guid":{"rendered":"http:\/\/keskipalokankoulu.net\/ops\/?page_id=104"},"modified":"2019-01-28T12:09:42","modified_gmt":"2019-01-28T12:09:42","slug":"tukiopetus","status":"publish","type":"page","link":"https:\/\/keskipalokankoulu.net\/ops\/tukiopetus\/","title":{"rendered":"Tukiopetus"},"content":{"rendered":"<p>Opiskelussa tilap\u00e4ist\u00e4 tukea tarvitsevalle oppilaalle j\u00e4rjestet\u00e4\u00e4n tukiopetusta.<\/p>\n<p>Tukiopetusta voidaan j\u00e4rjest\u00e4\u00e4 <b>erillisen\u00e4 yksityis- tai pienryhm\u00e4tuntina oppilaan koulutuntien ulkopuolella<\/b>. Tukiopetusta voidaan j\u00e4rjest\u00e4\u00e4 <b>my\u00f6s joustavilla opetusj\u00e4rjestelyill\u00e4.<\/b> Esimerkiksi jakotunnit voidaan j\u00e4rjest\u00e4\u00e4 tilap\u00e4isesti niin, ett\u00e4 toisessa ryhm\u00e4ss\u00e4 ovat oppilaat, jotka tarvitsevat oppiaineessa tukiopetusta. Oppilas voi osallistua <b>rinnakkaisluokan tunnille<\/b>, jossa k\u00e4sitell\u00e4\u00e4n asiaa, jossa h\u00e4n tarvitsee tukiopetusta.<\/p>\n<p><a href=\"https:\/\/eperusteet.opintopolku.fi\/#\/fi\/perusopetus\/419550\/tekstikappale\/432930\">Perusopetuksen opetussuunnitelman perusteet 2014: Tukiopetus<\/a><\/p>\n","protected":false},"excerpt":{"rendered":"<p>Opiskelussa tilap\u00e4ist\u00e4 tukea tarvitsevalle oppilaalle j\u00e4rjestet\u00e4\u00e4n tukiopetusta. Tukiopetusta voidaan j\u00e4rjest\u00e4\u00e4 erillisen\u00e4 yksityis- tai pienryhm\u00e4tuntina oppilaan koulutuntien ulkopuolella. Tukiopetusta voidaan j\u00e4rjest\u00e4\u00e4 my\u00f6s joustavilla opetusj\u00e4rjestelyill\u00e4. Esimerkiksi jakotunnit voidaan j\u00e4rjest\u00e4\u00e4 tilap\u00e4isesti niin, ett\u00e4 toisessa ryhm\u00e4ss\u00e4 ovat oppilaat, jotka tarvitsevat oppiaineessa tukiopetusta. Oppilas voi osallistua rinnakkaisluokan tunnille, jossa k\u00e4sitell\u00e4\u00e4n asiaa, jossa h\u00e4n tarvitsee tukiopetusta. Perusopetuksen opetussuunnitelman perusteet 2014: Tukiopetus<\/p>\n","protected":false},"author":2,"featured_media":0,"parent":0,"menu_order":0,"comment_status":"closed","ping_status":"closed","template":"","meta":{"footnotes":""},"class_list":["post-104","page","type-page","status-publish","hentry"],"_links":{"self":[{"href":"https:\/\/keskipalokankoulu.net\/ops\/wp-json\/wp\/v2\/pages\/104","targetHints":{"allow":["GET"]}}],"collection":[{"href":"https:\/\/keskipalokankoulu.net\/ops\/wp-json\/wp\/v2\/pages"}],"about":[{"href":"https:\/\/keskipalokankoulu.net\/ops\/wp-json\/wp\/v2\/types\/page"}],"author":[{"embeddable":true,"href":"https:\/\/keskipalokankoulu.net\/ops\/wp-json\/wp\/v2\/users\/2"}],"replies":[{"embeddable":true,"href":"https:\/\/keskipalokankoulu.net\/ops\/wp-json\/wp\/v2\/comments?post=104"}],"version-history":[{"count":4,"href":"https:\/\/keskipalokankoulu.net\/ops\/wp-json\/wp\/v2\/pages\/104\/revisions"}],"predecessor-version":[{"id":771,"href":"https:\/\/keskipalokankoulu.net\/ops\/wp-json\/wp\/v2\/pages\/104\/revisions\/771"}],"wp:attachment":[{"href":"https:\/\/keskipalokankoulu.net\/ops\/wp-json\/wp\/v2\/media?parent=104"}],"curies":[{"name":"wp","href":"https:\/\/api.w.org\/{rel}","templated":true}]}}