{"id":101,"date":"2015-10-11T15:47:18","date_gmt":"2015-10-11T15:47:18","guid":{"rendered":"http:\/\/keskipalokankoulu.net\/ops\/?page_id=101"},"modified":"2024-11-22T08:35:50","modified_gmt":"2024-11-22T08:35:50","slug":"eri-kulttuuri-ja-uskonnollisten-ryhmien-nakemysten-huomioiminen","status":"publish","type":"page","link":"https:\/\/keskipalokankoulu.net\/ops\/eri-kulttuuri-ja-uskonnollisten-ryhmien-nakemysten-huomioiminen\/","title":{"rendered":"Eri kulttuuri- ja uskonnollisten ryhmien n\u00e4kemysten huomioiminen"},"content":{"rendered":"<h3>Katsomusaineiden opetus<\/h3>\n<p>Jokaisen oppilaan kuuluu osallistua yhden katsomusaineen opetukseen. Evankelis-luterilaiseen kirkkoon kuuluvat oppilaat osallistuvat evankelis-luterilaiseen uskonnonopetukseen. Muihin uskonnollisiin yhdyskuntiin kuuluvilla oppilailla opetusta j\u00e4rjestet\u00e4\u00e4n vanhempien aloitteesta, mik\u00e4li uskontokuntaan kaupungissa kuuluu v\u00e4hint\u00e4\u00e4n kolme oppilasta.<\/p>\n<p>Vanhemman niin toivoessa uskontokuntiin kuulumaton oppilas voi osallistua my\u00f6s uskonnonopetukseen. Muussa tapauksessa uskontokuntiin kuulumattomat oppilaat tai oppilaat, joiden uskontokunnan mukaista opetusta ei j\u00e4rjestet\u00e4 osallistuvat el\u00e4m\u00e4nkatsomustiedon opetukseen.<\/p>\n<h3>Musiikki ja kuvataide eri kulttuuri- ja uskontotaustoissa<\/h3>\n<p>Esim. musiikissa ja kuvataiteessa on osa-alueita, jotka perustuvat kristilliseen perinteeseen. My\u00f6s esim. kevyess\u00e4 musiikissa on my\u00f6s osa-alueita, joiden opiskeluun mm. osa muslimeista ja lestadiolaisen her\u00e4tysliikkeen j\u00e4senist\u00e4 eiv\u00e4t haluaisi osallistua.<\/p>\n<p>Koulun teht\u00e4v\u00e4 on antaa oppilaille laaja yleissivistys. Esim. kristillistaustaiset joululaulut ovat osa suomalaista ja l\u00e4nsimaista kulttuuriperint\u00f6\u00e4. Kulttuuriperint\u00f6\u00f6n tutustuminen ei ole uskonnon harjoittamista, eli esim. joululaulujen laulamisen ajaksi ei j\u00e4rjestet\u00e4 korvaavaa ohjelmaa. Kuitenkaan kenenk\u00e4\u00e4n ei tarvitse esim. laulaa laulua, jota ei vakaumuksellisesta syyt\u00e4 halua laulaa.<\/p>\n<p>Mik\u00e4li oppilaan huoltaja haluaa kielt\u00e4\u00e4 tai rajoittaa lapsensa osallistumista musiikin-tai kuvataiteen opetukseen, neuvotellaan asiasta huoltajien kanssa ja keskustellaan opetuksen sis\u00e4ll\u00f6ist\u00e4 ja tavoitteista. Eritt\u00e4in perustellussa tilanteessa opetusta voidaan merkitt\u00e4v\u00e4sti eriytt\u00e4\u00e4 korvaavilla teht\u00e4vill\u00e4.<\/p>\n<h3>Liikunta eri kulttuuri- ja uskontotaustoissa<\/h3>\n<p>Koulussa saa k\u00e4ytt\u00e4\u00e4 esim. kansallispukua. On turvallisuuden vuoksi toivottavaa, ett\u00e4 liikuntatunneilla oppilas pukeutuu aina liikuntatunnin edellytt\u00e4m\u00e4ll\u00e4 tavalla. Kansallispuvun k\u00e4ytt\u00f6 ei ole peruste sille, ett\u00e4 osa oppim\u00e4\u00e4r\u00e4st\u00e4 (esim. telinevoimistelu, hiihto) j\u00e4isiv\u00e4t suorittamatta. Huoltajan kanssa erikseen sovittaessa oppilaalle voidaan my\u00f6nt\u00e4\u00e4 lupa k\u00e4ytt\u00e4\u00e4 kansallispukua my\u00f6s liikuntatunneilla.<\/p>\n<p>Mik\u00e4li oppilaan huoltaja haluaa kielt\u00e4\u00e4 lapsensa osallistumisen osaan liikunnanopetusta (tanssi, musiikkiliikunta tms.), neuvotellaan asiasta huoltajien kanssa ja selvitet\u00e4\u00e4n tarkemmin liikunnanopetuksen sis\u00e4lt\u00f6j\u00e4. Eritt\u00e4in perustellussa tilanteessa opetusta voidaan merkitt\u00e4v\u00e4sti eriytt\u00e4\u00e4 korvaavilla teht\u00e4vill\u00e4.<\/p>\n<h3>Uskonnollinen sis\u00e4lt\u00f6 koulun juhlissa<\/h3>\n<p><a href=\"http:\/\/keskipalokankoulu.net\/ops\/wp-content\/uploads\/2018\/11\/189009_ohje_perusopetuksen_uskonnon_ja_elamankatsomustiedon_seka_esiopetuksen_katso.pdf\">Opetushallituksen antamien ohjeiden<\/a>\u00a0mukaan esim. juhlaan liittyv\u00e4 yksitt\u00e4inen virsi ei ole uskonnon harjoittamista, vaan kuuluu osaksi kulttuuriperint\u00f6\u00e4mme. Juhlasta ei siis voi saada vapautusta sill\u00e4 perusteella, ett\u00e4 juhlassa lauletaan esim. suvivirsi. Yleens\u00e4 kev\u00e4\u00e4n juhlassa on mukana suvivirsi ja joulujuhlassa tai koulun lopetustilaisuudessa Enkeli taivaan -virsi.<\/p>\n<h3>Uskonnolliset tilaisuudet<\/h3>\n<p>Koulu tiedottaa huoltajille koulunk\u00e4yntiin liittyvist\u00e4 uskonnollisista tilaisuuksista. Koulussamme yhteisi\u00e4 uskonnollisia tilaisuuksia ovat ainakin seurakunnan pit\u00e4m\u00e4t p\u00e4iv\u00e4navaukset sek\u00e4 joulu- tai kev\u00e4tkirkko. Muista uskonnollisista tilaisuuksista tiedotetaan erikseen.<\/p>\n<p>Huoltajalla on oikeus ilmoittaa koululle, ett\u00e4 oppilas ei osallistu uskonnon harjoittamiseen. Opetushallituksen antamien ohjeiden mukaan uskonnonvapauslain tarkoitus on suojata kansalaista vieraan uskonnon harjoittamiselta, mutta ei rajata muiden oikeutta uskonnollisiin tilaisuuksiin.<\/p>\n","protected":false},"excerpt":{"rendered":"<p>Katsomusaineiden opetus Jokaisen oppilaan kuuluu osallistua yhden katsomusaineen opetukseen. Evankelis-luterilaiseen kirkkoon kuuluvat oppilaat osallistuvat evankelis-luterilaiseen uskonnonopetukseen. Muihin uskonnollisiin yhdyskuntiin kuuluvilla oppilailla opetusta j\u00e4rjestet\u00e4\u00e4n vanhempien aloitteesta, mik\u00e4li uskontokuntaan kaupungissa kuuluu v\u00e4hint\u00e4\u00e4n kolme oppilasta. Vanhemman niin toivoessa uskontokuntiin kuulumaton oppilas voi osallistua my\u00f6s uskonnonopetukseen. Muussa tapauksessa uskontokuntiin kuulumattomat oppilaat tai oppilaat, joiden uskontokunnan mukaista opetusta ei j\u00e4rjestet\u00e4 &hellip; <a href=\"https:\/\/keskipalokankoulu.net\/ops\/eri-kulttuuri-ja-uskonnollisten-ryhmien-nakemysten-huomioiminen\/\" class=\"more-link\">Continue reading <span class=\"screen-reader-text\">Eri kulttuuri- ja uskonnollisten ryhmien n\u00e4kemysten huomioiminen<\/span> <span class=\"meta-nav\">&rarr;<\/span><\/a><\/p>\n","protected":false},"author":2,"featured_media":0,"parent":0,"menu_order":0,"comment_status":"closed","ping_status":"closed","template":"","meta":{"footnotes":""},"class_list":["post-101","page","type-page","status-publish","hentry"],"_links":{"self":[{"href":"https:\/\/keskipalokankoulu.net\/ops\/wp-json\/wp\/v2\/pages\/101","targetHints":{"allow":["GET"]}}],"collection":[{"href":"https:\/\/keskipalokankoulu.net\/ops\/wp-json\/wp\/v2\/pages"}],"about":[{"href":"https:\/\/keskipalokankoulu.net\/ops\/wp-json\/wp\/v2\/types\/page"}],"author":[{"embeddable":true,"href":"https:\/\/keskipalokankoulu.net\/ops\/wp-json\/wp\/v2\/users\/2"}],"replies":[{"embeddable":true,"href":"https:\/\/keskipalokankoulu.net\/ops\/wp-json\/wp\/v2\/comments?post=101"}],"version-history":[{"count":6,"href":"https:\/\/keskipalokankoulu.net\/ops\/wp-json\/wp\/v2\/pages\/101\/revisions"}],"predecessor-version":[{"id":1273,"href":"https:\/\/keskipalokankoulu.net\/ops\/wp-json\/wp\/v2\/pages\/101\/revisions\/1273"}],"wp:attachment":[{"href":"https:\/\/keskipalokankoulu.net\/ops\/wp-json\/wp\/v2\/media?parent=101"}],"curies":[{"name":"wp","href":"https:\/\/api.w.org\/{rel}","templated":true}]}}